{"id":27892,"date":"2025-02-19T12:04:42","date_gmt":"2025-02-19T11:04:42","guid":{"rendered":"https:\/\/www.consulmartravel.com\/activities\/"},"modified":"2025-07-14T12:20:23","modified_gmt":"2025-07-14T10:20:23","slug":"activities","status":"publish","type":"page","link":"https:\/\/www.consulmartravel.com\/en\/activities\/","title":{"rendered":"Activities"},"content":{"rendered":"\t\t<div data-elementor-type=\"wp-page\" data-elementor-id=\"27892\" class=\"elementor elementor-27892 elementor-24768\">\n\t\t\t\t\t\t<section class=\"elementor-section elementor-top-section elementor-element elementor-element-24862f0 elementor-section-boxed elementor-section-height-default elementor-section-height-default sc_fly_static\" data-id=\"24862f0\" data-element_type=\"section\">\n\t\t\t\t\t\t<div class=\"elementor-container elementor-column-gap-extended\">\n\t\t\t\t\t<div class=\"elementor-column elementor-col-100 elementor-top-column elementor-element elementor-element-83d81c6 sc_content_align_inherit sc_layouts_column_icons_position_left sc_fly_static\" data-id=\"83d81c6\" data-element_type=\"column\">\n\t\t\t<div class=\"elementor-widget-wrap elementor-element-populated\">\n\t\t\t\t\t\t<div class=\"elementor-element elementor-element-4c2dae9 sc_fly_static elementor-widget elementor-widget-heading\" data-id=\"4c2dae9\" data-element_type=\"widget\" data-widget_type=\"heading.default\">\n\t\t\t\t<div class=\"elementor-widget-container\">\n\t\t\t\t\t<h2 class=\"elementor-heading-title elementor-size-default\">\ud83d\uddfa\ufe0fActivities in Guinea-Bissau and the Archipelago Bijag\u00f3s\ud83d\uddfa\ufe0f<\/h2>\t\t\t\t<\/div>\n\t\t\t\t<\/div>\n\t\t\t\t\t<\/div>\n\t\t<\/div>\n\t\t\t\t\t<\/div>\n\t\t<\/section>\n\t\t\t\t<section class=\"elementor-section elementor-top-section elementor-element elementor-element-e1b2d9b elementor-section-boxed elementor-section-height-default elementor-section-height-default sc_fly_static\" data-id=\"e1b2d9b\" data-element_type=\"section\">\n\t\t\t\t\t\t<div class=\"elementor-container elementor-column-gap-extended\">\n\t\t\t\t\t<div class=\"elementor-column elementor-col-100 elementor-top-column elementor-element elementor-element-48c08c4 sc_content_align_inherit sc_layouts_column_icons_position_left sc_fly_static\" data-id=\"48c08c4\" data-element_type=\"column\">\n\t\t\t<div class=\"elementor-widget-wrap elementor-element-populated\">\n\t\t\t\t\t\t<div class=\"elementor-element elementor-element-6b70d98 sc_height_tiny sc_fly_static elementor-widget elementor-widget-spacer\" data-id=\"6b70d98\" data-element_type=\"widget\" data-widget_type=\"spacer.default\">\n\t\t\t\t<div class=\"elementor-widget-container\">\n\t\t\t\t\t\t\t<div class=\"elementor-spacer\">\n\t\t\t<div class=\"elementor-spacer-inner\"><\/div>\n\t\t<\/div>\n\t\t\t\t\t\t<\/div>\n\t\t\t\t<\/div>\n\t\t\t\t\t<\/div>\n\t\t<\/div>\n\t\t\t\t\t<\/div>\n\t\t<\/section>\n\t\t\t\t<section class=\"elementor-section elementor-top-section elementor-element elementor-element-e801d75 elementor-section-boxed elementor-section-height-default elementor-section-height-default sc_fly_static\" data-id=\"e801d75\" data-element_type=\"section\">\n\t\t\t\t\t\t<div class=\"elementor-container elementor-column-gap-extended\">\n\t\t\t\t\t<div class=\"elementor-column elementor-col-100 elementor-top-column elementor-element elementor-element-49b96e0 sc_content_align_inherit sc_layouts_column_icons_position_left sc_fly_static\" data-id=\"49b96e0\" data-element_type=\"column\">\n\t\t\t<div class=\"elementor-widget-wrap elementor-element-populated\">\n\t\t\t\t\t\t<div class=\"elementor-element elementor-element-422b464 sc_fly_static elementor-widget elementor-widget-heading\" data-id=\"422b464\" data-element_type=\"widget\" data-widget_type=\"heading.default\">\n\t\t\t\t<div class=\"elementor-widget-container\">\n\t\t\t\t\t<h4 class=\"elementor-heading-title elementor-size-default\">Explore the best activities in Guinea-Bissau and Bijag\u00f3s Archipelago<\/h4>\t\t\t\t<\/div>\n\t\t\t\t<\/div>\n\t\t\t\t<div class=\"elementor-element elementor-element-0d6292d sc_height_tiny sc_fly_static elementor-widget elementor-widget-spacer\" data-id=\"0d6292d\" data-element_type=\"widget\" data-widget_type=\"spacer.default\">\n\t\t\t\t<div class=\"elementor-widget-container\">\n\t\t\t\t\t\t\t<div class=\"elementor-spacer\">\n\t\t\t<div class=\"elementor-spacer-inner\"><\/div>\n\t\t<\/div>\n\t\t\t\t\t\t<\/div>\n\t\t\t\t<\/div>\n\t\t\t\t<div class=\"elementor-element elementor-element-526f72e sc_fly_static elementor-widget elementor-widget-text-editor\" data-id=\"526f72e\" data-element_type=\"widget\" data-widget_type=\"text-editor.default\">\n\t\t\t\t<div class=\"elementor-widget-container\">\n\t\t\t\t\t\t\t\t\t<p class=\"\" data-start=\"221\" data-end=\"306\"><span style=\"color: #000000;\"><strong data-start=\"496\" data-end=\"558\">Activities in Guinea-Bissau and the Bijag\u00f3s Archipelago<\/strong> offer a unique immersion in the country&#8217;s nature, history and cultural diversity. From observing hippos and turtles in their natural habitat to hiking through jungles and mangroves, traditional fishing or visiting remote villages, each experience connects the traveler with the environment in a profound and respectful way. <\/span><\/p><h4 data-start=\"221\" data-end=\"306\"><span style=\"color: #000000;\">\ud83c\udf3f <a href=\"https:\/\/bissau.consulmartravel.com\/naturaleza\">Natural wealth<\/a><\/span><span style=\"color: #000000;\">\ud83c\udf3f<\/span><\/h4><p data-start=\"1161\" data-end=\"1494\"><span style=\"color: #000000;\">Guinea-Bissau stands out for its unique natural landscapes in West Africa. The Cufada lagoons, inland forests and coastal mangroves are home to exceptional biodiversity. The Bijag\u00f3s Archipelago, a UNESCO Biosphere Reserve, is a refuge for saltwater hippos and sea turtles. <a href=\"https:\/\/www.consulmartravel.com\/en\/speedboat\/\">Speedboat <\/a>excursions allow you to explore unspoiled islands where nature remains untouched.   <\/span><\/p><h4 data-start=\"337\" data-end=\"365\"><span style=\"color: #000000;\">\ud83c\udfdb\ufe0f <a href=\"https:\/\/bissau.consulmartravel.com\/historia\">Historic Heritage <\/a><\/span><span style=\"color: #000000;\">\ud83c\udfdb\ufe0f<\/span><\/h4><p><span style=\"color: #000000;\">Cities such as Bissau, Cacheu, Bolama and Bafat\u00e1 preserve traces of Portuguese colonization, Atlantic trade and the struggle for independence. Visiting their fortresses, cobblestone streets or emblematic squares gives an insight into the country&#8217;s past beyond the obvious. <\/span><\/p><h4 data-start=\"368\" data-end=\"396\"><span style=\"color: #000000;\">\ud83e\ude98 <a href=\"https:\/\/bissau.consulmartravel.com\/cultura\">Cultural authenticity<\/a><\/span><span style=\"color: #000000;\">\ud83e\ude98<\/span><\/h4><p><span style=\"color: #000000;\">In the villages or <em data-start=\"1950\" data-end=\"1960\">tabankas <\/em>it is possible to participate in or witness ancestral rituals, spiritual ceremonies and traditional dances. These experiences are not tourist spectacles, but living manifestations of a culture that remains firm and deeply rooted. <\/span><\/p><h4><span style=\"color: #000000;\">\ud83c\udfa3\ud83c\udfd6\ufe0f<a href=\"https:\/\/bissau.consulmartravel.com\/playas\">Beaches <\/a> and <a href=\"https:\/\/bissau.consulmartravel.com\/pescadeportiva\">sport fishing<\/a> \ud83c\udfd6\ufe0f\ud83c\udfa3<\/span><\/h4><p class=\"\" data-start=\"368\" data-end=\"396\"><span style=\"color: #000000;\">Sport fishing in Guinea-Bissau is an adventure in waters teeming with life. The areas around the islands are ideal for catching large species in a natural and virtually untouched environment. After the thrill of the sea, white sandy beaches and warm waters where time seems to stand still await you. They are perfect for disconnecting, surrounded by nature and absolute tranquillity.   <\/span><\/p>\t\t\t\t\t\t\t\t<\/div>\n\t\t\t\t<\/div>\n\t\t\t\t\t<\/div>\n\t\t<\/div>\n\t\t\t\t\t<\/div>\n\t\t<\/section>\n\t\t\t\t<section class=\"elementor-section elementor-top-section elementor-element elementor-element-03303ce elementor-section-boxed elementor-section-height-default elementor-section-height-default sc_fly_static\" data-id=\"03303ce\" data-element_type=\"section\">\n\t\t\t\t\t\t<div class=\"elementor-container elementor-column-gap-extended\">\n\t\t\t\t\t<div class=\"elementor-column elementor-col-100 elementor-top-column elementor-element elementor-element-445fb98 sc_content_align_inherit sc_layouts_column_icons_position_left sc_fly_static\" data-id=\"445fb98\" data-element_type=\"column\">\n\t\t\t<div class=\"elementor-widget-wrap elementor-element-populated\">\n\t\t\t\t\t\t<div class=\"elementor-element elementor-element-9ef828f sc_height_medium sc_fly_static elementor-widget elementor-widget-spacer\" data-id=\"9ef828f\" data-element_type=\"widget\" data-widget_type=\"spacer.default\">\n\t\t\t\t<div class=\"elementor-widget-container\">\n\t\t\t\t\t\t\t<div class=\"elementor-spacer\">\n\t\t\t<div class=\"elementor-spacer-inner\"><\/div>\n\t\t<\/div>\n\t\t\t\t\t\t<\/div>\n\t\t\t\t<\/div>\n\t\t\t\t\t<\/div>\n\t\t<\/div>\n\t\t\t\t\t<\/div>\n\t\t<\/section>\n\t\t\t\t<section class=\"elementor-section elementor-top-section elementor-element elementor-element-cf8641d elementor-section-boxed elementor-section-height-default elementor-section-height-default sc_fly_static\" data-id=\"cf8641d\" data-element_type=\"section\">\n\t\t\t\t\t\t<div class=\"elementor-container elementor-column-gap-extended\">\n\t\t\t\t\t<div class=\"elementor-column elementor-col-100 elementor-top-column elementor-element elementor-element-67bba5e sc_content_align_inherit sc_layouts_column_icons_position_left sc_fly_static\" data-id=\"67bba5e\" data-element_type=\"column\">\n\t\t\t<div class=\"elementor-widget-wrap elementor-element-populated\">\n\t\t\t\t\t\t<div class=\"elementor-element elementor-element-647d6ca sc_fly_static elementor-widget elementor-widget-trx_sc_services\" data-id=\"647d6ca\" data-element_type=\"widget\" data-widget_type=\"trx_sc_services.default\">\n\t\t\t\t<div class=\"elementor-widget-container\">\n\t\t\t\t\t<div class=\"sc_services sc_services_hover sc_services_featured_top sc_services_popup sc_post_details_popup\"><div class=\"sc_services_columns_wrap sc_item_columns sc_item_posts_container sc_item_columns_3 trx_addons_columns_wrap columns_padding_bottom\"><div class=\"trx_addons_column-1_3 \"><div data-post-id=\"27822\" class=\"sc_services_item sc_item_container post_container tilt_action with_content with_image sc_services_item_featured_none post-27822 cpt_services type-cpt_services status-publish has-post-thumbnail hentry cpt_services_group-activities\" data-post_id=\"27822\" data-post_type=\"cpt_services\">\r\n\t\t<div class=\"sc_services_item_content \" style=\"background-image: url(https:\/\/www.consulmartravel.com\/wp-content\/uploads\/2025\/01\/captura-840x472.png);\">\r\n\t\t\t\t<div class=\"sc_services_item_content_inner\">\r\n\t\t\t\t\t\t<h6 class=\"sc_services_item_title\"><a href=\"https:\/\/www.consulmartravel.com\/en\/services\/beaches\/\">Beaches<\/a><\/h6>\r\n\t\t\t<div class=\"sc_services_item_text\"><p>Ideal to relax and unwind<\/p>\n<\/div><\/div><a class=\"sc_services_item_link\" href=\"https:\/\/www.consulmartravel.com\/en\/services\/beaches\/\"><\/a><\/div><\/div><\/div><div class=\"trx_addons_column-1_3 \"><div data-post-id=\"27953\" class=\"sc_services_item sc_item_container post_container tilt_action with_content with_image sc_services_item_featured_none post-27953 cpt_services type-cpt_services status-publish has-post-thumbnail hentry cpt_services_group-activities\" data-post_id=\"27953\" data-post_type=\"cpt_services\">\r\n\t\t<div class=\"sc_services_item_content \" style=\"background-image: url(https:\/\/www.consulmartravel.com\/wp-content\/uploads\/2025\/01\/R-840x630.jpg);\">\r\n\t\t\t\t<div class=\"sc_services_item_content_inner\">\r\n\t\t\t\t\t\t<h6 class=\"sc_services_item_title\"><a href=\"https:\/\/www.consulmartravel.com\/en\/services\/history\/\">History<\/a><\/h6>\r\n\t\t\t<div class=\"sc_services_item_text\"><p>Historical legacy<\/p>\n<\/div><\/div><a class=\"sc_services_item_link\" href=\"https:\/\/www.consulmartravel.com\/en\/services\/history\/\"><\/a><\/div><\/div><\/div><div class=\"trx_addons_column-1_3 \"><div data-post-id=\"27958\" class=\"sc_services_item sc_item_container post_container tilt_action with_content with_image sc_services_item_featured_none post-27958 cpt_services type-cpt_services status-publish has-post-thumbnail hentry cpt_services_group-activities\" data-post_id=\"27958\" data-post_type=\"cpt_services\">\r\n\t\t<div class=\"sc_services_item_content \" style=\"background-image: url(https:\/\/www.consulmartravel.com\/wp-content\/uploads\/2025\/01\/IMG_0203-840x630.jpeg);\">\r\n\t\t\t\t<div class=\"sc_services_item_content_inner\">\r\n\t\t\t\t\t\t<h6 class=\"sc_services_item_title\"><a href=\"https:\/\/www.consulmartravel.com\/en\/services\/local-and-cultural-life\/\">Local and cultural life<\/a><\/h6>\r\n\t\t\t<div class=\"sc_services_item_text\"><p>Unique dances, rituals and festivities<\/p>\n<\/div><\/div><a class=\"sc_services_item_link\" href=\"https:\/\/www.consulmartravel.com\/en\/services\/local-and-cultural-life\/\"><\/a><\/div><\/div><\/div><div class=\"trx_addons_column-1_3 \"><div data-post-id=\"27959\" class=\"sc_services_item sc_item_container post_container tilt_action with_content with_image sc_services_item_featured_none post-27959 cpt_services type-cpt_services status-publish has-post-thumbnail hentry cpt_services_group-activities\" data-post_id=\"27959\" data-post_type=\"cpt_services\">\r\n\t\t<div class=\"sc_services_item_content \" style=\"background-image: url(https:\/\/www.consulmartravel.com\/wp-content\/uploads\/2025\/01\/0a6bb2d1-1d00-4895-8c85-2ed0ca70157f-840x1120.jpg);\">\r\n\t\t\t\t<div class=\"sc_services_item_content_inner\">\r\n\t\t\t\t\t\t<h6 class=\"sc_services_item_title\"><a href=\"https:\/\/www.consulmartravel.com\/en\/services\/sport-fishing\/\">Sport fishing<\/a><\/h6>\r\n\t\t\t<div class=\"sc_services_item_text\"><p>Great catches and unparalleled experience<\/p>\n<\/div><\/div><a class=\"sc_services_item_link\" href=\"https:\/\/www.consulmartravel.com\/en\/services\/sport-fishing\/\"><\/a><\/div><\/div><\/div><div class=\"trx_addons_column-1_3 \"><div data-post-id=\"27966\" class=\"sc_services_item sc_item_container post_container tilt_action with_content with_image sc_services_item_featured_none post-27966 cpt_services type-cpt_services status-publish has-post-thumbnail hentry cpt_services_group-activities\" data-post_id=\"27966\" data-post_type=\"cpt_services\">\r\n\t\t<div class=\"sc_services_item_content \" style=\"background-image: url(https:\/\/www.consulmartravel.com\/wp-content\/uploads\/2025\/02\/Poilao-840x559.jpg);\">\r\n\t\t\t\t<div class=\"sc_services_item_content_inner\">\r\n\t\t\t\t\t\t<h6 class=\"sc_services_item_title\"><a href=\"https:\/\/www.consulmartravel.com\/en\/services\/nature\/\">Nature<\/a><\/h6>\r\n\t\t\t<div class=\"sc_services_item_text\"><p>Wild nature in Guinea-Bissau<\/p>\n<\/div><\/div><a class=\"sc_services_item_link\" href=\"https:\/\/www.consulmartravel.com\/en\/services\/nature\/\"><\/a><\/div><\/div><\/div><\/div><\/div>\t\t\t\t<\/div>\n\t\t\t\t<\/div>\n\t\t\t\t<div class=\"elementor-element elementor-element-ef7e95e sc_height_medium sc_fly_static elementor-widget elementor-widget-spacer\" data-id=\"ef7e95e\" data-element_type=\"widget\" data-widget_type=\"spacer.default\">\n\t\t\t\t<div class=\"elementor-widget-container\">\n\t\t\t\t\t\t\t<div class=\"elementor-spacer\">\n\t\t\t<div class=\"elementor-spacer-inner\"><\/div>\n\t\t<\/div>\n\t\t\t\t\t\t<\/div>\n\t\t\t\t<\/div>\n\t\t\t\t\t<\/div>\n\t\t<\/div>\n\t\t\t\t\t<\/div>\n\t\t<\/section>\n\t\t\t\t<section class=\"elementor-section elementor-top-section elementor-element elementor-element-7b89efe elementor-section-boxed elementor-section-height-default elementor-section-height-default sc_fly_static\" data-id=\"7b89efe\" data-element_type=\"section\">\n\t\t\t\t\t\t<div class=\"elementor-container elementor-column-gap-extended\">\n\t\t\t\t\t<div class=\"elementor-column elementor-col-100 elementor-top-column elementor-element elementor-element-33cefbc sc_content_align_inherit sc_layouts_column_icons_position_left sc_fly_static\" data-id=\"33cefbc\" data-element_type=\"column\">\n\t\t\t<div class=\"elementor-widget-wrap elementor-element-populated\">\n\t\t\t\t\t\t<div class=\"elementor-element elementor-element-618ee7d elementor-button-success elementor-align-center sc_fly_static elementor-widget elementor-widget-button\" data-id=\"618ee7d\" data-element_type=\"widget\" data-widget_type=\"button.default\">\n\t\t\t\t<div class=\"elementor-widget-container\">\n\t\t\t\t\t\t\t\t\t<div class=\"elementor-button-wrapper\">\n\t\t\t\t\t<a class=\"elementor-button elementor-button-link elementor-size-sm\" href=\"https:\/\/form.jotform.com\/251744288205055\">\n\t\t\t\t\t\t<span class=\"elementor-button-content-wrapper\">\n\t\t\t\t\t\t\t\t\t<span class=\"elementor-button-text\">Leave your contact<\/span>\n\t\t\t\t\t<\/span>\n\t\t\t\t\t<\/a>\n\t\t\t\t<\/div>\n\t\t\t\t\t\t\t\t<\/div>\n\t\t\t\t<\/div>\n\t\t\t\t\t<\/div>\n\t\t<\/div>\n\t\t\t\t\t<\/div>\n\t\t<\/section>\n\t\t\t\t<\/div>\n\t\t","protected":false},"excerpt":{"rendered":"<p>\ud83d\uddfa\ufe0fActivities in Guinea-Bissau and the Archipelago Bijag\u00f3s\ud83d\uddfa\ufe0f Explore the best activities in Guinea-Bissau and Bijag\u00f3s Archipelago Activities in Guinea-Bissau and the Bijag\u00f3s Archipelago offer a unique immersion in the country&#8217;s&hellip;<\/p>\n","protected":false},"author":5,"featured_media":0,"parent":0,"menu_order":0,"comment_status":"closed","ping_status":"closed","template":"","meta":{"footnotes":""},"class_list":["post-27892","page","type-page","status-publish","hentry"],"yoast_head":"<!-- This site is optimized with the Yoast SEO plugin v25.5 - https:\/\/yoast.com\/wordpress\/plugins\/seo\/ -->\n<title>Activities - Consulmar Travelactividades en Guinea-Bissau y el Archipi\u00e9lago Bijag\u00f3s<\/title>\n<meta name=\"description\" content=\"Actividades en Guinea-Bissau y el Archipi\u00e9lago Bijag\u00f3s: excursiones en lancha, visitas guiadas y experiencias aut\u00e9nticas.\" \/>\n<meta name=\"robots\" content=\"index, follow, max-snippet:-1, max-image-preview:large, max-video-preview:-1\" \/>\n<link rel=\"canonical\" href=\"https:\/\/www.consulmartravel.com\/en\/activities\/\" \/>\n<meta property=\"og:locale\" content=\"en_US\" \/>\n<meta property=\"og:type\" content=\"article\" \/>\n<meta property=\"og:title\" content=\"Activities - Consulmar Travelactividades en Guinea-Bissau y el Archipi\u00e9lago Bijag\u00f3s\" \/>\n<meta property=\"og:description\" content=\"Actividades en Guinea-Bissau y el Archipi\u00e9lago Bijag\u00f3s: excursiones en lancha, visitas guiadas y experiencias aut\u00e9nticas.\" \/>\n<meta property=\"og:url\" content=\"https:\/\/www.consulmartravel.com\/en\/activities\/\" \/>\n<meta property=\"og:site_name\" content=\"Consulmar Travel\" \/>\n<meta property=\"article:modified_time\" content=\"2025-07-14T10:20:23+00:00\" \/>\n<meta name=\"twitter:card\" content=\"summary_large_image\" \/>\n<meta name=\"twitter:label1\" content=\"Est. reading time\" \/>\n\t<meta name=\"twitter:data1\" content=\"2 minutes\" \/>\n<script type=\"application\/ld+json\" class=\"yoast-schema-graph\">{\"@context\":\"https:\/\/schema.org\",\"@graph\":[{\"@type\":\"WebPage\",\"@id\":\"https:\/\/www.consulmartravel.com\/en\/activities\/\",\"url\":\"https:\/\/www.consulmartravel.com\/en\/activities\/\",\"name\":\"Activities - Consulmar Travelactividades en Guinea-Bissau y el Archipi\u00e9lago Bijag\u00f3s\",\"isPartOf\":{\"@id\":\"https:\/\/www.consulmartravel.com\/#website\"},\"datePublished\":\"2025-02-19T11:04:42+00:00\",\"dateModified\":\"2025-07-14T10:20:23+00:00\",\"description\":\"Actividades en Guinea-Bissau y el Archipi\u00e9lago Bijag\u00f3s: excursiones en lancha, visitas guiadas y experiencias aut\u00e9nticas.\",\"breadcrumb\":{\"@id\":\"https:\/\/www.consulmartravel.com\/en\/activities\/#breadcrumb\"},\"inLanguage\":\"en-US\",\"potentialAction\":[{\"@type\":\"ReadAction\",\"target\":[\"https:\/\/www.consulmartravel.com\/en\/activities\/\"]}]},{\"@type\":\"BreadcrumbList\",\"@id\":\"https:\/\/www.consulmartravel.com\/en\/activities\/#breadcrumb\",\"itemListElement\":[{\"@type\":\"ListItem\",\"position\":1,\"name\":\"Portada\",\"item\":\"https:\/\/www.consulmartravel.com\/\"},{\"@type\":\"ListItem\",\"position\":2,\"name\":\"Activities\"}]},{\"@type\":\"WebSite\",\"@id\":\"https:\/\/www.consulmartravel.com\/#website\",\"url\":\"https:\/\/www.consulmartravel.com\/\",\"name\":\"Consulmar Travel\",\"description\":\"Descubre la Magia de Guinea-Bissau y el Archipi\u00e9lago Bijag\u00f3s\",\"publisher\":{\"@id\":\"https:\/\/www.consulmartravel.com\/#organization\"},\"potentialAction\":[{\"@type\":\"SearchAction\",\"target\":{\"@type\":\"EntryPoint\",\"urlTemplate\":\"https:\/\/www.consulmartravel.com\/?s={search_term_string}\"},\"query-input\":{\"@type\":\"PropertyValueSpecification\",\"valueRequired\":true,\"valueName\":\"search_term_string\"}}],\"inLanguage\":\"en-US\"},{\"@type\":\"Organization\",\"@id\":\"https:\/\/www.consulmartravel.com\/#organization\",\"name\":\"Consulmar Travel\",\"url\":\"https:\/\/www.consulmartravel.com\/\",\"logo\":{\"@type\":\"ImageObject\",\"inLanguage\":\"en-US\",\"@id\":\"https:\/\/www.consulmartravel.com\/#\/schema\/logo\/image\/\",\"url\":\"https:\/\/www.consulmartravel.com\/wp-content\/uploads\/2025\/01\/Logo_2001_02.png\",\"contentUrl\":\"https:\/\/www.consulmartravel.com\/wp-content\/uploads\/2025\/01\/Logo_2001_02.png\",\"width\":2352,\"height\":1429,\"caption\":\"Consulmar Travel\"},\"image\":{\"@id\":\"https:\/\/www.consulmartravel.com\/#\/schema\/logo\/image\/\"},\"sameAs\":[\"https:\/\/www.instagram.com\/consulmar_travel\/\",\"https:\/\/www.youtube.com\/@consulmartravel\"]}]}<\/script>\n<!-- \/ Yoast SEO plugin. -->","yoast_head_json":{"title":"Activities - Consulmar Travelactividades en Guinea-Bissau y el Archipi\u00e9lago Bijag\u00f3s","description":"Actividades en Guinea-Bissau y el Archipi\u00e9lago Bijag\u00f3s: excursiones en lancha, visitas guiadas y experiencias aut\u00e9nticas.","robots":{"index":"index","follow":"follow","max-snippet":"max-snippet:-1","max-image-preview":"max-image-preview:large","max-video-preview":"max-video-preview:-1"},"canonical":"https:\/\/www.consulmartravel.com\/en\/activities\/","og_locale":"en_US","og_type":"article","og_title":"Activities - Consulmar Travelactividades en Guinea-Bissau y el Archipi\u00e9lago Bijag\u00f3s","og_description":"Actividades en Guinea-Bissau y el Archipi\u00e9lago Bijag\u00f3s: excursiones en lancha, visitas guiadas y experiencias aut\u00e9nticas.","og_url":"https:\/\/www.consulmartravel.com\/en\/activities\/","og_site_name":"Consulmar Travel","article_modified_time":"2025-07-14T10:20:23+00:00","twitter_card":"summary_large_image","twitter_misc":{"Est. reading time":"2 minutes"},"schema":{"@context":"https:\/\/schema.org","@graph":[{"@type":"WebPage","@id":"https:\/\/www.consulmartravel.com\/en\/activities\/","url":"https:\/\/www.consulmartravel.com\/en\/activities\/","name":"Activities - Consulmar Travelactividades en Guinea-Bissau y el Archipi\u00e9lago Bijag\u00f3s","isPartOf":{"@id":"https:\/\/www.consulmartravel.com\/#website"},"datePublished":"2025-02-19T11:04:42+00:00","dateModified":"2025-07-14T10:20:23+00:00","description":"Actividades en Guinea-Bissau y el Archipi\u00e9lago Bijag\u00f3s: excursiones en lancha, visitas guiadas y experiencias aut\u00e9nticas.","breadcrumb":{"@id":"https:\/\/www.consulmartravel.com\/en\/activities\/#breadcrumb"},"inLanguage":"en-US","potentialAction":[{"@type":"ReadAction","target":["https:\/\/www.consulmartravel.com\/en\/activities\/"]}]},{"@type":"BreadcrumbList","@id":"https:\/\/www.consulmartravel.com\/en\/activities\/#breadcrumb","itemListElement":[{"@type":"ListItem","position":1,"name":"Portada","item":"https:\/\/www.consulmartravel.com\/"},{"@type":"ListItem","position":2,"name":"Activities"}]},{"@type":"WebSite","@id":"https:\/\/www.consulmartravel.com\/#website","url":"https:\/\/www.consulmartravel.com\/","name":"Consulmar Travel","description":"Descubre la Magia de Guinea-Bissau y el Archipi\u00e9lago Bijag\u00f3s","publisher":{"@id":"https:\/\/www.consulmartravel.com\/#organization"},"potentialAction":[{"@type":"SearchAction","target":{"@type":"EntryPoint","urlTemplate":"https:\/\/www.consulmartravel.com\/?s={search_term_string}"},"query-input":{"@type":"PropertyValueSpecification","valueRequired":true,"valueName":"search_term_string"}}],"inLanguage":"en-US"},{"@type":"Organization","@id":"https:\/\/www.consulmartravel.com\/#organization","name":"Consulmar Travel","url":"https:\/\/www.consulmartravel.com\/","logo":{"@type":"ImageObject","inLanguage":"en-US","@id":"https:\/\/www.consulmartravel.com\/#\/schema\/logo\/image\/","url":"https:\/\/www.consulmartravel.com\/wp-content\/uploads\/2025\/01\/Logo_2001_02.png","contentUrl":"https:\/\/www.consulmartravel.com\/wp-content\/uploads\/2025\/01\/Logo_2001_02.png","width":2352,"height":1429,"caption":"Consulmar Travel"},"image":{"@id":"https:\/\/www.consulmartravel.com\/#\/schema\/logo\/image\/"},"sameAs":["https:\/\/www.instagram.com\/consulmar_travel\/","https:\/\/www.youtube.com\/@consulmartravel"]}]}},"_links":{"self":[{"href":"https:\/\/www.consulmartravel.com\/en\/wp-json\/wp\/v2\/pages\/27892","targetHints":{"allow":["GET"]}}],"collection":[{"href":"https:\/\/www.consulmartravel.com\/en\/wp-json\/wp\/v2\/pages"}],"about":[{"href":"https:\/\/www.consulmartravel.com\/en\/wp-json\/wp\/v2\/types\/page"}],"author":[{"embeddable":true,"href":"https:\/\/www.consulmartravel.com\/en\/wp-json\/wp\/v2\/users\/5"}],"replies":[{"embeddable":true,"href":"https:\/\/www.consulmartravel.com\/en\/wp-json\/wp\/v2\/comments?post=27892"}],"version-history":[{"count":3,"href":"https:\/\/www.consulmartravel.com\/en\/wp-json\/wp\/v2\/pages\/27892\/revisions"}],"predecessor-version":[{"id":27987,"href":"https:\/\/www.consulmartravel.com\/en\/wp-json\/wp\/v2\/pages\/27892\/revisions\/27987"}],"wp:attachment":[{"href":"https:\/\/www.consulmartravel.com\/en\/wp-json\/wp\/v2\/media?parent=27892"}],"curies":[{"name":"wp","href":"https:\/\/api.w.org\/{rel}","templated":true}]}}