{"id":27890,"date":"2025-02-19T12:04:42","date_gmt":"2025-02-19T11:04:42","guid":{"rendered":"https:\/\/www.consulmartravel.com\/activites\/"},"modified":"2025-07-13T21:03:48","modified_gmt":"2025-07-13T19:03:48","slug":"activites","status":"publish","type":"page","link":"https:\/\/www.consulmartravel.com\/fr\/activites\/","title":{"rendered":"Activit\u00e9s"},"content":{"rendered":"\t\t<div data-elementor-type=\"wp-page\" data-elementor-id=\"27890\" class=\"elementor elementor-27890 elementor-24768\">\n\t\t\t\t\t\t<section class=\"elementor-section elementor-top-section elementor-element elementor-element-24862f0 elementor-section-boxed elementor-section-height-default elementor-section-height-default sc_fly_static\" data-id=\"24862f0\" data-element_type=\"section\">\n\t\t\t\t\t\t<div class=\"elementor-container elementor-column-gap-extended\">\n\t\t\t\t\t<div class=\"elementor-column elementor-col-100 elementor-top-column elementor-element elementor-element-83d81c6 sc_content_align_inherit sc_layouts_column_icons_position_left sc_fly_static\" data-id=\"83d81c6\" data-element_type=\"column\">\n\t\t\t<div class=\"elementor-widget-wrap elementor-element-populated\">\n\t\t\t\t\t\t<div class=\"elementor-element elementor-element-4c2dae9 sc_fly_static elementor-widget elementor-widget-heading\" data-id=\"4c2dae9\" data-element_type=\"widget\" data-widget_type=\"heading.default\">\n\t\t\t\t<div class=\"elementor-widget-container\">\n\t\t\t\t\t<h2 class=\"elementor-heading-title elementor-size-default\">\ud83d\uddfa\ufe0fActividades en Guin\u00e9e-Bissau et dans l'archipel Bijag\u00f3s\ud83d\uddfa\ufe0f<\/h2>\t\t\t\t<\/div>\n\t\t\t\t<\/div>\n\t\t\t\t\t<\/div>\n\t\t<\/div>\n\t\t\t\t\t<\/div>\n\t\t<\/section>\n\t\t\t\t<section class=\"elementor-section elementor-top-section elementor-element elementor-element-e1b2d9b elementor-section-boxed elementor-section-height-default elementor-section-height-default sc_fly_static\" data-id=\"e1b2d9b\" data-element_type=\"section\">\n\t\t\t\t\t\t<div class=\"elementor-container elementor-column-gap-extended\">\n\t\t\t\t\t<div class=\"elementor-column elementor-col-100 elementor-top-column elementor-element elementor-element-48c08c4 sc_content_align_inherit sc_layouts_column_icons_position_left sc_fly_static\" data-id=\"48c08c4\" data-element_type=\"column\">\n\t\t\t<div class=\"elementor-widget-wrap elementor-element-populated\">\n\t\t\t\t\t\t<div class=\"elementor-element elementor-element-6b70d98 sc_height_tiny sc_fly_static elementor-widget elementor-widget-spacer\" data-id=\"6b70d98\" data-element_type=\"widget\" data-widget_type=\"spacer.default\">\n\t\t\t\t<div class=\"elementor-widget-container\">\n\t\t\t\t\t\t\t<div class=\"elementor-spacer\">\n\t\t\t<div class=\"elementor-spacer-inner\"><\/div>\n\t\t<\/div>\n\t\t\t\t\t\t<\/div>\n\t\t\t\t<\/div>\n\t\t\t\t\t<\/div>\n\t\t<\/div>\n\t\t\t\t\t<\/div>\n\t\t<\/section>\n\t\t\t\t<section class=\"elementor-section elementor-top-section elementor-element elementor-element-e801d75 elementor-section-boxed elementor-section-height-default elementor-section-height-default sc_fly_static\" data-id=\"e801d75\" data-element_type=\"section\">\n\t\t\t\t\t\t<div class=\"elementor-container elementor-column-gap-extended\">\n\t\t\t\t\t<div class=\"elementor-column elementor-col-100 elementor-top-column elementor-element elementor-element-49b96e0 sc_content_align_inherit sc_layouts_column_icons_position_left sc_fly_static\" data-id=\"49b96e0\" data-element_type=\"column\">\n\t\t\t<div class=\"elementor-widget-wrap elementor-element-populated\">\n\t\t\t\t\t\t<div class=\"elementor-element elementor-element-422b464 sc_fly_static elementor-widget elementor-widget-heading\" data-id=\"422b464\" data-element_type=\"widget\" data-widget_type=\"heading.default\">\n\t\t\t\t<div class=\"elementor-widget-container\">\n\t\t\t\t\t<h4 class=\"elementor-heading-title elementor-size-default\">D\u00e9couvrez les meilleures activit\u00e9s en Guin\u00e9e-Bissau et dans l'archipel des Bijag\u00f3s<\/h4>\t\t\t\t<\/div>\n\t\t\t\t<\/div>\n\t\t\t\t<div class=\"elementor-element elementor-element-0d6292d sc_height_tiny sc_fly_static elementor-widget elementor-widget-spacer\" data-id=\"0d6292d\" data-element_type=\"widget\" data-widget_type=\"spacer.default\">\n\t\t\t\t<div class=\"elementor-widget-container\">\n\t\t\t\t\t\t\t<div class=\"elementor-spacer\">\n\t\t\t<div class=\"elementor-spacer-inner\"><\/div>\n\t\t<\/div>\n\t\t\t\t\t\t<\/div>\n\t\t\t\t<\/div>\n\t\t\t\t<div class=\"elementor-element elementor-element-526f72e sc_fly_static elementor-widget elementor-widget-text-editor\" data-id=\"526f72e\" data-element_type=\"widget\" data-widget_type=\"text-editor.default\">\n\t\t\t\t<div class=\"elementor-widget-container\">\n\t\t\t\t\t\t\t\t\t<p class=\"\" data-start=\"221\" data-end=\"306\"><span style=\"color: #000000;\"><strong data-start=\"496\" data-end=\"558\">Les activit\u00e9s en Guin\u00e9e-Bissau et dans l&rsquo;archipel des Bijag\u00f3s <\/strong>offrent une immersion unique dans la nature, l&rsquo;histoire et la diversit\u00e9 culturelle du pays. Qu&rsquo;il s&rsquo;agisse d&rsquo;observer des hippopotames et des tortues dans leur habitat naturel, de faire des randonn\u00e9es dans la jungle et les mangroves, de pratiquer la p\u00eache traditionnelle ou de visiter des villages isol\u00e9s, chaque exp\u00e9rience met le voyageur en contact avec l&rsquo;environnement d&rsquo;une mani\u00e8re profonde et respectueuse. <\/span><\/p><h4 data-start=\"221\" data-end=\"306\"><span style=\"color: #000000;\">\ud83c\udf3f <a href=\"https:\/\/bissau.consulmartravel.com\/naturaleza\">Natural wealth<\/a><\/span><span style=\"color: #000000;\">\ud83c\udf3f<\/span><\/h4><p data-start=\"1161\" data-end=\"1494\"><span style=\"color: #000000;\">La Guin\u00e9e-Bissau est connue pour ses paysages naturels uniques en Afrique de l&rsquo;Ouest. Les lagunes de Cufada, les for\u00eats int\u00e9rieures et les mangroves c\u00f4ti\u00e8res abritent une biodiversit\u00e9 exceptionnelle. L&rsquo;archipel de Bijag\u00f3s, class\u00e9 r\u00e9serve de biosph\u00e8re par l&rsquo;UNESCO, abrite des hippopotames d&rsquo;eau sal\u00e9e et des tortues de mer. Des excursions en <a href=\"https:\/\/www.consulmartravel.com\/fr\/bateau-a-moteur\/\">bateau rapide <\/a>permettent d&rsquo;explorer des \u00eeles pr\u00e9serv\u00e9es o\u00f9 la nature reste intacte.   <\/span><\/p><h4 data-start=\"337\" data-end=\"365\"><span style=\"color: #000000;\">\ud83c\udfdb\ufe0f <a href=\"https:\/\/bissau.consulmartravel.com\/historia\">Patrimoine hist\u00f3rica<\/a><\/span><span style=\"color: #000000;\">\ud83c\udfdb\ufe0f<\/span><\/h4><p><span style=\"color: #000000;\">Des villes comme Bissau, Cacheu, Bolama et Bafat\u00e1 conservent les traces de la colonisation portugaise, du commerce atlantique et de la lutte pour l&rsquo;ind\u00e9pendance. Une visite de leurs forteresses, de leurs rues pav\u00e9es ou de leurs places embl\u00e9matiques permet de d\u00e9couvrir le pass\u00e9 du pays au-del\u00e0 des apparences. <\/span><\/p><h4 data-start=\"368\" data-end=\"396\"><span style=\"color: #000000;\">\ud83e\ude98 <a href=\"https:\/\/bissau.consulmartravel.com\/cultura\">L&rsquo;authenticit\u00e9 culturelle<\/a><\/span><span style=\"color: #000000;\">\ud83e\ude98<\/span><\/h4><p><span style=\"color: #000000;\">Dans les villages ou <em data-start=\"1950\" data-end=\"1960\">tabankas<\/em>, il est possible de participer ou d&rsquo;assister \u00e0 des rituels ancestraux, des c\u00e9r\u00e9monies spirituelles et des danses traditionnelles. Ces exp\u00e9riences ne sont pas des spectacles touristiques, mais des manifestations vivantes d&rsquo;une culture qui reste forte et profond\u00e9ment enracin\u00e9e. <\/span><\/p><h4><span style=\"color: #000000;\">\ud83c\udfa3\ud83c\udfd6\ufe0f<a href=\"https:\/\/bissau.consulmartravel.com\/playas\">Playas<\/a> et <a href=\"https:\/\/bissau.consulmartravel.com\/pescadeportiva\"> la p\u00eache sportive <\/a>\ud83c\udfd6\ufe0f\ud83c\udfa3<\/span><\/h4><p class=\"\" data-start=\"368\" data-end=\"396\"><span style=\"color: #000000;\">La p\u00eache sportive en Guin\u00e9e-Bissau est une aventure dans des eaux pleines de vie. Les zones autour des \u00eeles sont id\u00e9ales pour attraper de grandes esp\u00e8ces dans un environnement naturel et pratiquement intact. Apr\u00e8s les sensations de la mer, des plages de sable blanc et des eaux chaudes o\u00f9 le temps semble s&rsquo;\u00eatre arr\u00eat\u00e9 vous attendent. Elles sont parfaites pour se d\u00e9connecter, entour\u00e9 de la nature et d&rsquo;une tranquillit\u00e9 absolue.   <\/span><\/p>\t\t\t\t\t\t\t\t<\/div>\n\t\t\t\t<\/div>\n\t\t\t\t\t<\/div>\n\t\t<\/div>\n\t\t\t\t\t<\/div>\n\t\t<\/section>\n\t\t\t\t<section class=\"elementor-section elementor-top-section elementor-element elementor-element-03303ce elementor-section-boxed elementor-section-height-default elementor-section-height-default sc_fly_static\" data-id=\"03303ce\" data-element_type=\"section\">\n\t\t\t\t\t\t<div class=\"elementor-container elementor-column-gap-extended\">\n\t\t\t\t\t<div class=\"elementor-column elementor-col-100 elementor-top-column elementor-element elementor-element-445fb98 sc_content_align_inherit sc_layouts_column_icons_position_left sc_fly_static\" data-id=\"445fb98\" data-element_type=\"column\">\n\t\t\t<div class=\"elementor-widget-wrap elementor-element-populated\">\n\t\t\t\t\t\t<div class=\"elementor-element elementor-element-9ef828f sc_height_medium sc_fly_static elementor-widget elementor-widget-spacer\" data-id=\"9ef828f\" data-element_type=\"widget\" data-widget_type=\"spacer.default\">\n\t\t\t\t<div class=\"elementor-widget-container\">\n\t\t\t\t\t\t\t<div class=\"elementor-spacer\">\n\t\t\t<div class=\"elementor-spacer-inner\"><\/div>\n\t\t<\/div>\n\t\t\t\t\t\t<\/div>\n\t\t\t\t<\/div>\n\t\t\t\t\t<\/div>\n\t\t<\/div>\n\t\t\t\t\t<\/div>\n\t\t<\/section>\n\t\t\t\t<section class=\"elementor-section elementor-top-section elementor-element elementor-element-cf8641d elementor-section-boxed elementor-section-height-default elementor-section-height-default sc_fly_static\" data-id=\"cf8641d\" data-element_type=\"section\">\n\t\t\t\t\t\t<div class=\"elementor-container elementor-column-gap-extended\">\n\t\t\t\t\t<div class=\"elementor-column elementor-col-100 elementor-top-column elementor-element elementor-element-67bba5e sc_content_align_inherit sc_layouts_column_icons_position_left sc_fly_static\" data-id=\"67bba5e\" data-element_type=\"column\">\n\t\t\t<div class=\"elementor-widget-wrap elementor-element-populated\">\n\t\t\t\t\t\t<div class=\"elementor-element elementor-element-647d6ca sc_fly_static elementor-widget elementor-widget-trx_sc_services\" data-id=\"647d6ca\" data-element_type=\"widget\" data-widget_type=\"trx_sc_services.default\">\n\t\t\t\t<div class=\"elementor-widget-container\">\n\t\t\t\t\t<div class=\"sc_services sc_services_hover sc_services_featured_top sc_services_popup sc_post_details_popup\"><div class=\"sc_services_columns_wrap sc_item_columns sc_item_posts_container sc_item_columns_3 trx_addons_columns_wrap columns_padding_bottom\"><div class=\"trx_addons_column-1_3 \"><div data-post-id=\"27826\" class=\"sc_services_item sc_item_container post_container tilt_action with_content with_image sc_services_item_featured_none post-27826 cpt_services type-cpt_services status-publish has-post-thumbnail hentry cpt_services_group-activities-fr\" data-post_id=\"27826\" data-post_type=\"cpt_services\">\r\n\t\t<div class=\"sc_services_item_content \" style=\"background-image: url(https:\/\/www.consulmartravel.com\/wp-content\/uploads\/2025\/01\/captura-840x472.png);\">\r\n\t\t\t\t<div class=\"sc_services_item_content_inner\">\r\n\t\t\t\t\t\t<h6 class=\"sc_services_item_title\"><a href=\"https:\/\/www.consulmartravel.com\/fr\/services\/plages\/\">Plages<\/a><\/h6>\r\n\t\t\t<div class=\"sc_services_item_text\"><p>Id\u00e9al pour se d\u00e9tendre et se relaxer<\/p>\n<\/div><\/div><a class=\"sc_services_item_link\" href=\"https:\/\/www.consulmartravel.com\/fr\/services\/plages\/\"><\/a><\/div><\/div><\/div><div class=\"trx_addons_column-1_3 \"><div data-post-id=\"27954\" class=\"sc_services_item sc_item_container post_container tilt_action with_content with_image sc_services_item_featured_none post-27954 cpt_services type-cpt_services status-publish has-post-thumbnail hentry cpt_services_group-activities-fr\" data-post_id=\"27954\" data-post_type=\"cpt_services\">\r\n\t\t<div class=\"sc_services_item_content \" style=\"background-image: url(https:\/\/www.consulmartravel.com\/wp-content\/uploads\/2025\/01\/R-840x630.jpg);\">\r\n\t\t\t\t<div class=\"sc_services_item_content_inner\">\r\n\t\t\t\t\t\t<h6 class=\"sc_services_item_title\"><a href=\"https:\/\/www.consulmartravel.com\/fr\/services\/lhistoire\/\">L&rsquo;histoire<\/a><\/h6>\r\n\t\t\t<div class=\"sc_services_item_text\"><p>H\u00e9ritage historique<\/p>\n<\/div><\/div><a class=\"sc_services_item_link\" href=\"https:\/\/www.consulmartravel.com\/fr\/services\/lhistoire\/\"><\/a><\/div><\/div><\/div><div class=\"trx_addons_column-1_3 \"><div data-post-id=\"27957\" class=\"sc_services_item sc_item_container post_container tilt_action with_content with_image sc_services_item_featured_none post-27957 cpt_services type-cpt_services status-publish has-post-thumbnail hentry cpt_services_group-activities-fr\" data-post_id=\"27957\" data-post_type=\"cpt_services\">\r\n\t\t<div class=\"sc_services_item_content \" style=\"background-image: url(https:\/\/www.consulmartravel.com\/wp-content\/uploads\/2025\/01\/IMG_0203-840x630.jpeg);\">\r\n\t\t\t\t<div class=\"sc_services_item_content_inner\">\r\n\t\t\t\t\t\t<h6 class=\"sc_services_item_title\"><a href=\"https:\/\/www.consulmartravel.com\/fr\/services\/vie-locale-et-culturelle\/\">Vie locale et culturelle<\/a><\/h6>\r\n\t\t\t<div class=\"sc_services_item_text\"><p>Des danses, des rituels et des festivit\u00e9s uniques<\/p>\n<\/div><\/div><a class=\"sc_services_item_link\" href=\"https:\/\/www.consulmartravel.com\/fr\/services\/vie-locale-et-culturelle\/\"><\/a><\/div><\/div><\/div><div class=\"trx_addons_column-1_3 \"><div data-post-id=\"27960\" class=\"sc_services_item sc_item_container post_container tilt_action with_content with_image sc_services_item_featured_none post-27960 cpt_services type-cpt_services status-publish has-post-thumbnail hentry cpt_services_group-activities-fr\" data-post_id=\"27960\" data-post_type=\"cpt_services\">\r\n\t\t<div class=\"sc_services_item_content \" style=\"background-image: url(https:\/\/www.consulmartravel.com\/wp-content\/uploads\/2025\/01\/0a6bb2d1-1d00-4895-8c85-2ed0ca70157f-840x1120.jpg);\">\r\n\t\t\t\t<div class=\"sc_services_item_content_inner\">\r\n\t\t\t\t\t\t<h6 class=\"sc_services_item_title\"><a href=\"https:\/\/www.consulmartravel.com\/fr\/services\/peche-sportive\/\">P\u00eache sportive<\/a><\/h6>\r\n\t\t\t<div class=\"sc_services_item_text\"><p>De superbes prises et une exp\u00e9rience in\u00e9gal\u00e9e<\/p>\n<\/div><\/div><a class=\"sc_services_item_link\" href=\"https:\/\/www.consulmartravel.com\/fr\/services\/peche-sportive\/\"><\/a><\/div><\/div><\/div><div class=\"trx_addons_column-1_3 \"><div data-post-id=\"27964\" class=\"sc_services_item sc_item_container post_container tilt_action with_content with_image sc_services_item_featured_none post-27964 cpt_services type-cpt_services status-publish has-post-thumbnail hentry cpt_services_group-activities-fr\" data-post_id=\"27964\" data-post_type=\"cpt_services\">\r\n\t\t<div class=\"sc_services_item_content \" style=\"background-image: url(https:\/\/www.consulmartravel.com\/wp-content\/uploads\/2025\/02\/Poilao-840x559.jpg);\">\r\n\t\t\t\t<div class=\"sc_services_item_content_inner\">\r\n\t\t\t\t\t\t<h6 class=\"sc_services_item_title\"><a href=\"https:\/\/www.consulmartravel.com\/fr\/services\/naturaleza\/\">Naturaleza<\/a><\/h6>\r\n\t\t\t<div class=\"sc_services_item_text\"><p>La nature sauvage en Guin\u00e9e-Bissau<\/p>\n<\/div><\/div><a class=\"sc_services_item_link\" href=\"https:\/\/www.consulmartravel.com\/fr\/services\/naturaleza\/\"><\/a><\/div><\/div><\/div><\/div><\/div>\t\t\t\t<\/div>\n\t\t\t\t<\/div>\n\t\t\t\t<div class=\"elementor-element elementor-element-ef7e95e sc_height_medium sc_fly_static elementor-widget elementor-widget-spacer\" data-id=\"ef7e95e\" data-element_type=\"widget\" data-widget_type=\"spacer.default\">\n\t\t\t\t<div class=\"elementor-widget-container\">\n\t\t\t\t\t\t\t<div class=\"elementor-spacer\">\n\t\t\t<div class=\"elementor-spacer-inner\"><\/div>\n\t\t<\/div>\n\t\t\t\t\t\t<\/div>\n\t\t\t\t<\/div>\n\t\t\t\t\t<\/div>\n\t\t<\/div>\n\t\t\t\t\t<\/div>\n\t\t<\/section>\n\t\t\t\t<section class=\"elementor-section elementor-top-section elementor-element elementor-element-7b89efe elementor-section-boxed elementor-section-height-default elementor-section-height-default sc_fly_static\" data-id=\"7b89efe\" data-element_type=\"section\">\n\t\t\t\t\t\t<div class=\"elementor-container elementor-column-gap-extended\">\n\t\t\t\t\t<div class=\"elementor-column elementor-col-100 elementor-top-column elementor-element elementor-element-33cefbc sc_content_align_inherit sc_layouts_column_icons_position_left sc_fly_static\" data-id=\"33cefbc\" data-element_type=\"column\">\n\t\t\t<div class=\"elementor-widget-wrap elementor-element-populated\">\n\t\t\t\t\t\t<div class=\"elementor-element elementor-element-618ee7d elementor-button-success elementor-align-center sc_fly_static elementor-widget elementor-widget-button\" data-id=\"618ee7d\" data-element_type=\"widget\" data-widget_type=\"button.default\">\n\t\t\t\t<div class=\"elementor-widget-container\">\n\t\t\t\t\t\t\t\t\t<div class=\"elementor-button-wrapper\">\n\t\t\t\t\t<a class=\"elementor-button elementor-button-link elementor-size-sm\" href=\"https:\/\/form.jotform.com\/251744288205055\">\n\t\t\t\t\t\t<span class=\"elementor-button-content-wrapper\">\n\t\t\t\t\t\t\t\t\t<span class=\"elementor-button-text\">Laissez votre contact<\/span>\n\t\t\t\t\t<\/span>\n\t\t\t\t\t<\/a>\n\t\t\t\t<\/div>\n\t\t\t\t\t\t\t\t<\/div>\n\t\t\t\t<\/div>\n\t\t\t\t\t<\/div>\n\t\t<\/div>\n\t\t\t\t\t<\/div>\n\t\t<\/section>\n\t\t\t\t<\/div>\n\t\t","protected":false},"excerpt":{"rendered":"<p>\ud83d\uddfa\ufe0fActividades en Guin\u00e9e-Bissau et dans l&rsquo;archipel Bijag\u00f3s\ud83d\uddfa\ufe0f D\u00e9couvrez les meilleures activit\u00e9s en Guin\u00e9e-Bissau et dans l&rsquo;archipel des Bijag\u00f3s Les activit\u00e9s en Guin\u00e9e-Bissau et dans l&rsquo;archipel des Bijag\u00f3s offrent une immersion&hellip;<\/p>\n","protected":false},"author":5,"featured_media":0,"parent":0,"menu_order":0,"comment_status":"closed","ping_status":"closed","template":"","meta":{"footnotes":""},"class_list":["post-27890","page","type-page","status-publish","hentry"],"yoast_head":"<!-- This site is optimized with the Yoast SEO plugin v25.5 - https:\/\/yoast.com\/wordpress\/plugins\/seo\/ -->\n<title>Activit\u00e9s - Consulmar Travelactividades en Guinea-Bissau y el Archipi\u00e9lago Bijag\u00f3s<\/title>\n<meta name=\"description\" content=\"Actividades en Guinea-Bissau y el Archipi\u00e9lago Bijag\u00f3s: excursiones en lancha, visitas guiadas y experiencias aut\u00e9nticas.\" \/>\n<meta name=\"robots\" content=\"index, follow, max-snippet:-1, max-image-preview:large, max-video-preview:-1\" \/>\n<link rel=\"canonical\" href=\"https:\/\/www.consulmartravel.com\/fr\/activites\/\" \/>\n<meta property=\"og:locale\" content=\"fr_FR\" \/>\n<meta property=\"og:type\" content=\"article\" \/>\n<meta property=\"og:title\" content=\"Activit\u00e9s - Consulmar Travelactividades en Guinea-Bissau y el Archipi\u00e9lago Bijag\u00f3s\" \/>\n<meta property=\"og:description\" content=\"Actividades en Guinea-Bissau y el Archipi\u00e9lago Bijag\u00f3s: excursiones en lancha, visitas guiadas y experiencias aut\u00e9nticas.\" \/>\n<meta property=\"og:url\" content=\"https:\/\/www.consulmartravel.com\/fr\/activites\/\" \/>\n<meta property=\"og:site_name\" content=\"Consulmar Travel\" \/>\n<meta property=\"article:modified_time\" content=\"2025-07-13T19:03:48+00:00\" \/>\n<meta name=\"twitter:card\" content=\"summary_large_image\" \/>\n<meta name=\"twitter:label1\" content=\"Dur\u00e9e de lecture estim\u00e9e\" \/>\n\t<meta name=\"twitter:data1\" content=\"2 minutes\" \/>\n<script type=\"application\/ld+json\" class=\"yoast-schema-graph\">{\"@context\":\"https:\/\/schema.org\",\"@graph\":[{\"@type\":\"WebPage\",\"@id\":\"https:\/\/www.consulmartravel.com\/fr\/activites\/\",\"url\":\"https:\/\/www.consulmartravel.com\/fr\/activites\/\",\"name\":\"Activit\u00e9s - Consulmar Travelactividades en Guinea-Bissau y el Archipi\u00e9lago Bijag\u00f3s\",\"isPartOf\":{\"@id\":\"https:\/\/www.consulmartravel.com\/#website\"},\"datePublished\":\"2025-02-19T11:04:42+00:00\",\"dateModified\":\"2025-07-13T19:03:48+00:00\",\"description\":\"Actividades en Guinea-Bissau y el Archipi\u00e9lago Bijag\u00f3s: excursiones en lancha, visitas guiadas y experiencias aut\u00e9nticas.\",\"breadcrumb\":{\"@id\":\"https:\/\/www.consulmartravel.com\/fr\/activites\/#breadcrumb\"},\"inLanguage\":\"fr-FR\",\"potentialAction\":[{\"@type\":\"ReadAction\",\"target\":[\"https:\/\/www.consulmartravel.com\/fr\/activites\/\"]}]},{\"@type\":\"BreadcrumbList\",\"@id\":\"https:\/\/www.consulmartravel.com\/fr\/activites\/#breadcrumb\",\"itemListElement\":[{\"@type\":\"ListItem\",\"position\":1,\"name\":\"Portada\",\"item\":\"https:\/\/www.consulmartravel.com\/\"},{\"@type\":\"ListItem\",\"position\":2,\"name\":\"Activit\u00e9s\"}]},{\"@type\":\"WebSite\",\"@id\":\"https:\/\/www.consulmartravel.com\/#website\",\"url\":\"https:\/\/www.consulmartravel.com\/\",\"name\":\"Consulmar Travel\",\"description\":\"Descubre la Magia de Guinea-Bissau y el Archipi\u00e9lago Bijag\u00f3s\",\"publisher\":{\"@id\":\"https:\/\/www.consulmartravel.com\/#organization\"},\"potentialAction\":[{\"@type\":\"SearchAction\",\"target\":{\"@type\":\"EntryPoint\",\"urlTemplate\":\"https:\/\/www.consulmartravel.com\/?s={search_term_string}\"},\"query-input\":{\"@type\":\"PropertyValueSpecification\",\"valueRequired\":true,\"valueName\":\"search_term_string\"}}],\"inLanguage\":\"fr-FR\"},{\"@type\":\"Organization\",\"@id\":\"https:\/\/www.consulmartravel.com\/#organization\",\"name\":\"Consulmar Travel\",\"url\":\"https:\/\/www.consulmartravel.com\/\",\"logo\":{\"@type\":\"ImageObject\",\"inLanguage\":\"fr-FR\",\"@id\":\"https:\/\/www.consulmartravel.com\/#\/schema\/logo\/image\/\",\"url\":\"https:\/\/www.consulmartravel.com\/wp-content\/uploads\/2025\/01\/Logo_2001_02.png\",\"contentUrl\":\"https:\/\/www.consulmartravel.com\/wp-content\/uploads\/2025\/01\/Logo_2001_02.png\",\"width\":2352,\"height\":1429,\"caption\":\"Consulmar Travel\"},\"image\":{\"@id\":\"https:\/\/www.consulmartravel.com\/#\/schema\/logo\/image\/\"},\"sameAs\":[\"https:\/\/www.instagram.com\/consulmar_travel\/\",\"https:\/\/www.youtube.com\/@consulmartravel\"]}]}<\/script>\n<!-- \/ Yoast SEO plugin. -->","yoast_head_json":{"title":"Activit\u00e9s - Consulmar Travelactividades en Guinea-Bissau y el Archipi\u00e9lago Bijag\u00f3s","description":"Actividades en Guinea-Bissau y el Archipi\u00e9lago Bijag\u00f3s: excursiones en lancha, visitas guiadas y experiencias aut\u00e9nticas.","robots":{"index":"index","follow":"follow","max-snippet":"max-snippet:-1","max-image-preview":"max-image-preview:large","max-video-preview":"max-video-preview:-1"},"canonical":"https:\/\/www.consulmartravel.com\/fr\/activites\/","og_locale":"fr_FR","og_type":"article","og_title":"Activit\u00e9s - Consulmar Travelactividades en Guinea-Bissau y el Archipi\u00e9lago Bijag\u00f3s","og_description":"Actividades en Guinea-Bissau y el Archipi\u00e9lago Bijag\u00f3s: excursiones en lancha, visitas guiadas y experiencias aut\u00e9nticas.","og_url":"https:\/\/www.consulmartravel.com\/fr\/activites\/","og_site_name":"Consulmar Travel","article_modified_time":"2025-07-13T19:03:48+00:00","twitter_card":"summary_large_image","twitter_misc":{"Dur\u00e9e de lecture estim\u00e9e":"2 minutes"},"schema":{"@context":"https:\/\/schema.org","@graph":[{"@type":"WebPage","@id":"https:\/\/www.consulmartravel.com\/fr\/activites\/","url":"https:\/\/www.consulmartravel.com\/fr\/activites\/","name":"Activit\u00e9s - Consulmar Travelactividades en Guinea-Bissau y el Archipi\u00e9lago Bijag\u00f3s","isPartOf":{"@id":"https:\/\/www.consulmartravel.com\/#website"},"datePublished":"2025-02-19T11:04:42+00:00","dateModified":"2025-07-13T19:03:48+00:00","description":"Actividades en Guinea-Bissau y el Archipi\u00e9lago Bijag\u00f3s: excursiones en lancha, visitas guiadas y experiencias aut\u00e9nticas.","breadcrumb":{"@id":"https:\/\/www.consulmartravel.com\/fr\/activites\/#breadcrumb"},"inLanguage":"fr-FR","potentialAction":[{"@type":"ReadAction","target":["https:\/\/www.consulmartravel.com\/fr\/activites\/"]}]},{"@type":"BreadcrumbList","@id":"https:\/\/www.consulmartravel.com\/fr\/activites\/#breadcrumb","itemListElement":[{"@type":"ListItem","position":1,"name":"Portada","item":"https:\/\/www.consulmartravel.com\/"},{"@type":"ListItem","position":2,"name":"Activit\u00e9s"}]},{"@type":"WebSite","@id":"https:\/\/www.consulmartravel.com\/#website","url":"https:\/\/www.consulmartravel.com\/","name":"Consulmar Travel","description":"Descubre la Magia de Guinea-Bissau y el Archipi\u00e9lago Bijag\u00f3s","publisher":{"@id":"https:\/\/www.consulmartravel.com\/#organization"},"potentialAction":[{"@type":"SearchAction","target":{"@type":"EntryPoint","urlTemplate":"https:\/\/www.consulmartravel.com\/?s={search_term_string}"},"query-input":{"@type":"PropertyValueSpecification","valueRequired":true,"valueName":"search_term_string"}}],"inLanguage":"fr-FR"},{"@type":"Organization","@id":"https:\/\/www.consulmartravel.com\/#organization","name":"Consulmar Travel","url":"https:\/\/www.consulmartravel.com\/","logo":{"@type":"ImageObject","inLanguage":"fr-FR","@id":"https:\/\/www.consulmartravel.com\/#\/schema\/logo\/image\/","url":"https:\/\/www.consulmartravel.com\/wp-content\/uploads\/2025\/01\/Logo_2001_02.png","contentUrl":"https:\/\/www.consulmartravel.com\/wp-content\/uploads\/2025\/01\/Logo_2001_02.png","width":2352,"height":1429,"caption":"Consulmar Travel"},"image":{"@id":"https:\/\/www.consulmartravel.com\/#\/schema\/logo\/image\/"},"sameAs":["https:\/\/www.instagram.com\/consulmar_travel\/","https:\/\/www.youtube.com\/@consulmartravel"]}]}},"_links":{"self":[{"href":"https:\/\/www.consulmartravel.com\/fr\/wp-json\/wp\/v2\/pages\/27890","targetHints":{"allow":["GET"]}}],"collection":[{"href":"https:\/\/www.consulmartravel.com\/fr\/wp-json\/wp\/v2\/pages"}],"about":[{"href":"https:\/\/www.consulmartravel.com\/fr\/wp-json\/wp\/v2\/types\/page"}],"author":[{"embeddable":true,"href":"https:\/\/www.consulmartravel.com\/fr\/wp-json\/wp\/v2\/users\/5"}],"replies":[{"embeddable":true,"href":"https:\/\/www.consulmartravel.com\/fr\/wp-json\/wp\/v2\/comments?post=27890"}],"version-history":[{"count":1,"href":"https:\/\/www.consulmartravel.com\/fr\/wp-json\/wp\/v2\/pages\/27890\/revisions"}],"predecessor-version":[{"id":27891,"href":"https:\/\/www.consulmartravel.com\/fr\/wp-json\/wp\/v2\/pages\/27890\/revisions\/27891"}],"wp:attachment":[{"href":"https:\/\/www.consulmartravel.com\/fr\/wp-json\/wp\/v2\/media?parent=27890"}],"curies":[{"name":"wp","href":"https:\/\/api.w.org\/{rel}","templated":true}]}}