{"id":27928,"date":"2025-01-17T09:06:09","date_gmt":"2025-01-17T08:06:09","guid":{"rendered":"https:\/\/www.consulmartravel.com\/note-juridique\/"},"modified":"2025-07-13T21:32:54","modified_gmt":"2025-07-13T19:32:54","slug":"note-juridique","status":"publish","type":"page","link":"https:\/\/www.consulmartravel.com\/fr\/note-juridique\/","title":{"rendered":"Note juridique"},"content":{"rendered":"\t\t<div data-elementor-type=\"wp-page\" data-elementor-id=\"27928\" class=\"elementor elementor-27928 elementor-22285\">\n\t\t\t\t\t\t<section class=\"elementor-section elementor-top-section elementor-element elementor-element-6f56e30 elementor-section-boxed elementor-section-height-default elementor-section-height-default sc_fly_static\" data-id=\"6f56e30\" data-element_type=\"section\">\n\t\t\t\t\t\t<div class=\"elementor-container elementor-column-gap-extended\">\n\t\t\t\t\t<div class=\"elementor-column elementor-col-100 elementor-top-column elementor-element elementor-element-590192d sc_content_align_inherit sc_layouts_column_icons_position_left sc_fly_static\" data-id=\"590192d\" data-element_type=\"column\">\n\t\t\t<div class=\"elementor-widget-wrap elementor-element-populated\">\n\t\t\t\t\t\t<div class=\"elementor-element elementor-element-0660ab4 sc_fly_static elementor-widget elementor-widget-text-editor\" data-id=\"0660ab4\" data-element_type=\"widget\" data-widget_type=\"text-editor.default\">\n\t\t\t\t<div class=\"elementor-widget-container\">\n\t\t\t\t\t\t\t\t\t<p>CONSULMAR BISSAU<\/p><p>CONSULMAR BISSAU, dont le si\u00e8ge social est situ\u00e9 Avenida 3 de agosto N\u00ba 40, Bissau, Guin\u00e9e Bissau et dont le num\u00e9ro d&rsquo;identification fiscale est 510119220-GB, met \u00e0 disposition des informations sur ses activit\u00e9s, produits et services par le biais de ce site web.<\/p><p>CONSULMAR BISSAU se r\u00e9serve tous les droits de propri\u00e9t\u00e9 intellectuelle et industrielle. L&rsquo;acc\u00e8s au contenu de ce site n&rsquo;implique pas l&rsquo;octroi d&rsquo;une licence d&rsquo;utilisation de ces droits et, sauf autorisation expresse des propri\u00e9taires, leur reproduction, distribution ou publication est interdite en vertu de la l\u00e9gislation espagnole en vigueur. <\/p><p>CONSULMAR BISSAU n&rsquo;assume aucune responsabilit\u00e9 et ne garantit pas que l&rsquo;information contenue dans son site Web soit compl\u00e8te, exacte ou actualis\u00e9e. CONSULMAR BISSAU, S.A.R.L. n&rsquo;est pas responsable des dommages de toute nature qui pourraient \u00eatre dus \u00e0 ceux qui ont acc\u00e9d\u00e9 et utilis\u00e9 le contenu de son site web, ou celui d&rsquo;autres personnes qui s&rsquo;y sont rendues. <\/p><p>Conform\u00e9ment \u00e0 la l\u00e9gislation en vigueur sur la protection des donn\u00e9es personnelles, nous vous informons que vos donn\u00e9es seront utilis\u00e9es par CONSULMAR BISSAU, pour traiter votre demande et seront trait\u00e9es de mani\u00e8re confidentielle et automatis\u00e9e. Vous pouvez \u00e9galement exercer vos droits d&rsquo;acc\u00e8s, de rectification, d&rsquo;annulation et d&rsquo;opposition en nous contactant (voir Contact). Les effets de la r\u00e9vocation de votre autorisation ne seront pas r\u00e9troactifs.  <\/p><p>Nous vous informons que CONSULMAR BISSAU respecte le \u00ab Code \u00e9thique du commerce \u00e9lectronique et de la publicit\u00e9 interactive \u00bb et qu&rsquo;il est inscrit au registre du commerce de Bissau (n\u00b0 2682).<br>CONSULMAR BISSAU est le propri\u00e9taire du domaine enregistr\u00e9 : \u00ab consulmartravel.com \u00bb.<\/p><p>\u00a9 CONSULMAR BISSAU Tous droits r\u00e9serv\u00e9s.<\/p>\t\t\t\t\t\t\t\t<\/div>\n\t\t\t\t<\/div>\n\t\t\t\t\t<\/div>\n\t\t<\/div>\n\t\t\t\t\t<\/div>\n\t\t<\/section>\n\t\t\t\t<\/div>\n\t\t","protected":false},"excerpt":{"rendered":"<p>CONSULMAR BISSAU CONSULMAR BISSAU, dont le si\u00e8ge social est situ\u00e9 Avenida 3 de agosto N\u00ba 40, Bissau, Guin\u00e9e Bissau et dont le num\u00e9ro d&rsquo;identification fiscale est 510119220-GB, met \u00e0 disposition&hellip;<\/p>\n","protected":false},"author":1,"featured_media":0,"parent":0,"menu_order":0,"comment_status":"closed","ping_status":"closed","template":"","meta":{"footnotes":""},"class_list":["post-27928","page","type-page","status-publish","hentry"],"yoast_head":"<!-- This site is optimized with the Yoast SEO plugin v25.5 - https:\/\/yoast.com\/wordpress\/plugins\/seo\/ -->\n<title>Note juridique - Consulmar Travel<\/title>\n<meta name=\"robots\" content=\"index, follow, max-snippet:-1, max-image-preview:large, max-video-preview:-1\" \/>\n<link rel=\"canonical\" href=\"https:\/\/www.consulmartravel.com\/fr\/note-juridique\/\" \/>\n<meta property=\"og:locale\" content=\"fr_FR\" \/>\n<meta property=\"og:type\" content=\"article\" \/>\n<meta property=\"og:title\" content=\"Note juridique - Consulmar Travel\" \/>\n<meta property=\"og:description\" content=\"CONSULMAR BISSAU CONSULMAR BISSAU, dont le si\u00e8ge social est situ\u00e9 Avenida 3 de agosto N\u00ba 40, Bissau, Guin\u00e9e Bissau et dont le num\u00e9ro d&rsquo;identification fiscale est 510119220-GB, met \u00e0 disposition&hellip;\" \/>\n<meta property=\"og:url\" content=\"https:\/\/www.consulmartravel.com\/fr\/note-juridique\/\" \/>\n<meta property=\"og:site_name\" content=\"Consulmar Travel\" \/>\n<meta property=\"article:modified_time\" content=\"2025-07-13T19:32:54+00:00\" \/>\n<meta name=\"twitter:card\" content=\"summary_large_image\" \/>\n<meta name=\"twitter:label1\" content=\"Dur\u00e9e de lecture estim\u00e9e\" \/>\n\t<meta name=\"twitter:data1\" content=\"1 minute\" \/>\n<script type=\"application\/ld+json\" class=\"yoast-schema-graph\">{\"@context\":\"https:\/\/schema.org\",\"@graph\":[{\"@type\":\"WebPage\",\"@id\":\"https:\/\/www.consulmartravel.com\/fr\/note-juridique\/\",\"url\":\"https:\/\/www.consulmartravel.com\/fr\/note-juridique\/\",\"name\":\"Note juridique - Consulmar Travel\",\"isPartOf\":{\"@id\":\"https:\/\/www.consulmartravel.com\/#website\"},\"datePublished\":\"2025-01-17T08:06:09+00:00\",\"dateModified\":\"2025-07-13T19:32:54+00:00\",\"breadcrumb\":{\"@id\":\"https:\/\/www.consulmartravel.com\/fr\/note-juridique\/#breadcrumb\"},\"inLanguage\":\"fr-FR\",\"potentialAction\":[{\"@type\":\"ReadAction\",\"target\":[\"https:\/\/www.consulmartravel.com\/fr\/note-juridique\/\"]}]},{\"@type\":\"BreadcrumbList\",\"@id\":\"https:\/\/www.consulmartravel.com\/fr\/note-juridique\/#breadcrumb\",\"itemListElement\":[{\"@type\":\"ListItem\",\"position\":1,\"name\":\"Portada\",\"item\":\"https:\/\/www.consulmartravel.com\/\"},{\"@type\":\"ListItem\",\"position\":2,\"name\":\"Note juridique\"}]},{\"@type\":\"WebSite\",\"@id\":\"https:\/\/www.consulmartravel.com\/#website\",\"url\":\"https:\/\/www.consulmartravel.com\/\",\"name\":\"Consulmar Travel\",\"description\":\"Descubre la Magia de Guinea-Bissau y el Archipi\u00e9lago Bijag\u00f3s\",\"publisher\":{\"@id\":\"https:\/\/www.consulmartravel.com\/#organization\"},\"potentialAction\":[{\"@type\":\"SearchAction\",\"target\":{\"@type\":\"EntryPoint\",\"urlTemplate\":\"https:\/\/www.consulmartravel.com\/?s={search_term_string}\"},\"query-input\":{\"@type\":\"PropertyValueSpecification\",\"valueRequired\":true,\"valueName\":\"search_term_string\"}}],\"inLanguage\":\"fr-FR\"},{\"@type\":\"Organization\",\"@id\":\"https:\/\/www.consulmartravel.com\/#organization\",\"name\":\"Consulmar Travel\",\"url\":\"https:\/\/www.consulmartravel.com\/\",\"logo\":{\"@type\":\"ImageObject\",\"inLanguage\":\"fr-FR\",\"@id\":\"https:\/\/www.consulmartravel.com\/#\/schema\/logo\/image\/\",\"url\":\"https:\/\/www.consulmartravel.com\/wp-content\/uploads\/2025\/01\/Logo_2001_02.png\",\"contentUrl\":\"https:\/\/www.consulmartravel.com\/wp-content\/uploads\/2025\/01\/Logo_2001_02.png\",\"width\":2352,\"height\":1429,\"caption\":\"Consulmar Travel\"},\"image\":{\"@id\":\"https:\/\/www.consulmartravel.com\/#\/schema\/logo\/image\/\"},\"sameAs\":[\"https:\/\/www.instagram.com\/consulmar_travel\/\",\"https:\/\/www.youtube.com\/@consulmartravel\"]}]}<\/script>\n<!-- \/ Yoast SEO plugin. -->","yoast_head_json":{"title":"Note juridique - Consulmar Travel","robots":{"index":"index","follow":"follow","max-snippet":"max-snippet:-1","max-image-preview":"max-image-preview:large","max-video-preview":"max-video-preview:-1"},"canonical":"https:\/\/www.consulmartravel.com\/fr\/note-juridique\/","og_locale":"fr_FR","og_type":"article","og_title":"Note juridique - Consulmar Travel","og_description":"CONSULMAR BISSAU CONSULMAR BISSAU, dont le si\u00e8ge social est situ\u00e9 Avenida 3 de agosto N\u00ba 40, Bissau, Guin\u00e9e Bissau et dont le num\u00e9ro d&rsquo;identification fiscale est 510119220-GB, met \u00e0 disposition&hellip;","og_url":"https:\/\/www.consulmartravel.com\/fr\/note-juridique\/","og_site_name":"Consulmar Travel","article_modified_time":"2025-07-13T19:32:54+00:00","twitter_card":"summary_large_image","twitter_misc":{"Dur\u00e9e de lecture estim\u00e9e":"1 minute"},"schema":{"@context":"https:\/\/schema.org","@graph":[{"@type":"WebPage","@id":"https:\/\/www.consulmartravel.com\/fr\/note-juridique\/","url":"https:\/\/www.consulmartravel.com\/fr\/note-juridique\/","name":"Note juridique - Consulmar Travel","isPartOf":{"@id":"https:\/\/www.consulmartravel.com\/#website"},"datePublished":"2025-01-17T08:06:09+00:00","dateModified":"2025-07-13T19:32:54+00:00","breadcrumb":{"@id":"https:\/\/www.consulmartravel.com\/fr\/note-juridique\/#breadcrumb"},"inLanguage":"fr-FR","potentialAction":[{"@type":"ReadAction","target":["https:\/\/www.consulmartravel.com\/fr\/note-juridique\/"]}]},{"@type":"BreadcrumbList","@id":"https:\/\/www.consulmartravel.com\/fr\/note-juridique\/#breadcrumb","itemListElement":[{"@type":"ListItem","position":1,"name":"Portada","item":"https:\/\/www.consulmartravel.com\/"},{"@type":"ListItem","position":2,"name":"Note juridique"}]},{"@type":"WebSite","@id":"https:\/\/www.consulmartravel.com\/#website","url":"https:\/\/www.consulmartravel.com\/","name":"Consulmar Travel","description":"Descubre la Magia de Guinea-Bissau y el Archipi\u00e9lago Bijag\u00f3s","publisher":{"@id":"https:\/\/www.consulmartravel.com\/#organization"},"potentialAction":[{"@type":"SearchAction","target":{"@type":"EntryPoint","urlTemplate":"https:\/\/www.consulmartravel.com\/?s={search_term_string}"},"query-input":{"@type":"PropertyValueSpecification","valueRequired":true,"valueName":"search_term_string"}}],"inLanguage":"fr-FR"},{"@type":"Organization","@id":"https:\/\/www.consulmartravel.com\/#organization","name":"Consulmar Travel","url":"https:\/\/www.consulmartravel.com\/","logo":{"@type":"ImageObject","inLanguage":"fr-FR","@id":"https:\/\/www.consulmartravel.com\/#\/schema\/logo\/image\/","url":"https:\/\/www.consulmartravel.com\/wp-content\/uploads\/2025\/01\/Logo_2001_02.png","contentUrl":"https:\/\/www.consulmartravel.com\/wp-content\/uploads\/2025\/01\/Logo_2001_02.png","width":2352,"height":1429,"caption":"Consulmar Travel"},"image":{"@id":"https:\/\/www.consulmartravel.com\/#\/schema\/logo\/image\/"},"sameAs":["https:\/\/www.instagram.com\/consulmar_travel\/","https:\/\/www.youtube.com\/@consulmartravel"]}]}},"_links":{"self":[{"href":"https:\/\/www.consulmartravel.com\/fr\/wp-json\/wp\/v2\/pages\/27928","targetHints":{"allow":["GET"]}}],"collection":[{"href":"https:\/\/www.consulmartravel.com\/fr\/wp-json\/wp\/v2\/pages"}],"about":[{"href":"https:\/\/www.consulmartravel.com\/fr\/wp-json\/wp\/v2\/types\/page"}],"author":[{"embeddable":true,"href":"https:\/\/www.consulmartravel.com\/fr\/wp-json\/wp\/v2\/users\/1"}],"replies":[{"embeddable":true,"href":"https:\/\/www.consulmartravel.com\/fr\/wp-json\/wp\/v2\/comments?post=27928"}],"version-history":[{"count":1,"href":"https:\/\/www.consulmartravel.com\/fr\/wp-json\/wp\/v2\/pages\/27928\/revisions"}],"predecessor-version":[{"id":27929,"href":"https:\/\/www.consulmartravel.com\/fr\/wp-json\/wp\/v2\/pages\/27928\/revisions\/27929"}],"wp:attachment":[{"href":"https:\/\/www.consulmartravel.com\/fr\/wp-json\/wp\/v2\/media?parent=27928"}],"curies":[{"name":"wp","href":"https:\/\/api.w.org\/{rel}","templated":true}]}}