{"id":27932,"date":"2023-09-19T09:49:48","date_gmt":"2023-09-19T07:49:48","guid":{"rendered":"https:\/\/www.consulmartravel.com\/privacy-policy\/"},"modified":"2025-07-13T21:49:37","modified_gmt":"2025-07-13T19:49:37","slug":"privacy-policy","status":"publish","type":"page","link":"https:\/\/www.consulmartravel.com\/fr\/privacy-policy\/","title":{"rendered":"Privacy Policy"},"content":{"rendered":"\t\t<div data-elementor-type=\"wp-page\" data-elementor-id=\"27932\" class=\"elementor elementor-27932 elementor-19899\">\n\t\t\t\t\t\t<section class=\"elementor-section elementor-top-section elementor-element elementor-element-46a2c71b elementor-section-boxed elementor-section-height-default elementor-section-height-default sc_fly_static\" data-id=\"46a2c71b\" data-element_type=\"section\" data-settings=\"{&quot;background_background&quot;:&quot;classic&quot;}\">\n\t\t\t\t\t\t<div class=\"elementor-container elementor-column-gap-extended\">\n\t\t\t\t\t<div class=\"elementor-column elementor-col-100 elementor-top-column elementor-element elementor-element-214d0b22 sc_content_align_inherit sc_layouts_column_icons_position_left sc_fly_static\" data-id=\"214d0b22\" data-element_type=\"column\">\n\t\t\t<div class=\"elementor-widget-wrap elementor-element-populated\">\n\t\t\t\t\t\t<div class=\"elementor-element elementor-element-5ac603bb sc_fly_static elementor-widget elementor-widget-text-editor\" data-id=\"5ac603bb\" data-element_type=\"widget\" data-widget_type=\"text-editor.default\">\n\t\t\t\t<div class=\"elementor-widget-container\">\n\t\t\t\t\t\t\t\t\t<p><strong>Privacy Policy<\/strong><\/p><ol><li><strong>Introduction to Privacy Policy<\/strong><\/li><\/ol><p>Ce site web (www.consulmartravel.com) est d\u00e9tenu et exploit\u00e9 par CONSULMAR BISSAU, qui est responsable du traitement des donn\u00e9es personnelles vis\u00e9es dans la pr\u00e9sente politique de confidentialit\u00e9.<\/p><p><strong>Coordonn\u00e9es de la personne \u00e0 contacter :<\/strong><\/p><ul><li>Ribera de Axpe, 50 \u2013 5\u00aa Planta \u2013 48950 ERANDIO (Vizcaya)<\/li><li>Courriel : rgpd@zubicar.es <\/li><\/ul><p>La politique de confidentialit\u00e9 de ce site vise \u00e0 respecter le devoir d&rsquo;information et de transparence \u00e9tabli \u00e0 l&rsquo;article 12 du r\u00e8glement (UE) 2016\/679 sur la protection des donn\u00e9es personnelles. De m\u00eame, dans les cas o\u00f9 le devoir d&rsquo;information a \u00e9t\u00e9 r\u00e9alis\u00e9 au moyen d&rsquo;informations de base appel\u00e9es \u00ab premi\u00e8re couche \u00bb conform\u00e9ment aux dispositions de l&rsquo;article 11 de la loi organique 3\/2018 sur la protection des donn\u00e9es personnelles et la garantie des droits num\u00e9riques, cette politique de confidentialit\u00e9 correspond aux informations suppl\u00e9mentaires consid\u00e9r\u00e9es comme \u00ab deuxi\u00e8me couche \u00bb o\u00f9 sont d\u00e9crits les \u00e9l\u00e9ments suppl\u00e9mentaires requis dans les articles 13 et 14 du r\u00e8glement UE 2016\/679 sur la protection des donn\u00e9es \u00e0 caract\u00e8re personnel. <\/p><ol start=\"2\"><li><strong>Traitement des donn\u00e9es \u00e0 caract\u00e8re personnel<\/strong><\/li><\/ol><p>Les op\u00e9rations ou l&rsquo;ensemble d&rsquo;op\u00e9rations effectu\u00e9es sur vos donn\u00e9es personnelles sont identifi\u00e9es par les moyens de traitement. CONSULMAR BISSAU pr\u00e9sente ci-dessous l&rsquo;information d\u00e9taill\u00e9e de chaque op\u00e9ration de traitement, conform\u00e9ment aux directives \u00e9tablies par l&rsquo;Agence espagnole de protection des donn\u00e9es : <\/p><ol><li><strong>le traitement de la S\u00c9LECTION DU PERSONNEL<\/strong>, dont l&rsquo;objectif est de g\u00e9rer la s\u00e9lection des personnes appel\u00e9es \u00e0 travailler dans l&rsquo;une des soci\u00e9t\u00e9s de CONSULMAR BISSAU.<ol><li>Cat\u00e9gorie de donn\u00e9es : identification, historique de l&#8217;emploi et curriculum vitae.<\/li><li>Base juridique : Consentement de la personne concern\u00e9e (article 6, paragraphe 1, point a), dans le cas des auto-candidatures et, dans tous les autres cas, relation pr\u00e9contractuelle (article 6, paragraphe 1, point b)).<\/li><li>Validit\u00e9 des donn\u00e9es : Les donn\u00e9es restent valables pendant trois ans.<\/li><\/ol><\/li><li><strong>Traitement des donn\u00e9es relatives<\/strong> \u00e0 la GESTION DE L&rsquo;ENTREPRISE, dont l&rsquo;objectif est de g\u00e9rer les donn\u00e9es des actionnaires et des administrateurs de l&rsquo;entreprise afin de respecter les obligations d\u00e9coulant de la l\u00e9gislation commerciale et fiscale, y compris la tenue du registre des actionnaires, du livre des proc\u00e8s-verbaux et la pratique des inscriptions et des notifications obligatoires au Registre du commerce et des soci\u00e9t\u00e9s.<ol><li>Cat\u00e9gorie de donn\u00e9es : identification, poste occup\u00e9 et donn\u00e9es financi\u00e8res.<\/li><li>Base juridique : Traitement n\u00e9cessaire au respect des obligations l\u00e9gales applicables au responsable du traitement (art. 6.1.c).<\/li><li>Validit\u00e9 des donn\u00e9es : Les donn\u00e9es sont conserv\u00e9es pendant la dur\u00e9e de la fonction d&rsquo;administrateur et du statut de membre, ainsi que pendant le temps n\u00e9cessaire \u00e0 la r\u00e9alisation de la finalit\u00e9 pour laquelle elles ont \u00e9t\u00e9 collect\u00e9es et \u00e0 la d\u00e9termination des responsabilit\u00e9s \u00e9ventuelles pouvant d\u00e9couler de cette finalit\u00e9 et du traitement des donn\u00e9es.<\/li><\/ol><\/li><li><strong>GESTION ADMINISTRATIVE ET PERSONNES DE CONTACT<\/strong> dont l&rsquo;objet est la gestion administrative et commerciale des coordonn\u00e9es des personnes travaillant pour des clients et des fournisseurs, actifs et potentiels, ainsi que des entreprises et des organisations de toute nature li\u00e9es au CONSULMAR BISSAU, afin de maintenir des relations d&rsquo;affaires et commerciales.<ol><li>Cat\u00e9gorie de donn\u00e9es : Donn\u00e9es d&rsquo;identification.<\/li><li>Base juridique : selon le cas, l&rsquo;int\u00e9r\u00eat l\u00e9gitime fond\u00e9 sur la n\u00e9cessit\u00e9 d&rsquo;entretenir des relations commerciales et d&rsquo;affaires (art. 6.1.f RGPD et art. 19 de la LOPDGDD), celui n\u00e9cessaire au respect des obligations l\u00e9gales applicables au responsable du traitement (art. 6.1.c). <\/li><li>Dur\u00e9e de conservation des donn\u00e9es : Les donn\u00e9es seront conserv\u00e9es pendant la dur\u00e9e de la relation contractuelle, commerciale ou d&rsquo;int\u00e9r\u00eat. De m\u00eame, le temps n\u00e9cessaire pour respecter la finalit\u00e9 pour laquelle elles ont \u00e9t\u00e9 collect\u00e9es et pour d\u00e9terminer les \u00e9ventuelles responsabilit\u00e9s qui peuvent d\u00e9couler de cette finalit\u00e9 et du traitement des donn\u00e9es sera \u00e9galement pris en compte. Les dispositions de la l\u00e9gislation commerciale et fiscale sont applicables.  <\/li><\/ol><\/li><li><strong>Traitement OP\u00c9RATIONS <\/strong>dont l&rsquo;objet est la gestion des donn\u00e9es de contact des personnes travaillant chez des clients et des fournisseurs, actifs ou potentiels, ainsi que dans des entreprises et tous types d&rsquo;organisations dans le but d&rsquo;effectuer des op\u00e9rations maritimes ou de consignation.<ol><li>Cat\u00e9gorie de donn\u00e9es : Donn\u00e9es d&rsquo;identification.<\/li><li>Base juridique : selon le cas, l&rsquo;int\u00e9r\u00eat l\u00e9gitime fond\u00e9 sur la n\u00e9cessit\u00e9 d&rsquo;entretenir des relations commerciales et d&rsquo;affaires (art. 6.1.f RGPD et art. 19 de la LOPDGDD), celui n\u00e9cessaire au respect des obligations l\u00e9gales applicables au responsable du traitement (art. 6.1.c). <\/li><li>Dur\u00e9e de conservation des donn\u00e9es : Les donn\u00e9es seront conserv\u00e9es pendant la dur\u00e9e de la relation contractuelle, commerciale ou d&rsquo;int\u00e9r\u00eat. De m\u00eame, le temps n\u00e9cessaire pour respecter la finalit\u00e9 pour laquelle elles ont \u00e9t\u00e9 collect\u00e9es et pour d\u00e9terminer les \u00e9ventuelles responsabilit\u00e9s qui peuvent d\u00e9couler de cette finalit\u00e9 et du traitement des donn\u00e9es sera \u00e9galement pris en compte. Les dispositions de la l\u00e9gislation commerciale et fiscale sont applicables.  <\/li><\/ol><\/li><li><strong>Traitement COMMUNICATION ET MARKETING<\/strong> Activit\u00e9s de diffusion, \u00e9v\u00e9nements, communiqu\u00e9s de presse, nouvelles et toute autre activit\u00e9 \u00e0 des fins de diffusion et de promotion.<ol><li>Cat\u00e9gorie de donn\u00e9es : donn\u00e9es d&rsquo;identification, image et voix.<\/li><li>Base juridique : le cas \u00e9ch\u00e9ant, la personne concern\u00e9e a donn\u00e9 son consentement au traitement de ses donn\u00e9es \u00e0 caract\u00e8re personnel (article 6, paragraphe 1, point f)) et int\u00e9r\u00eat l\u00e9gitime fond\u00e9 sur la n\u00e9cessit\u00e9 de promouvoir des produits et des services aupr\u00e8s des clients.<\/li><li>Dur\u00e9e de conservation des donn\u00e9es : Les donn\u00e9es seront conserv\u00e9es aussi longtemps que le droit de suppression des donn\u00e9es n&rsquo;est pas demand\u00e9 dans le cas des personnes de contact ou que l&#8217;employ\u00e9 r\u00e9voque son consentement au traitement de l&rsquo;image ou de la voix. P\u00e9riodiquement, dans un d\u00e9lai n&rsquo;exc\u00e9dant pas 5 ans, les bases de donn\u00e9es seront r\u00e9vis\u00e9es afin de maintenir la qualit\u00e9 des informations et les donn\u00e9es obsol\u00e8tes seront supprim\u00e9es. <\/li><\/ol><\/li><li><strong>Traitement de la SURVEILLANCE VID\u00c9O<\/strong>, dont la finalit\u00e9 est la s\u00e9curit\u00e9 p\u00e9rim\u00e9trique des installations, ainsi que des biens et des personnes \u00e0 l&rsquo;int\u00e9rieur des installations.<ol><li>Cat\u00e9gorie de donn\u00e9es : image enregistr\u00e9e par la cam\u00e9ra.<\/li><li>Base juridique : int\u00e9r\u00eat l\u00e9gitime fond\u00e9 sur la n\u00e9cessit\u00e9 de maintenir la s\u00e9curit\u00e9 des installations (article 6.1.f du RGPD et article 22 de la LOPDGDD).<\/li><li>Validit\u00e9 des donn\u00e9es : Les donn\u00e9es restent valables pendant un maximum de 30 jours. \u00c0 l&rsquo;issue de cette p\u00e9riode, les donn\u00e9es seront supprim\u00e9es. <\/li><\/ol><\/li><li><strong>Communication de donn\u00e9es \u00e0 caract\u00e8re personnel \u00e0 des tiers<\/strong><\/li><\/ol><p>Les donn\u00e9es personnelles peuvent \u00eatre divulgu\u00e9es aux destinataires suivants :<\/p><ol><li>Au sein de notre groupe d&rsquo;entreprises, dans le cadre de la mission commune et des obligations commerciales et l\u00e9gales \u00e9tablies ;<\/li><li>aux fournisseurs qui fournissent les services n\u00e9cessaires \u00e0 la gestion et au fonctionnement de l&rsquo;entreprise ;<\/li><li>aux conseillers juridiques et autres conseillers professionnels, ainsi qu&rsquo;aux auditeurs ;<\/li><li>aux administrations publiques, aux autorit\u00e9s de r\u00e9gulation, aux tribunaux et aux agences gouvernementales pour se conformer aux exigences l\u00e9gales ou r\u00e9glementaires ;<\/li><li>aux organismes charg\u00e9s de l&rsquo;application de la loi lorsque cela est n\u00e9cessaire dans le cadre du traitement de la vid\u00e9osurveillance ;<\/li><li>Aux clients et aux organisations n\u00e9cessaires aux op\u00e9rations de soutage des navires ;<\/li><\/ol><p><strong>Transferts internationaux de donn\u00e9es :<\/strong><\/p><p>CONSULMAR BISSAU utilise les applications suivantes dans ses syst\u00e8mes de gestion qui impliquent un transfert international de donn\u00e9es \u00e0 caract\u00e8re personnel vers les \u00c9tats-Unis :<\/p><ul><li>L&rsquo;application Quickbase Inc. appartient \u00e0 Quickbase Inc. et fait l&rsquo;objet d&rsquo;une licence qui inclut les garanties de transfert international offertes par le fournisseur. <\/li><\/ul><ol start=\"4\"><li><strong>S\u00e9curit\u00e9 des donn\u00e9es personnelles<\/strong><\/li><\/ol><p>Nous nous effor\u00e7ons d&rsquo;utiliser des mesures de s\u00e9curit\u00e9 techniques et physiques appropri\u00e9es pour prot\u00e9ger les donn\u00e9es \u00e0 caract\u00e8re personnel transmises, stock\u00e9es ou trait\u00e9es d&rsquo;une autre mani\u00e8re contre la destruction, la perte, l&rsquo;alt\u00e9ration, la divulgation ou l&rsquo;acc\u00e8s non autoris\u00e9s, accidentels ou ill\u00e9gaux, en rapport avec notre site. Ces mesures comprennent des sauvegardes informatiques et des fichiers et installations s\u00e9curis\u00e9s. Nos fournisseurs de services sont \u00e9galement soigneusement s\u00e9lectionn\u00e9s et doivent utiliser des mesures de protection appropri\u00e9es sur le site. Nous utilisons un cryptage SSL standard pour prot\u00e9ger les transmissions de donn\u00e9es. La plupart des navigateurs actuels prennent en charge le niveau de s\u00e9curit\u00e9 requis pour utiliser ces zones.   <\/p><ol start=\"5\"><li><strong>Vos droits en vertu de la l\u00e9gislation sur la protection des donn\u00e9es<\/strong><\/li><\/ol><p>Les lois sur la protection des donn\u00e9es vous conf\u00e8rent divers droits. Ces droits peuvent inclure (le cas \u00e9ch\u00e9ant) : <\/p><ul><li>Toute personne a le droit de savoir et d&rsquo;obtenir des informations sur le fait que CONSULMAR BISSAU traite ou non des donn\u00e9es personnelles la concernant ;<\/li><li>le droit de demander l&rsquo;acc\u00e8s aux donn\u00e9es \u00e0 caract\u00e8re personnel, c&rsquo;est-\u00e0-dire de savoir quelles donn\u00e9es nous d\u00e9tenons \u00e0 votre sujet ;<\/li><li>le droit de rectification, y compris le droit de nous demander de corriger des donn\u00e9es personnelles inexactes ;<\/li><li>le droit de demander la limitation du traitement le concernant ou de s&rsquo;opposer au traitement de ses donn\u00e9es personnelles,<\/li><li>le droit de demander la suppression de vos donn\u00e9es personnelles lorsqu&rsquo;elles ne sont plus n\u00e9cessaires aux fins pour lesquelles elles ont \u00e9t\u00e9 collect\u00e9es ;<\/li><li>le droit de s&rsquo;opposer au traitement de vos donn\u00e9es si vous n&rsquo;avez pas donn\u00e9 votre consentement pr\u00e9alable et s&rsquo;il n&rsquo;existe pas de motifs l\u00e9gitimes imp\u00e9rieux ou la d\u00e9fense d&rsquo;\u00e9ventuelles r\u00e9clamations ;<\/li><li>le droit \u00e0 la portabilit\u00e9 des donn\u00e9es, y compris le droit d&rsquo;obtenir des donn\u00e9es \u00e0 caract\u00e8re personnel dans un format couramment utilis\u00e9 et lisible par machine dans certaines circonstances, \u00e0 condition que le traitement soit automatis\u00e9 ;<\/li><li>le droit de retirer votre consentement \u00e0 tout traitement pour lequel vous avez pr\u00e9c\u00e9demment donn\u00e9 votre consentement.<\/li><\/ul><p>Vous pouvez demander \u00e0 b\u00e9n\u00e9ficier de vos droits en \u00e9crivant \u00e0 l&rsquo;adresse \u00e9lectronique pr\u00e9vue \u00e0 cet effet <em>rgpd@zubicar.es<\/em><em> <\/em>ou en utilisant les canaux de contact indiqu\u00e9s dans l&rsquo;introduction pour toute demande relative \u00e0 vos droits.<\/p><p>Afin de traiter la demande de droits, il sera n\u00e9cessaire de v\u00e9rifier l&rsquo;identit\u00e9 du demandeur et de s&rsquo;assurer qu&rsquo;il est bien le propri\u00e9taire des donn\u00e9es. Dans cette communication, le demandeur doit donc indiquer son nom, son pr\u00e9nom, la nature de la demande et l&rsquo;adresse \u00e0 laquelle il souhaite que la r\u00e9ponse lui soit communiqu\u00e9e. Si n\u00e9cessaire, nous pouvons demander une copie du document prouvant votre identit\u00e9. <\/p><p>CONSULMAR BISSAU peut fournir \u00e0 toute personne qui le demande un formulaire appropri\u00e9 pour l&rsquo;aider \u00e0 faire la demande de droits conform\u00e9ment aux dispositions de la loi organique 3\/2018 sur la protection des donn\u00e9es personnelles et la garantie des droits num\u00e9riques.<\/p><p>Si vous devez prot\u00e9ger vos droits, l&rsquo;autorit\u00e9 de contr\u00f4le est l&rsquo;Agence espagnole de protection des donn\u00e9es, dont le site web est <a href=\"http:\/\/www.aepd.es\/\">www.aepd.es<\/a> et dont l&rsquo;adresse est Calle Jorge Juan 6 \u00e0 Madrid, code postal 28001.<\/p><ol start=\"6\"><li><strong>Links<\/strong><\/li><\/ol><p>Le site web de CONSULMAR TRAVEL peut inclure des hyperliens vers d&rsquo;autres sites qui ne sont pas exploit\u00e9s ou contr\u00f4l\u00e9s par CONSULMAR TRAVEL AGENCY. Par cons\u00e9quent, CONSULMAR BISSAU ne garantit pas et n&rsquo;est pas responsable de la l\u00e9galit\u00e9, de la fiabilit\u00e9, de l&rsquo;utilit\u00e9, de la v\u00e9racit\u00e9 et de l&rsquo;actualit\u00e9 du contenu de ces sites Web ou de leurs pratiques en mati\u00e8re de confidentialit\u00e9. Avant de fournir vos informations personnelles \u00e0 ces sites Web n&rsquo;appartenant pas \u00e0 CONSULMAR BISSAU, veuillez noter que leur conformit\u00e9 en mati\u00e8re de protection des donn\u00e9es peut diff\u00e9rer de la n\u00f4tre.  <\/p><ol start=\"7\"><li><strong>Mise \u00e0 jour et modifications de la pr\u00e9sente politique de confidentialit\u00e9<\/strong><\/li><\/ol><p>Le texte de cette politique de confidentialit\u00e9 a \u00e9t\u00e9 mis \u00e0 jour en d\u00e9cembre 2024.<\/p><p>CONSULMAR BISSAU peut modifier sa politique de confidentialit\u00e9 sans pr\u00e9avis, conform\u00e9ment \u00e0 la l\u00e9gislation applicable \u00e0 tout moment et aux changements qui surviennent dans son syst\u00e8me de gestion de la confidentialit\u00e9.<\/p>\t\t\t\t\t\t\t\t<\/div>\n\t\t\t\t<\/div>\n\t\t\t\t\t<\/div>\n\t\t<\/div>\n\t\t\t\t\t<\/div>\n\t\t<\/section>\n\t\t\t\t<\/div>\n\t\t","protected":false},"excerpt":{"rendered":"<p>Privacy Policy Introduction to Privacy Policy Ce site web (www.consulmartravel.com) est d\u00e9tenu et exploit\u00e9 par CONSULMAR BISSAU, qui est responsable du traitement des donn\u00e9es personnelles vis\u00e9es dans la pr\u00e9sente politique&hellip;<\/p>\n","protected":false},"author":4,"featured_media":0,"parent":0,"menu_order":0,"comment_status":"closed","ping_status":"closed","template":"","meta":{"footnotes":""},"class_list":["post-27932","page","type-page","status-publish","hentry"],"yoast_head":"<!-- This site is optimized with the Yoast SEO plugin v25.5 - https:\/\/yoast.com\/wordpress\/plugins\/seo\/ -->\n<title>Privacy Policy - Consulmar Travel<\/title>\n<meta name=\"robots\" content=\"index, follow, max-snippet:-1, max-image-preview:large, max-video-preview:-1\" \/>\n<link rel=\"canonical\" href=\"https:\/\/www.consulmartravel.com\/fr\/privacy-policy\/\" \/>\n<meta property=\"og:locale\" content=\"fr_FR\" \/>\n<meta property=\"og:type\" content=\"article\" \/>\n<meta property=\"og:title\" content=\"Privacy Policy - Consulmar Travel\" \/>\n<meta property=\"og:description\" content=\"Privacy Policy Introduction to Privacy Policy Ce site web (www.consulmartravel.com) est d\u00e9tenu et exploit\u00e9 par CONSULMAR BISSAU, qui est responsable du traitement des donn\u00e9es personnelles vis\u00e9es dans la pr\u00e9sente politique&hellip;\" \/>\n<meta property=\"og:url\" content=\"https:\/\/www.consulmartravel.com\/fr\/privacy-policy\/\" \/>\n<meta property=\"og:site_name\" content=\"Consulmar Travel\" \/>\n<meta property=\"article:modified_time\" content=\"2025-07-13T19:49:37+00:00\" \/>\n<meta name=\"twitter:card\" content=\"summary_large_image\" \/>\n<meta name=\"twitter:label1\" content=\"Dur\u00e9e de lecture estim\u00e9e\" \/>\n\t<meta name=\"twitter:data1\" content=\"10 minutes\" \/>\n<script type=\"application\/ld+json\" class=\"yoast-schema-graph\">{\"@context\":\"https:\/\/schema.org\",\"@graph\":[{\"@type\":\"WebPage\",\"@id\":\"https:\/\/www.consulmartravel.com\/fr\/privacy-policy\/\",\"url\":\"https:\/\/www.consulmartravel.com\/fr\/privacy-policy\/\",\"name\":\"Privacy Policy - Consulmar Travel\",\"isPartOf\":{\"@id\":\"https:\/\/www.consulmartravel.com\/#website\"},\"datePublished\":\"2023-09-19T07:49:48+00:00\",\"dateModified\":\"2025-07-13T19:49:37+00:00\",\"breadcrumb\":{\"@id\":\"https:\/\/www.consulmartravel.com\/fr\/privacy-policy\/#breadcrumb\"},\"inLanguage\":\"fr-FR\",\"potentialAction\":[{\"@type\":\"ReadAction\",\"target\":[\"https:\/\/www.consulmartravel.com\/fr\/privacy-policy\/\"]}]},{\"@type\":\"BreadcrumbList\",\"@id\":\"https:\/\/www.consulmartravel.com\/fr\/privacy-policy\/#breadcrumb\",\"itemListElement\":[{\"@type\":\"ListItem\",\"position\":1,\"name\":\"Portada\",\"item\":\"https:\/\/www.consulmartravel.com\/\"},{\"@type\":\"ListItem\",\"position\":2,\"name\":\"Privacy Policy\"}]},{\"@type\":\"WebSite\",\"@id\":\"https:\/\/www.consulmartravel.com\/#website\",\"url\":\"https:\/\/www.consulmartravel.com\/\",\"name\":\"Consulmar Travel\",\"description\":\"Descubre la Magia de Guinea-Bissau y el Archipi\u00e9lago Bijag\u00f3s\",\"publisher\":{\"@id\":\"https:\/\/www.consulmartravel.com\/#organization\"},\"potentialAction\":[{\"@type\":\"SearchAction\",\"target\":{\"@type\":\"EntryPoint\",\"urlTemplate\":\"https:\/\/www.consulmartravel.com\/?s={search_term_string}\"},\"query-input\":{\"@type\":\"PropertyValueSpecification\",\"valueRequired\":true,\"valueName\":\"search_term_string\"}}],\"inLanguage\":\"fr-FR\"},{\"@type\":\"Organization\",\"@id\":\"https:\/\/www.consulmartravel.com\/#organization\",\"name\":\"Consulmar Travel\",\"url\":\"https:\/\/www.consulmartravel.com\/\",\"logo\":{\"@type\":\"ImageObject\",\"inLanguage\":\"fr-FR\",\"@id\":\"https:\/\/www.consulmartravel.com\/#\/schema\/logo\/image\/\",\"url\":\"https:\/\/www.consulmartravel.com\/wp-content\/uploads\/2025\/01\/Logo_2001_02.png\",\"contentUrl\":\"https:\/\/www.consulmartravel.com\/wp-content\/uploads\/2025\/01\/Logo_2001_02.png\",\"width\":2352,\"height\":1429,\"caption\":\"Consulmar Travel\"},\"image\":{\"@id\":\"https:\/\/www.consulmartravel.com\/#\/schema\/logo\/image\/\"},\"sameAs\":[\"https:\/\/www.instagram.com\/consulmar_travel\/\",\"https:\/\/www.youtube.com\/@consulmartravel\"]}]}<\/script>\n<!-- \/ Yoast SEO plugin. -->","yoast_head_json":{"title":"Privacy Policy - Consulmar Travel","robots":{"index":"index","follow":"follow","max-snippet":"max-snippet:-1","max-image-preview":"max-image-preview:large","max-video-preview":"max-video-preview:-1"},"canonical":"https:\/\/www.consulmartravel.com\/fr\/privacy-policy\/","og_locale":"fr_FR","og_type":"article","og_title":"Privacy Policy - Consulmar Travel","og_description":"Privacy Policy Introduction to Privacy Policy Ce site web (www.consulmartravel.com) est d\u00e9tenu et exploit\u00e9 par CONSULMAR BISSAU, qui est responsable du traitement des donn\u00e9es personnelles vis\u00e9es dans la pr\u00e9sente politique&hellip;","og_url":"https:\/\/www.consulmartravel.com\/fr\/privacy-policy\/","og_site_name":"Consulmar Travel","article_modified_time":"2025-07-13T19:49:37+00:00","twitter_card":"summary_large_image","twitter_misc":{"Dur\u00e9e de lecture estim\u00e9e":"10 minutes"},"schema":{"@context":"https:\/\/schema.org","@graph":[{"@type":"WebPage","@id":"https:\/\/www.consulmartravel.com\/fr\/privacy-policy\/","url":"https:\/\/www.consulmartravel.com\/fr\/privacy-policy\/","name":"Privacy Policy - Consulmar Travel","isPartOf":{"@id":"https:\/\/www.consulmartravel.com\/#website"},"datePublished":"2023-09-19T07:49:48+00:00","dateModified":"2025-07-13T19:49:37+00:00","breadcrumb":{"@id":"https:\/\/www.consulmartravel.com\/fr\/privacy-policy\/#breadcrumb"},"inLanguage":"fr-FR","potentialAction":[{"@type":"ReadAction","target":["https:\/\/www.consulmartravel.com\/fr\/privacy-policy\/"]}]},{"@type":"BreadcrumbList","@id":"https:\/\/www.consulmartravel.com\/fr\/privacy-policy\/#breadcrumb","itemListElement":[{"@type":"ListItem","position":1,"name":"Portada","item":"https:\/\/www.consulmartravel.com\/"},{"@type":"ListItem","position":2,"name":"Privacy Policy"}]},{"@type":"WebSite","@id":"https:\/\/www.consulmartravel.com\/#website","url":"https:\/\/www.consulmartravel.com\/","name":"Consulmar Travel","description":"Descubre la Magia de Guinea-Bissau y el Archipi\u00e9lago Bijag\u00f3s","publisher":{"@id":"https:\/\/www.consulmartravel.com\/#organization"},"potentialAction":[{"@type":"SearchAction","target":{"@type":"EntryPoint","urlTemplate":"https:\/\/www.consulmartravel.com\/?s={search_term_string}"},"query-input":{"@type":"PropertyValueSpecification","valueRequired":true,"valueName":"search_term_string"}}],"inLanguage":"fr-FR"},{"@type":"Organization","@id":"https:\/\/www.consulmartravel.com\/#organization","name":"Consulmar Travel","url":"https:\/\/www.consulmartravel.com\/","logo":{"@type":"ImageObject","inLanguage":"fr-FR","@id":"https:\/\/www.consulmartravel.com\/#\/schema\/logo\/image\/","url":"https:\/\/www.consulmartravel.com\/wp-content\/uploads\/2025\/01\/Logo_2001_02.png","contentUrl":"https:\/\/www.consulmartravel.com\/wp-content\/uploads\/2025\/01\/Logo_2001_02.png","width":2352,"height":1429,"caption":"Consulmar Travel"},"image":{"@id":"https:\/\/www.consulmartravel.com\/#\/schema\/logo\/image\/"},"sameAs":["https:\/\/www.instagram.com\/consulmar_travel\/","https:\/\/www.youtube.com\/@consulmartravel"]}]}},"_links":{"self":[{"href":"https:\/\/www.consulmartravel.com\/fr\/wp-json\/wp\/v2\/pages\/27932","targetHints":{"allow":["GET"]}}],"collection":[{"href":"https:\/\/www.consulmartravel.com\/fr\/wp-json\/wp\/v2\/pages"}],"about":[{"href":"https:\/\/www.consulmartravel.com\/fr\/wp-json\/wp\/v2\/types\/page"}],"author":[{"embeddable":true,"href":"https:\/\/www.consulmartravel.com\/fr\/wp-json\/wp\/v2\/users\/4"}],"replies":[{"embeddable":true,"href":"https:\/\/www.consulmartravel.com\/fr\/wp-json\/wp\/v2\/comments?post=27932"}],"version-history":[{"count":1,"href":"https:\/\/www.consulmartravel.com\/fr\/wp-json\/wp\/v2\/pages\/27932\/revisions"}],"predecessor-version":[{"id":27933,"href":"https:\/\/www.consulmartravel.com\/fr\/wp-json\/wp\/v2\/pages\/27932\/revisions\/27933"}],"wp:attachment":[{"href":"https:\/\/www.consulmartravel.com\/fr\/wp-json\/wp\/v2\/media?parent=27932"}],"curies":[{"name":"wp","href":"https:\/\/api.w.org\/{rel}","templated":true}]}}