{"id":28010,"date":"2025-01-21T11:56:39","date_gmt":"2025-01-21T10:56:39","guid":{"rendered":"https:\/\/www.consulmartravel.com\/politique-en-matiere-de-cookies\/"},"modified":"2025-07-14T13:29:23","modified_gmt":"2025-07-14T11:29:23","slug":"politique-en-matiere-de-cookies","status":"publish","type":"page","link":"https:\/\/www.consulmartravel.com\/fr\/politique-en-matiere-de-cookies\/","title":{"rendered":"Politique en mati\u00e8re de cookies"},"content":{"rendered":"&#13;\n<p><strong>Consulmar Bissau <\/strong>vous informe que notre site Internet utilise des cookies pour analyser la navigation des utilisateurs.<\/p>&#13;\n&#13;\n<p><strong>Qu&rsquo;est-ce qu&rsquo;un biscuit ?<\/strong><br\/>Les cookies sont des fichiers install\u00e9s sur l&rsquo;ordinateur \u00e0 partir duquel vous acc\u00e9dez \u00e0 notre site web. Gr\u00e2ce aux cookies, nous pouvons collecter des informations sur les habitudes de navigation des utilisateurs et les utiliser pour vous offrir un meilleur service. L&rsquo;utilisation la plus courante est la collecte d&rsquo;informations statistiques. Pratiquement tous les sites web utilisent des cookies.   <\/p>&#13;\n&#13;\n<p>Les cat\u00e9gories suivantes de cookies sont utilis\u00e9es sur ce site web :<\/p>&#13;\n&#13;\n<p><strong>Cookies strictement n\u00e9cessaires<\/strong><\/p>&#13;\n&#13;\n<p>Ils permettent \u00e0 l&rsquo;utilisateur de naviguer sur un site web, une plateforme ou une application et d&rsquo;utiliser les diff\u00e9rentes options ou services qui y sont propos\u00e9s, comme, par exemple, le contr\u00f4le du trafic et de la communication des donn\u00e9es, l&rsquo;identification de la session, l&rsquo;acc\u00e8s \u00e0 des zones restreintes, la m\u00e9morisation des \u00e9l\u00e9ments qui composent une commande, l&rsquo;ex\u00e9cution du processus d&rsquo;achat d&rsquo;une commande ou l&rsquo;utilisation d&rsquo;\u00e9l\u00e9ments de s\u00e9curit\u00e9 lors de la navigation.<\/p>&#13;\n&#13;\n<figure class=\"wp-block-table\">&#13;\n<table class=\"has-fixed-layout\">&#13;\n<thead>&#13;\n<tr>&#13;\n<td colspan=\"3\"><strong>Cookies strictement n\u00e9cessaires<\/strong><\/td>&#13;\n<td colspan=\"2\">\u00a0<\/td>&#13;\n<\/tr>&#13;\n<tr>&#13;\n<td><strong>Cookies subgroup<\/strong><\/td>&#13;\n<td><strong>Cookies<\/strong><\/td>&#13;\n<td colspan=\"2\"><strong>Cookies used<\/strong><\/td>&#13;\n<td><strong>Shelf life<\/strong><\/td>&#13;\n<\/tr>&#13;\n<\/thead>&#13;\n<tbody>&#13;\n<tr>&#13;\n<td>consulmarbissau.com<\/td>&#13;\n<td><a href=\"https:\/\/cookiepedia.co.uk\/cookies\/OptanonConsent\" target=\"_blank\" rel=\"noreferrer noopener\">OptanonConsent <\/a>, <a href=\"https:\/\/cookiepedia.co.uk\/cookies\/OptanonAlertBoxClosed\" target=\"_blank\" rel=\"noreferrer noopener\">OptanonAlertBoxClosed <\/a>, <a href=\"https:\/\/cookiepedia.co.uk\/cookies\/eupubconsent\" target=\"_blank\" rel=\"noreferrer noopener\">eupubconsent<\/a><\/td>&#13;\n<td colspan=\"2\">Propia<\/td>&#13;\n<td>364 Days, 364 Days, 2914193 Days<\/td>&#13;\n<\/tr>&#13;\n<tr>&#13;\n<td>www.consulmarbissau.com<\/td>&#13;\n<td><a href=\"https:\/\/cookiepedia.co.uk\/cookies\/adaptive_image\" target=\"_blank\" rel=\"noreferrer noopener\">adaptive_image <\/a>, <a href=\"https:\/\/cookiepedia.co.uk\/cookies\/has_js\" target=\"_blank\" rel=\"noreferrer noopener\">has_js<\/a><\/td>&#13;\n<td colspan=\"2\">Propia<\/td>&#13;\n<td>364 Days, 364 Days<\/td>&#13;\n<\/tr>&#13;\n<tr>&#13;\n<td><a href=\"https:\/\/cookiepedia.co.uk\/host\/cookiepro.com\" target=\"_blank\" rel=\"noreferrer noopener\">cookiepro.com<\/a><\/td>&#13;\n<td>__cfduid<\/td>&#13;\n<td colspan=\"2\">Troisi\u00e8mement<\/td>&#13;\n<td>1122 Days<\/td>&#13;\n<\/tr>&#13;\n<tr>&#13;\n<td>\u00a0<\/td>&#13;\n<td>\u00a0<\/td>&#13;\n<td>\u00a0<\/td>&#13;\n<td>\u00a0<\/td>&#13;\n<td>\u00a0<\/td>&#13;\n<\/tr>&#13;\n<\/tbody>&#13;\n<\/table>&#13;\n<\/figure>&#13;\n&#13;\n<p><strong>Analytical Cookies<\/strong><\/p>&#13;\n&#13;\n<p>They are used to analyze users&rsquo; browsing habits in order to optimize functionalities and technical and operational maintenance and to ensure the best possible experience.<\/p>&#13;\n&#13;\n<figure class=\"wp-block-table\">&#13;\n<table class=\"has-fixed-layout\">&#13;\n<thead>&#13;\n<tr>&#13;\n<td colspan=\"5\"><strong>Analytical Cookies<\/strong><\/td>&#13;\n<\/tr>&#13;\n<tr>&#13;\n<td><strong>Cookies subgroup<\/strong><\/td>&#13;\n<td><strong>Cookies<\/strong><\/td>&#13;\n<td><strong>Cookies used<\/strong><\/td>&#13;\n<td><strong>Shelf life<\/strong><\/td>&#13;\n<td>\u00a0<\/td>&#13;\n<\/tr>&#13;\n<\/thead>&#13;\n<tbody>&#13;\n<tr>&#13;\n<td>consulmartravel.com<\/td>&#13;\n<td><a href=\"https:\/\/cookiepedia.co.uk\/cookies\/_ga\" target=\"_blank\" rel=\"noreferrer noopener\">_ga <\/a>, <a href=\"https:\/\/cookiepedia.co.uk\/cookies\/_ga_xxxxxxxxxx\" target=\"_blank\" rel=\"noreferrer noopener\">_ga_xxxxxxxxxx <\/a>, <a href=\"https:\/\/cookiepedia.co.uk\/cookies\/_gid\" target=\"_blank\" rel=\"noreferrer noopener\">_gid <\/a>, <a href=\"https:\/\/cookiepedia.co.uk\/cookies\/_gat\" target=\"_blank\" rel=\"noreferrer noopener\">_gat<\/a><\/td>&#13;\n<td>Propia<\/td>&#13;\n<td>399 Days, 399 Days, A Few Seconds, A Few Seconds<\/td>&#13;\n<td>\u00a0<\/td>&#13;\n<\/tr>&#13;\n<\/tbody>&#13;\n<\/table>&#13;\n<\/figure>&#13;\n&#13;\n<p><strong>Personalization cookies<\/strong><\/p>&#13;\n&#13;\n<p>Ils permettent de m\u00e9moriser des informations afin que l&rsquo;utilisateur puisse acc\u00e9der au service avec certaines caract\u00e9ristiques qui peuvent diff\u00e9rencier son exp\u00e9rience de celle d&rsquo;autres utilisateurs, comme, par exemple, la langue, le nombre de r\u00e9sultats \u00e0 afficher lorsque l&rsquo;utilisateur effectue une recherche, l&rsquo;apparence ou le contenu du service en fonction du type de navigateur utilis\u00e9.<\/p>&#13;\n&#13;\n<figure class=\"wp-block-table\">&#13;\n<table class=\"has-fixed-layout\">&#13;\n<thead>&#13;\n<tr>&#13;\n<td colspan=\"5\"><strong>Personalization cookies<\/strong><\/td>&#13;\n<\/tr>&#13;\n<tr>&#13;\n<td><strong>Cookies subgroup<\/strong><\/td>&#13;\n<td><strong>Cookies<\/strong><\/td>&#13;\n<td><strong>Cookies used<\/strong><\/td>&#13;\n<td><strong>Shelf life<\/strong><\/td>&#13;\n<td>\u00a0<\/td>&#13;\n<\/tr>&#13;\n<\/thead>&#13;\n<tbody>&#13;\n<tr>&#13;\n<td>consulmartravel.com<\/td>&#13;\n<td><a href=\"https:\/\/cookiepedia.co.uk\/cookies\/has_js\" target=\"_blank\" rel=\"noreferrer noopener\">has_js<\/a><\/td>&#13;\n<td>Propia<\/td>&#13;\n<td>364 jours<\/td>&#13;\n<td>\u00a0<\/td>&#13;\n<\/tr>&#13;\n<\/tbody>&#13;\n<\/table>&#13;\n<\/figure>&#13;\n&#13;\n<p><strong>Advertising Cookies<\/strong><\/p>&#13;\n&#13;\n<p>Ce sont ceux qui permettent de stocker des informations sur le comportement des utilisateurs, obtenues par l&rsquo;observation continue de leurs habitudes de navigation, ce qui permet de d\u00e9velopper un profil d&rsquo;utilisateur sp\u00e9cifique. Ils sont ainsi utilis\u00e9s pour personnaliser les campagnes publicitaires en fonction des pr\u00e9f\u00e9rences de l&rsquo;utilisateur. <\/p>&#13;\n&#13;\n<figure class=\"wp-block-table\">&#13;\n<table class=\"has-fixed-layout\">&#13;\n<thead>&#13;\n<tr>&#13;\n<td colspan=\"5\"><strong>Advertising Cookies<\/strong><\/td>&#13;\n<\/tr>&#13;\n<tr>&#13;\n<td><strong>Cookies subgroup<\/strong><\/td>&#13;\n<td><strong>Cookies<\/strong><\/td>&#13;\n<td><strong>Cookies used<\/strong><\/td>&#13;\n<td><strong>Shelf life<\/strong><\/td>&#13;\n<td>\u00a0<\/td>&#13;\n<\/tr>&#13;\n<\/thead>&#13;\n<tbody>&#13;\n<tr>&#13;\n<td><a href=\"https:\/\/cookiepedia.co.uk\/host\/youtube-nocookie.com\" target=\"_blank\" rel=\"noreferrer noopener\">youtube-nocookie.com<\/a><\/td>&#13;\n<td>CONSENT<\/td>&#13;\n<td>Troisi\u00e8mement<\/td>&#13;\n<td>6170 Jours<\/td>&#13;\n<td>\u00a0<\/td>&#13;\n<\/tr>&#13;\n<tr>&#13;\n<td><a href=\"https:\/\/cookiepedia.co.uk\/host\/www.youtube.com\" target=\"_blank\" rel=\"noreferrer noopener\">www.youtube.com<\/a><\/td>&#13;\n<td>TESTCOOKIESENABLED<\/td>&#13;\n<td>Troisi\u00e8mement<\/td>&#13;\n<td>Quelques secondes<\/td>&#13;\n<td>\u00a0<\/td>&#13;\n<\/tr>&#13;\n<tr>&#13;\n<td><a href=\"https:\/\/cookiepedia.co.uk\/host\/youtube.com\" target=\"_blank\" rel=\"noreferrer noopener\">youtube.com<\/a><\/td>&#13;\n<td>VISITOR_PRIVACY_METADATA, YSC, VISITOR_INFO1_LIVE, GPS, CONSENT<\/td>&#13;\n<td>Troisi\u00e8mement<\/td>&#13;\n<td>179 jours, 364 jours, 179 jours, quelques secondes, 729 jours<\/td>&#13;\n<td>\u00a0<\/td>&#13;\n<\/tr>&#13;\n<\/tbody>&#13;\n<\/table>&#13;\n<\/figure>&#13;\n&#13;\n<p>Configure<\/p>&#13;\n&#13;\n<p><strong>Google:<\/strong><\/p>&#13;\n&#13;\n<p>Nous utilisons les services de Google Analytics, Google Maps et Youtube. L&rsquo;utilisation de ces outils implique que Google utilise des cookies pour collecter des informations sur l&rsquo;utilisation de notre site web. Les cookies sont utilis\u00e9s pour collecter des informations d\u00e9mographiques et des informations sur les int\u00e9r\u00eats de l&rsquo;utilisateur qui visite le site, ainsi que sur l&rsquo;utilisation et le comportement de l&rsquo;utilisateur sur le site, y compris des informations reliant votre visite sur notre site \u00e0 votre compte Google, si vous \u00eates connect\u00e9.  <\/p>&#13;\n&#13;\n<p>Google utilise certains de ces cookies dans le but d&rsquo;am\u00e9liorer l&rsquo;efficacit\u00e9 de la publicit\u00e9, comme les fonctions de Google Analytics qu&rsquo;il a mises en place pour la publicit\u00e9 par affichage (remarketing, rapports d&rsquo;impression de Google Display Network, int\u00e9gration de DoubleClick Campaign Manager ou rapports d\u00e9mographiques et d&rsquo;int\u00e9r\u00eat de Google Analytics). Les informations relatives \u00e0 votre utilisation de notre site, y compris votre adresse IP, peuvent \u00eatre transmises \u00e0 Google et stock\u00e9es sur ses serveurs. <\/p>&#13;\n&#13;\n<p>Vous trouverez plus d&rsquo;informations sur l&rsquo;utilisation de ses cookies et sa politique de confidentialit\u00e9 dans les liens suivants.<\/p>&#13;\n\r\n<ul class=\"wp-block-list\">&#13;\n<li><a href=\"http:\/\/www.google.es\/intl\/es\/policies\/privacy\/\" target=\"_blank\" rel=\"noreferrer noopener\">R\u00e8gles de confidentialit\u00e9 de Google<\/a><\/li>&#13;\n\r\n\r\n&#13;\n<li><a href=\"https:\/\/www.google.es\/intl\/es\/policies\/technologies\/cookies\/\" target=\"_blank\" rel=\"noreferrer noopener\">Comment Google utilise-t-il les cookies ?<\/a><\/li>&#13;\n\r\n\r\n&#13;\n<li><a href=\"http:\/\/www.google.es\/intl\/es\/policies\/technologies\/types\/\" target=\"_blank\" rel=\"noreferrer noopener\">Types de cookies utilis\u00e9s par Google<\/a><\/li>&#13;\n<\/ul>\r\n&#13;\n<p><br\/><strong>\u00c0 quoi servent les donn\u00e9es ?<\/strong><br\/>Les informations obtenues par l&rsquo;utilisation de ces cookies sont utilis\u00e9es pour am\u00e9liorer notre site web, d\u00e9tecter de nouveaux besoins et \u00e9valuer les am\u00e9liorations \u00e0 apporter afin de fournir un meilleur service.<\/p>&#13;\n&#13;\n<p><br\/><strong>Comment g\u00e9rer les cookies ?<\/strong><br\/>Si vous souhaitez autoriser, bloquer ou supprimer les cookies install\u00e9s sur votre ordinateur, qu&rsquo;ils proviennent de notre site ou d&rsquo;autres sites, vous pouvez le faire en configurant les options du navigateur install\u00e9 sur votre ordinateur. Les navigateurs les plus courants sont les suivants <\/p>&#13;\n\r\n<ul class=\"wp-block-list\">&#13;\n<li>Firefox: <a href=\"https:\/\/support.mozilla.org\/es\/kb\/habilitar-y-deshabilitar-cookies-que-los-sitios-we\" target=\"_blank\" rel=\"noreferrer noopener\">https:\/\/support.mozilla.org\/es\/kb\/habilitar-y-deshabilitar-cookies-que-los-sitios-we<\/a><\/li>&#13;\n\r\n\r\n&#13;\n<li>Chrome: <a href=\"https:\/\/support.google.com\/chrome\/answer\/95647?hl=es\" target=\"_blank\" rel=\"noreferrer noopener\">https:\/\/support.google.com\/chrome\/answer\/95647?hl=es<\/a><\/li>&#13;\n\r\n\r\n&#13;\n<li>Explorer: <a href=\"http:\/\/windows.microsoft.com\/es-es\/windows7\/how-to-manage-cookies-in-internet-explorer-9\" target=\"_blank\" rel=\"noreferrer noopener\">http:\/\/windows.microsoft.com\/es-es\/windows7\/how-to-manage-cookies-in-internet-explorer-9<\/a><\/li>&#13;\n\r\n\r\n&#13;\n<li>Safari: <a href=\"http:\/\/support.apple.com\/kb\/ph5042\" target=\"_blank\" rel=\"noreferrer noopener\">http:\/\/support.apple.com\/kb\/ph5042<\/a><\/li>&#13;\n\r\n\r\n&#13;\n<li>Opera: <a href=\"http:\/\/help.opera.com\/Windows\/11.50\/es-ES\/cookies.html\">http:\/\/help.opera.com\/Windows\/11.50\/es-ES\/cookies.html<\/a><\/li>&#13;\n<\/ul>\r\n","protected":false},"excerpt":{"rendered":"<p>&#13; Consulmar Bissau vous informe que notre site Internet utilise des cookies pour analyser la navigation des utilisateurs. &#13; &#13; Qu&rsquo;est-ce qu&rsquo;un biscuit ?Les cookies sont des fichiers install\u00e9s sur&hellip;<\/p>\n","protected":false},"author":1,"featured_media":0,"parent":0,"menu_order":0,"comment_status":"closed","ping_status":"closed","template":"","meta":{"footnotes":""},"class_list":["post-28010","page","type-page","status-publish","hentry"],"yoast_head":"<!-- This site is optimized with the Yoast SEO plugin v25.5 - https:\/\/yoast.com\/wordpress\/plugins\/seo\/ -->\n<title>Politique en mati\u00e8re de cookies - Consulmar Travel<\/title>\n<meta name=\"robots\" content=\"index, follow, max-snippet:-1, max-image-preview:large, max-video-preview:-1\" \/>\n<link rel=\"canonical\" href=\"https:\/\/www.consulmartravel.com\/fr\/politique-en-matiere-de-cookies\/\" \/>\n<meta property=\"og:locale\" content=\"fr_FR\" \/>\n<meta property=\"og:type\" content=\"article\" \/>\n<meta property=\"og:title\" content=\"Politique en mati\u00e8re de cookies - Consulmar Travel\" \/>\n<meta property=\"og:description\" content=\"&#013; Consulmar Bissau vous informe que notre site Internet utilise des cookies pour analyser la navigation des utilisateurs. &#013; &#013; Qu&rsquo;est-ce qu&rsquo;un biscuit ?Les cookies sont des fichiers install\u00e9s sur&hellip;\" \/>\n<meta property=\"og:url\" content=\"https:\/\/www.consulmartravel.com\/fr\/politique-en-matiere-de-cookies\/\" \/>\n<meta property=\"og:site_name\" content=\"Consulmar Travel\" \/>\n<meta property=\"article:modified_time\" content=\"2025-07-14T11:29:23+00:00\" \/>\n<meta name=\"twitter:card\" content=\"summary_large_image\" \/>\n<meta name=\"twitter:label1\" content=\"Dur\u00e9e de lecture estim\u00e9e\" \/>\n\t<meta name=\"twitter:data1\" content=\"4 minutes\" \/>\n<script type=\"application\/ld+json\" class=\"yoast-schema-graph\">{\"@context\":\"https:\/\/schema.org\",\"@graph\":[{\"@type\":\"WebPage\",\"@id\":\"https:\/\/www.consulmartravel.com\/fr\/politique-en-matiere-de-cookies\/\",\"url\":\"https:\/\/www.consulmartravel.com\/fr\/politique-en-matiere-de-cookies\/\",\"name\":\"Politique en mati\u00e8re de cookies - Consulmar Travel\",\"isPartOf\":{\"@id\":\"https:\/\/www.consulmartravel.com\/#website\"},\"datePublished\":\"2025-01-21T10:56:39+00:00\",\"dateModified\":\"2025-07-14T11:29:23+00:00\",\"breadcrumb\":{\"@id\":\"https:\/\/www.consulmartravel.com\/fr\/politique-en-matiere-de-cookies\/#breadcrumb\"},\"inLanguage\":\"fr-FR\",\"potentialAction\":[{\"@type\":\"ReadAction\",\"target\":[\"https:\/\/www.consulmartravel.com\/fr\/politique-en-matiere-de-cookies\/\"]}]},{\"@type\":\"BreadcrumbList\",\"@id\":\"https:\/\/www.consulmartravel.com\/fr\/politique-en-matiere-de-cookies\/#breadcrumb\",\"itemListElement\":[{\"@type\":\"ListItem\",\"position\":1,\"name\":\"Portada\",\"item\":\"https:\/\/www.consulmartravel.com\/\"},{\"@type\":\"ListItem\",\"position\":2,\"name\":\"Politique en mati\u00e8re de cookies\"}]},{\"@type\":\"WebSite\",\"@id\":\"https:\/\/www.consulmartravel.com\/#website\",\"url\":\"https:\/\/www.consulmartravel.com\/\",\"name\":\"Consulmar Travel\",\"description\":\"Descubre la Magia de Guinea-Bissau y el Archipi\u00e9lago Bijag\u00f3s\",\"publisher\":{\"@id\":\"https:\/\/www.consulmartravel.com\/#organization\"},\"potentialAction\":[{\"@type\":\"SearchAction\",\"target\":{\"@type\":\"EntryPoint\",\"urlTemplate\":\"https:\/\/www.consulmartravel.com\/?s={search_term_string}\"},\"query-input\":{\"@type\":\"PropertyValueSpecification\",\"valueRequired\":true,\"valueName\":\"search_term_string\"}}],\"inLanguage\":\"fr-FR\"},{\"@type\":\"Organization\",\"@id\":\"https:\/\/www.consulmartravel.com\/#organization\",\"name\":\"Consulmar Travel\",\"url\":\"https:\/\/www.consulmartravel.com\/\",\"logo\":{\"@type\":\"ImageObject\",\"inLanguage\":\"fr-FR\",\"@id\":\"https:\/\/www.consulmartravel.com\/#\/schema\/logo\/image\/\",\"url\":\"https:\/\/www.consulmartravel.com\/wp-content\/uploads\/2025\/01\/Logo_2001_02.png\",\"contentUrl\":\"https:\/\/www.consulmartravel.com\/wp-content\/uploads\/2025\/01\/Logo_2001_02.png\",\"width\":2352,\"height\":1429,\"caption\":\"Consulmar Travel\"},\"image\":{\"@id\":\"https:\/\/www.consulmartravel.com\/#\/schema\/logo\/image\/\"},\"sameAs\":[\"https:\/\/www.instagram.com\/consulmar_travel\/\",\"https:\/\/www.youtube.com\/@consulmartravel\"]}]}<\/script>\n<!-- \/ Yoast SEO plugin. -->","yoast_head_json":{"title":"Politique en mati\u00e8re de cookies - Consulmar Travel","robots":{"index":"index","follow":"follow","max-snippet":"max-snippet:-1","max-image-preview":"max-image-preview:large","max-video-preview":"max-video-preview:-1"},"canonical":"https:\/\/www.consulmartravel.com\/fr\/politique-en-matiere-de-cookies\/","og_locale":"fr_FR","og_type":"article","og_title":"Politique en mati\u00e8re de cookies - Consulmar Travel","og_description":"&#13; Consulmar Bissau vous informe que notre site Internet utilise des cookies pour analyser la navigation des utilisateurs. &#13; &#13; Qu&rsquo;est-ce qu&rsquo;un biscuit ?Les cookies sont des fichiers install\u00e9s sur&hellip;","og_url":"https:\/\/www.consulmartravel.com\/fr\/politique-en-matiere-de-cookies\/","og_site_name":"Consulmar Travel","article_modified_time":"2025-07-14T11:29:23+00:00","twitter_card":"summary_large_image","twitter_misc":{"Dur\u00e9e de lecture estim\u00e9e":"4 minutes"},"schema":{"@context":"https:\/\/schema.org","@graph":[{"@type":"WebPage","@id":"https:\/\/www.consulmartravel.com\/fr\/politique-en-matiere-de-cookies\/","url":"https:\/\/www.consulmartravel.com\/fr\/politique-en-matiere-de-cookies\/","name":"Politique en mati\u00e8re de cookies - Consulmar Travel","isPartOf":{"@id":"https:\/\/www.consulmartravel.com\/#website"},"datePublished":"2025-01-21T10:56:39+00:00","dateModified":"2025-07-14T11:29:23+00:00","breadcrumb":{"@id":"https:\/\/www.consulmartravel.com\/fr\/politique-en-matiere-de-cookies\/#breadcrumb"},"inLanguage":"fr-FR","potentialAction":[{"@type":"ReadAction","target":["https:\/\/www.consulmartravel.com\/fr\/politique-en-matiere-de-cookies\/"]}]},{"@type":"BreadcrumbList","@id":"https:\/\/www.consulmartravel.com\/fr\/politique-en-matiere-de-cookies\/#breadcrumb","itemListElement":[{"@type":"ListItem","position":1,"name":"Portada","item":"https:\/\/www.consulmartravel.com\/"},{"@type":"ListItem","position":2,"name":"Politique en mati\u00e8re de cookies"}]},{"@type":"WebSite","@id":"https:\/\/www.consulmartravel.com\/#website","url":"https:\/\/www.consulmartravel.com\/","name":"Consulmar Travel","description":"Descubre la Magia de Guinea-Bissau y el Archipi\u00e9lago Bijag\u00f3s","publisher":{"@id":"https:\/\/www.consulmartravel.com\/#organization"},"potentialAction":[{"@type":"SearchAction","target":{"@type":"EntryPoint","urlTemplate":"https:\/\/www.consulmartravel.com\/?s={search_term_string}"},"query-input":{"@type":"PropertyValueSpecification","valueRequired":true,"valueName":"search_term_string"}}],"inLanguage":"fr-FR"},{"@type":"Organization","@id":"https:\/\/www.consulmartravel.com\/#organization","name":"Consulmar Travel","url":"https:\/\/www.consulmartravel.com\/","logo":{"@type":"ImageObject","inLanguage":"fr-FR","@id":"https:\/\/www.consulmartravel.com\/#\/schema\/logo\/image\/","url":"https:\/\/www.consulmartravel.com\/wp-content\/uploads\/2025\/01\/Logo_2001_02.png","contentUrl":"https:\/\/www.consulmartravel.com\/wp-content\/uploads\/2025\/01\/Logo_2001_02.png","width":2352,"height":1429,"caption":"Consulmar Travel"},"image":{"@id":"https:\/\/www.consulmartravel.com\/#\/schema\/logo\/image\/"},"sameAs":["https:\/\/www.instagram.com\/consulmar_travel\/","https:\/\/www.youtube.com\/@consulmartravel"]}]}},"_links":{"self":[{"href":"https:\/\/www.consulmartravel.com\/fr\/wp-json\/wp\/v2\/pages\/28010","targetHints":{"allow":["GET"]}}],"collection":[{"href":"https:\/\/www.consulmartravel.com\/fr\/wp-json\/wp\/v2\/pages"}],"about":[{"href":"https:\/\/www.consulmartravel.com\/fr\/wp-json\/wp\/v2\/types\/page"}],"author":[{"embeddable":true,"href":"https:\/\/www.consulmartravel.com\/fr\/wp-json\/wp\/v2\/users\/1"}],"replies":[{"embeddable":true,"href":"https:\/\/www.consulmartravel.com\/fr\/wp-json\/wp\/v2\/comments?post=28010"}],"version-history":[{"count":1,"href":"https:\/\/www.consulmartravel.com\/fr\/wp-json\/wp\/v2\/pages\/28010\/revisions"}],"predecessor-version":[{"id":28011,"href":"https:\/\/www.consulmartravel.com\/fr\/wp-json\/wp\/v2\/pages\/28010\/revisions\/28011"}],"wp:attachment":[{"href":"https:\/\/www.consulmartravel.com\/fr\/wp-json\/wp\/v2\/media?parent=28010"}],"curies":[{"name":"wp","href":"https:\/\/api.w.org\/{rel}","templated":true}]}}