{"id":27888,"date":"2025-02-19T12:04:42","date_gmt":"2025-02-19T11:04:42","guid":{"rendered":"https:\/\/www.consulmartravel.com\/actividades\/"},"modified":"2025-07-13T20:59:23","modified_gmt":"2025-07-13T18:59:23","slug":"actividades","status":"publish","type":"page","link":"https:\/\/www.consulmartravel.com\/pt-pt\/actividades\/","title":{"rendered":"Actividades"},"content":{"rendered":"\t\t<div data-elementor-type=\"wp-page\" data-elementor-id=\"27888\" class=\"elementor elementor-27888 elementor-24768\">\n\t\t\t\t\t\t<section class=\"elementor-section elementor-top-section elementor-element elementor-element-24862f0 elementor-section-boxed elementor-section-height-default elementor-section-height-default sc_fly_static\" data-id=\"24862f0\" data-element_type=\"section\">\n\t\t\t\t\t\t<div class=\"elementor-container elementor-column-gap-extended\">\n\t\t\t\t\t<div class=\"elementor-column elementor-col-100 elementor-top-column elementor-element elementor-element-83d81c6 sc_content_align_inherit sc_layouts_column_icons_position_left sc_fly_static\" data-id=\"83d81c6\" data-element_type=\"column\">\n\t\t\t<div class=\"elementor-widget-wrap elementor-element-populated\">\n\t\t\t\t\t\t<div class=\"elementor-element elementor-element-4c2dae9 sc_fly_static elementor-widget elementor-widget-heading\" data-id=\"4c2dae9\" data-element_type=\"widget\" data-widget_type=\"heading.default\">\n\t\t\t\t<div class=\"elementor-widget-container\">\n\t\t\t\t\t<h2 class=\"elementor-heading-title elementor-size-default\">\ud83d\uddfa\ufe0fActividades na Guin\u00e9-Bissau e no Arquip\u00e9lago Bijag\u00f3s\ud83d\uddfa\ufe0f<\/h2>\t\t\t\t<\/div>\n\t\t\t\t<\/div>\n\t\t\t\t\t<\/div>\n\t\t<\/div>\n\t\t\t\t\t<\/div>\n\t\t<\/section>\n\t\t\t\t<section class=\"elementor-section elementor-top-section elementor-element elementor-element-e1b2d9b elementor-section-boxed elementor-section-height-default elementor-section-height-default sc_fly_static\" data-id=\"e1b2d9b\" data-element_type=\"section\">\n\t\t\t\t\t\t<div class=\"elementor-container elementor-column-gap-extended\">\n\t\t\t\t\t<div class=\"elementor-column elementor-col-100 elementor-top-column elementor-element elementor-element-48c08c4 sc_content_align_inherit sc_layouts_column_icons_position_left sc_fly_static\" data-id=\"48c08c4\" data-element_type=\"column\">\n\t\t\t<div class=\"elementor-widget-wrap elementor-element-populated\">\n\t\t\t\t\t\t<div class=\"elementor-element elementor-element-6b70d98 sc_height_tiny sc_fly_static elementor-widget elementor-widget-spacer\" data-id=\"6b70d98\" data-element_type=\"widget\" data-widget_type=\"spacer.default\">\n\t\t\t\t<div class=\"elementor-widget-container\">\n\t\t\t\t\t\t\t<div class=\"elementor-spacer\">\n\t\t\t<div class=\"elementor-spacer-inner\"><\/div>\n\t\t<\/div>\n\t\t\t\t\t\t<\/div>\n\t\t\t\t<\/div>\n\t\t\t\t\t<\/div>\n\t\t<\/div>\n\t\t\t\t\t<\/div>\n\t\t<\/section>\n\t\t\t\t<section class=\"elementor-section elementor-top-section elementor-element elementor-element-e801d75 elementor-section-boxed elementor-section-height-default elementor-section-height-default sc_fly_static\" data-id=\"e801d75\" data-element_type=\"section\">\n\t\t\t\t\t\t<div class=\"elementor-container elementor-column-gap-extended\">\n\t\t\t\t\t<div class=\"elementor-column elementor-col-100 elementor-top-column elementor-element elementor-element-49b96e0 sc_content_align_inherit sc_layouts_column_icons_position_left sc_fly_static\" data-id=\"49b96e0\" data-element_type=\"column\">\n\t\t\t<div class=\"elementor-widget-wrap elementor-element-populated\">\n\t\t\t\t\t\t<div class=\"elementor-element elementor-element-422b464 sc_fly_static elementor-widget elementor-widget-heading\" data-id=\"422b464\" data-element_type=\"widget\" data-widget_type=\"heading.default\">\n\t\t\t\t<div class=\"elementor-widget-container\">\n\t\t\t\t\t<h4 class=\"elementor-heading-title elementor-size-default\">Explore as melhores actividades na Guin\u00e9-Bissau e no Arquip\u00e9lago dos Bijag\u00f3s<\/h4>\t\t\t\t<\/div>\n\t\t\t\t<\/div>\n\t\t\t\t<div class=\"elementor-element elementor-element-0d6292d sc_height_tiny sc_fly_static elementor-widget elementor-widget-spacer\" data-id=\"0d6292d\" data-element_type=\"widget\" data-widget_type=\"spacer.default\">\n\t\t\t\t<div class=\"elementor-widget-container\">\n\t\t\t\t\t\t\t<div class=\"elementor-spacer\">\n\t\t\t<div class=\"elementor-spacer-inner\"><\/div>\n\t\t<\/div>\n\t\t\t\t\t\t<\/div>\n\t\t\t\t<\/div>\n\t\t\t\t<div class=\"elementor-element elementor-element-526f72e sc_fly_static elementor-widget elementor-widget-text-editor\" data-id=\"526f72e\" data-element_type=\"widget\" data-widget_type=\"text-editor.default\">\n\t\t\t\t<div class=\"elementor-widget-container\">\n\t\t\t\t\t\t\t\t\t<p class=\"\" data-start=\"221\" data-end=\"306\"><span style=\"color: #000000;\"><strong data-start=\"496\" data-end=\"558\">As actividades na Guin\u00e9-Bissau e no Arquip\u00e9lago dos Bijag\u00f3s <\/strong>oferecem uma imers\u00e3o \u00fanica na natureza, na hist\u00f3ria e na diversidade cultural do pa\u00eds. Desde a observa\u00e7\u00e3o de hipop\u00f3tamos e tartarugas no seu habitat natural a caminhadas por selvas e mangais, pesca tradicional ou visitas a aldeias remotas, cada experi\u00eancia liga o viajante ao ambiente de uma forma profunda e respeitadora. <\/span><\/p><h4 data-start=\"221\" data-end=\"306\"><span style=\"color: #000000;\">\ud83c\udf3f <a href=\"https:\/\/bissau.consulmartravel.com\/naturaleza\">Riqueza natural<\/a><\/span><span style=\"color: #000000;\">\ud83c\udf3f<\/span><\/h4><p data-start=\"1161\" data-end=\"1494\"><span style=\"color: #000000;\">A Guin\u00e9-Bissau \u00e9 conhecida pelas suas paisagens naturais \u00fanicas na \u00c1frica Ocidental. As lagoas de Cufada, as florestas interiores e os mangais costeiros albergam uma biodiversidade excecional. O Arquip\u00e9lago dos Bijag\u00f3s, Reserva da Biosfera da UNESCO, alberga hipop\u00f3tamos de \u00e1gua salgada e tartarugas marinhas. As excurs\u00f5es de <a href=\"https:\/\/www.consulmartravel.com\/pt-pt\/lancha\/\">lancha r\u00e1pida<\/a> permitem-lhe explorar ilhas virgens onde a natureza permanece intocada.   <\/span><\/p><h4 data-start=\"337\" data-end=\"365\"><span style=\"color: #000000;\">\ud83c\udfdb\ufe0f <a href=\"https:\/\/bissau.consulmartravel.com\/historia\">Patrimonio hist\u00f3rica<\/a><\/span><span style=\"color: #000000;\">\ud83c\udfdb\ufe0f<\/span><\/h4><p><span style=\"color: #000000;\">Cidades como Bissau, Cacheu, Bolama e Bafat\u00e1 conservam vest\u00edgios da coloniza\u00e7\u00e3o portuguesa, do com\u00e9rcio atl\u00e2ntico e da luta pela independ\u00eancia. Uma visita \u00e0s suas fortalezas, ruas calcetadas ou pra\u00e7as emblem\u00e1ticas permite conhecer o passado do pa\u00eds para al\u00e9m do \u00f3bvio. <\/span><\/p><h4 data-start=\"368\" data-end=\"396\"><span style=\"color: #000000;\">\ud83e\ude98 <a href=\"https:\/\/bissau.consulmartravel.com\/cultura\">Autenticidade cultural<\/a><\/span><span style=\"color: #000000;\">\ud83e\ude98<\/span><\/h4><p><span style=\"color: #000000;\">Nas aldeias ou <em data-start=\"1950\" data-end=\"1960\">tabankas <\/em>\u00e9 poss\u00edvel participar ou assistir a rituais ancestrais, cerim\u00f3nias espirituais e dan\u00e7as tradicionais. Estas experi\u00eancias n\u00e3o s\u00e3o espect\u00e1culos tur\u00edsticos, mas manifesta\u00e7\u00f5es vivas de uma cultura que permanece forte e profundamente enraizada. <\/span><\/p><h4><span style=\"color: #000000;\">\ud83c\udfa3\ud83c\udfd6\ufe0f<a href=\"https:\/\/bissau.consulmartravel.com\/playas\">Playas<\/a> e <a href=\"https:\/\/bissau.consulmartravel.com\/pescadeportiva\">pesca deportiva<\/a> \ud83c\udfd6\ufe0f\ud83c\udfa3<\/span><\/h4><p class=\"\" data-start=\"368\" data-end=\"396\"><span style=\"color: #000000;\">A pesca desportiva na Guin\u00e9-Bissau \u00e9 uma aventura em \u00e1guas cheias de vida. As zonas em redor das ilhas s\u00e3o ideais para a captura de esp\u00e9cies de grande porte num ambiente natural e praticamente intocado. Depois da emo\u00e7\u00e3o do mar, esperam-nos praias de areia branca e \u00e1guas mornas onde o tempo parece n\u00e3o passar. S\u00e3o perfeitas para desconectar, rodeado pela natureza e pela tranquilidade absoluta.   <\/span><\/p>\t\t\t\t\t\t\t\t<\/div>\n\t\t\t\t<\/div>\n\t\t\t\t\t<\/div>\n\t\t<\/div>\n\t\t\t\t\t<\/div>\n\t\t<\/section>\n\t\t\t\t<section class=\"elementor-section elementor-top-section elementor-element elementor-element-03303ce elementor-section-boxed elementor-section-height-default elementor-section-height-default sc_fly_static\" data-id=\"03303ce\" data-element_type=\"section\">\n\t\t\t\t\t\t<div class=\"elementor-container elementor-column-gap-extended\">\n\t\t\t\t\t<div class=\"elementor-column elementor-col-100 elementor-top-column elementor-element elementor-element-445fb98 sc_content_align_inherit sc_layouts_column_icons_position_left sc_fly_static\" data-id=\"445fb98\" data-element_type=\"column\">\n\t\t\t<div class=\"elementor-widget-wrap elementor-element-populated\">\n\t\t\t\t\t\t<div class=\"elementor-element elementor-element-9ef828f sc_height_medium sc_fly_static elementor-widget elementor-widget-spacer\" data-id=\"9ef828f\" data-element_type=\"widget\" data-widget_type=\"spacer.default\">\n\t\t\t\t<div class=\"elementor-widget-container\">\n\t\t\t\t\t\t\t<div class=\"elementor-spacer\">\n\t\t\t<div class=\"elementor-spacer-inner\"><\/div>\n\t\t<\/div>\n\t\t\t\t\t\t<\/div>\n\t\t\t\t<\/div>\n\t\t\t\t\t<\/div>\n\t\t<\/div>\n\t\t\t\t\t<\/div>\n\t\t<\/section>\n\t\t\t\t<section class=\"elementor-section elementor-top-section elementor-element elementor-element-cf8641d elementor-section-boxed elementor-section-height-default elementor-section-height-default sc_fly_static\" data-id=\"cf8641d\" data-element_type=\"section\">\n\t\t\t\t\t\t<div class=\"elementor-container elementor-column-gap-extended\">\n\t\t\t\t\t<div class=\"elementor-column elementor-col-100 elementor-top-column elementor-element elementor-element-67bba5e sc_content_align_inherit sc_layouts_column_icons_position_left sc_fly_static\" data-id=\"67bba5e\" data-element_type=\"column\">\n\t\t\t<div class=\"elementor-widget-wrap elementor-element-populated\">\n\t\t\t\t\t\t<div class=\"elementor-element elementor-element-647d6ca sc_fly_static elementor-widget elementor-widget-trx_sc_services\" data-id=\"647d6ca\" data-element_type=\"widget\" data-widget_type=\"trx_sc_services.default\">\n\t\t\t\t<div class=\"elementor-widget-container\">\n\t\t\t\t\t<div class=\"sc_services sc_services_hover sc_services_featured_top sc_services_popup sc_post_details_popup\"><div class=\"sc_services_columns_wrap sc_item_columns sc_item_posts_container sc_item_columns_3 trx_addons_columns_wrap columns_padding_bottom\"><div class=\"trx_addons_column-1_3 \"><div data-post-id=\"27828\" class=\"sc_services_item sc_item_container post_container tilt_action with_content with_image sc_services_item_featured_none post-27828 cpt_services type-cpt_services status-publish has-post-thumbnail hentry cpt_services_group-activities-pt-pt\" data-post_id=\"27828\" data-post_type=\"cpt_services\">\r\n\t\t<div class=\"sc_services_item_content \" style=\"background-image: url(https:\/\/www.consulmartravel.com\/wp-content\/uploads\/2025\/01\/captura-840x472.png);\">\r\n\t\t\t\t<div class=\"sc_services_item_content_inner\">\r\n\t\t\t\t\t\t<h6 class=\"sc_services_item_title\"><a href=\"https:\/\/www.consulmartravel.com\/pt-pt\/services\/praias\/\">Praias<\/a><\/h6>\r\n\t\t\t<div class=\"sc_services_item_text\"><p>Ideal para relaxar e descontrair<\/p>\n<\/div><\/div><a class=\"sc_services_item_link\" href=\"https:\/\/www.consulmartravel.com\/pt-pt\/services\/praias\/\"><\/a><\/div><\/div><\/div><div class=\"trx_addons_column-1_3 \"><div data-post-id=\"27955\" class=\"sc_services_item sc_item_container post_container tilt_action with_content with_image sc_services_item_featured_none post-27955 cpt_services type-cpt_services status-publish has-post-thumbnail hentry cpt_services_group-activities-pt-pt\" data-post_id=\"27955\" data-post_type=\"cpt_services\">\r\n\t\t<div class=\"sc_services_item_content \" style=\"background-image: url(https:\/\/www.consulmartravel.com\/wp-content\/uploads\/2025\/01\/R-840x630.jpg);\">\r\n\t\t\t\t<div class=\"sc_services_item_content_inner\">\r\n\t\t\t\t\t\t<h6 class=\"sc_services_item_title\"><a href=\"https:\/\/www.consulmartravel.com\/pt-pt\/services\/historia\/\">Hist\u00f3ria<\/a><\/h6>\r\n\t\t\t<div class=\"sc_services_item_text\"><p>Legado hist\u00f3rico<\/p>\n<\/div><\/div><a class=\"sc_services_item_link\" href=\"https:\/\/www.consulmartravel.com\/pt-pt\/services\/historia\/\"><\/a><\/div><\/div><\/div><div class=\"trx_addons_column-1_3 \"><div data-post-id=\"27956\" class=\"sc_services_item sc_item_container post_container tilt_action with_content with_image sc_services_item_featured_none post-27956 cpt_services type-cpt_services status-publish has-post-thumbnail hentry cpt_services_group-activities-pt-pt\" data-post_id=\"27956\" data-post_type=\"cpt_services\">\r\n\t\t<div class=\"sc_services_item_content \" style=\"background-image: url(https:\/\/www.consulmartravel.com\/wp-content\/uploads\/2025\/01\/IMG_0203-840x630.jpeg);\">\r\n\t\t\t\t<div class=\"sc_services_item_content_inner\">\r\n\t\t\t\t\t\t<h6 class=\"sc_services_item_title\"><a href=\"https:\/\/www.consulmartravel.com\/pt-pt\/services\/vida-local-e-cultural\/\">Vida local e cultural<\/a><\/h6>\r\n\t\t\t<div class=\"sc_services_item_text\"><p>Dan\u00e7as, rituais e festividades \u00fanicas<\/p>\n<\/div><\/div><a class=\"sc_services_item_link\" href=\"https:\/\/www.consulmartravel.com\/pt-pt\/services\/vida-local-e-cultural\/\"><\/a><\/div><\/div><\/div><div class=\"trx_addons_column-1_3 \"><div data-post-id=\"27961\" class=\"sc_services_item sc_item_container post_container tilt_action with_content with_image sc_services_item_featured_none post-27961 cpt_services type-cpt_services status-publish has-post-thumbnail hentry cpt_services_group-activities-pt-pt\" data-post_id=\"27961\" data-post_type=\"cpt_services\">\r\n\t\t<div class=\"sc_services_item_content \" style=\"background-image: url(https:\/\/www.consulmartravel.com\/wp-content\/uploads\/2025\/01\/0a6bb2d1-1d00-4895-8c85-2ed0ca70157f-840x1120.jpg);\">\r\n\t\t\t\t<div class=\"sc_services_item_content_inner\">\r\n\t\t\t\t\t\t<h6 class=\"sc_services_item_title\"><a href=\"https:\/\/www.consulmartravel.com\/pt-pt\/services\/peche-sportive\/\">P\u00eache sportive<\/a><\/h6>\r\n\t\t\t<div class=\"sc_services_item_text\"><p>De superbes prises et une exp\u00e9rience in\u00e9gal\u00e9e<\/p>\n<\/div><\/div><a class=\"sc_services_item_link\" href=\"https:\/\/www.consulmartravel.com\/pt-pt\/services\/peche-sportive\/\"><\/a><\/div><\/div><\/div><div class=\"trx_addons_column-1_3 \"><div data-post-id=\"27965\" class=\"sc_services_item sc_item_container post_container tilt_action with_content with_image sc_services_item_featured_none post-27965 cpt_services type-cpt_services status-publish has-post-thumbnail hentry cpt_services_group-activities-pt-pt\" data-post_id=\"27965\" data-post_type=\"cpt_services\">\r\n\t\t<div class=\"sc_services_item_content \" style=\"background-image: url(https:\/\/www.consulmartravel.com\/wp-content\/uploads\/2025\/02\/Poilao-840x559.jpg);\">\r\n\t\t\t\t<div class=\"sc_services_item_content_inner\">\r\n\t\t\t\t\t\t<h6 class=\"sc_services_item_title\"><a href=\"https:\/\/www.consulmartravel.com\/pt-pt\/services\/natureza\/\">Natureza<\/a><\/h6>\r\n\t\t\t<div class=\"sc_services_item_text\"><p>Natureza selvagem na Guin\u00e9-Bissau<\/p>\n<\/div><\/div><a class=\"sc_services_item_link\" href=\"https:\/\/www.consulmartravel.com\/pt-pt\/services\/natureza\/\"><\/a><\/div><\/div><\/div><\/div><\/div>\t\t\t\t<\/div>\n\t\t\t\t<\/div>\n\t\t\t\t<div class=\"elementor-element elementor-element-ef7e95e sc_height_medium sc_fly_static elementor-widget elementor-widget-spacer\" data-id=\"ef7e95e\" data-element_type=\"widget\" data-widget_type=\"spacer.default\">\n\t\t\t\t<div class=\"elementor-widget-container\">\n\t\t\t\t\t\t\t<div class=\"elementor-spacer\">\n\t\t\t<div class=\"elementor-spacer-inner\"><\/div>\n\t\t<\/div>\n\t\t\t\t\t\t<\/div>\n\t\t\t\t<\/div>\n\t\t\t\t\t<\/div>\n\t\t<\/div>\n\t\t\t\t\t<\/div>\n\t\t<\/section>\n\t\t\t\t<section class=\"elementor-section elementor-top-section elementor-element elementor-element-7b89efe elementor-section-boxed elementor-section-height-default elementor-section-height-default sc_fly_static\" data-id=\"7b89efe\" data-element_type=\"section\">\n\t\t\t\t\t\t<div class=\"elementor-container elementor-column-gap-extended\">\n\t\t\t\t\t<div class=\"elementor-column elementor-col-100 elementor-top-column elementor-element elementor-element-33cefbc sc_content_align_inherit sc_layouts_column_icons_position_left sc_fly_static\" data-id=\"33cefbc\" data-element_type=\"column\">\n\t\t\t<div class=\"elementor-widget-wrap elementor-element-populated\">\n\t\t\t\t\t\t<div class=\"elementor-element elementor-element-618ee7d elementor-button-success elementor-align-center sc_fly_static elementor-widget elementor-widget-button\" data-id=\"618ee7d\" data-element_type=\"widget\" data-widget_type=\"button.default\">\n\t\t\t\t<div class=\"elementor-widget-container\">\n\t\t\t\t\t\t\t\t\t<div class=\"elementor-button-wrapper\">\n\t\t\t\t\t<a class=\"elementor-button elementor-button-link elementor-size-sm\" href=\"https:\/\/form.jotform.com\/251744288205055\">\n\t\t\t\t\t\t<span class=\"elementor-button-content-wrapper\">\n\t\t\t\t\t\t\t\t\t<span class=\"elementor-button-text\">Deixe o seu contacto<\/span>\n\t\t\t\t\t<\/span>\n\t\t\t\t\t<\/a>\n\t\t\t\t<\/div>\n\t\t\t\t\t\t\t\t<\/div>\n\t\t\t\t<\/div>\n\t\t\t\t\t<\/div>\n\t\t<\/div>\n\t\t\t\t\t<\/div>\n\t\t<\/section>\n\t\t\t\t<\/div>\n\t\t","protected":false},"excerpt":{"rendered":"<p>\ud83d\uddfa\ufe0fActividades na Guin\u00e9-Bissau e no Arquip\u00e9lago Bijag\u00f3s\ud83d\uddfa\ufe0f Explore as melhores actividades na Guin\u00e9-Bissau e no Arquip\u00e9lago dos Bijag\u00f3s As actividades na Guin\u00e9-Bissau e no Arquip\u00e9lago dos Bijag\u00f3s oferecem uma imers\u00e3o&hellip;<\/p>\n","protected":false},"author":5,"featured_media":0,"parent":0,"menu_order":0,"comment_status":"closed","ping_status":"closed","template":"","meta":{"footnotes":""},"class_list":["post-27888","page","type-page","status-publish","hentry"],"yoast_head":"<!-- This site is optimized with the Yoast SEO plugin v25.5 - https:\/\/yoast.com\/wordpress\/plugins\/seo\/ -->\n<title>Actividades - Consulmar Travelactividades en Guinea-Bissau y el Archipi\u00e9lago Bijag\u00f3s<\/title>\n<meta name=\"description\" content=\"Actividades en Guinea-Bissau y el Archipi\u00e9lago Bijag\u00f3s: excursiones en lancha, visitas guiadas y experiencias aut\u00e9nticas.\" \/>\n<meta name=\"robots\" content=\"index, follow, max-snippet:-1, max-image-preview:large, max-video-preview:-1\" \/>\n<link rel=\"canonical\" href=\"https:\/\/www.consulmartravel.com\/pt-pt\/actividades\/\" \/>\n<meta property=\"og:locale\" content=\"pt_PT\" \/>\n<meta property=\"og:type\" content=\"article\" \/>\n<meta property=\"og:title\" content=\"Actividades - Consulmar Travelactividades en Guinea-Bissau y el Archipi\u00e9lago Bijag\u00f3s\" \/>\n<meta property=\"og:description\" content=\"Actividades en Guinea-Bissau y el Archipi\u00e9lago Bijag\u00f3s: excursiones en lancha, visitas guiadas y experiencias aut\u00e9nticas.\" \/>\n<meta property=\"og:url\" content=\"https:\/\/www.consulmartravel.com\/pt-pt\/actividades\/\" \/>\n<meta property=\"og:site_name\" content=\"Consulmar Travel\" \/>\n<meta property=\"article:modified_time\" content=\"2025-07-13T18:59:23+00:00\" \/>\n<meta name=\"twitter:card\" content=\"summary_large_image\" \/>\n<meta name=\"twitter:label1\" content=\"Tempo estimado de leitura\" \/>\n\t<meta name=\"twitter:data1\" content=\"2 minutos\" \/>\n<script type=\"application\/ld+json\" class=\"yoast-schema-graph\">{\"@context\":\"https:\/\/schema.org\",\"@graph\":[{\"@type\":\"WebPage\",\"@id\":\"https:\/\/www.consulmartravel.com\/pt-pt\/actividades\/\",\"url\":\"https:\/\/www.consulmartravel.com\/pt-pt\/actividades\/\",\"name\":\"Actividades - Consulmar Travelactividades en Guinea-Bissau y el Archipi\u00e9lago Bijag\u00f3s\",\"isPartOf\":{\"@id\":\"https:\/\/www.consulmartravel.com\/#website\"},\"datePublished\":\"2025-02-19T11:04:42+00:00\",\"dateModified\":\"2025-07-13T18:59:23+00:00\",\"description\":\"Actividades en Guinea-Bissau y el Archipi\u00e9lago Bijag\u00f3s: excursiones en lancha, visitas guiadas y experiencias aut\u00e9nticas.\",\"breadcrumb\":{\"@id\":\"https:\/\/www.consulmartravel.com\/pt-pt\/actividades\/#breadcrumb\"},\"inLanguage\":\"pt-PT\",\"potentialAction\":[{\"@type\":\"ReadAction\",\"target\":[\"https:\/\/www.consulmartravel.com\/pt-pt\/actividades\/\"]}]},{\"@type\":\"BreadcrumbList\",\"@id\":\"https:\/\/www.consulmartravel.com\/pt-pt\/actividades\/#breadcrumb\",\"itemListElement\":[{\"@type\":\"ListItem\",\"position\":1,\"name\":\"Portada\",\"item\":\"https:\/\/www.consulmartravel.com\/\"},{\"@type\":\"ListItem\",\"position\":2,\"name\":\"Actividades\"}]},{\"@type\":\"WebSite\",\"@id\":\"https:\/\/www.consulmartravel.com\/#website\",\"url\":\"https:\/\/www.consulmartravel.com\/\",\"name\":\"Consulmar Travel\",\"description\":\"Descubre la Magia de Guinea-Bissau y el Archipi\u00e9lago Bijag\u00f3s\",\"publisher\":{\"@id\":\"https:\/\/www.consulmartravel.com\/#organization\"},\"potentialAction\":[{\"@type\":\"SearchAction\",\"target\":{\"@type\":\"EntryPoint\",\"urlTemplate\":\"https:\/\/www.consulmartravel.com\/?s={search_term_string}\"},\"query-input\":{\"@type\":\"PropertyValueSpecification\",\"valueRequired\":true,\"valueName\":\"search_term_string\"}}],\"inLanguage\":\"pt-PT\"},{\"@type\":\"Organization\",\"@id\":\"https:\/\/www.consulmartravel.com\/#organization\",\"name\":\"Consulmar Travel\",\"url\":\"https:\/\/www.consulmartravel.com\/\",\"logo\":{\"@type\":\"ImageObject\",\"inLanguage\":\"pt-PT\",\"@id\":\"https:\/\/www.consulmartravel.com\/#\/schema\/logo\/image\/\",\"url\":\"https:\/\/www.consulmartravel.com\/wp-content\/uploads\/2025\/01\/Logo_2001_02.png\",\"contentUrl\":\"https:\/\/www.consulmartravel.com\/wp-content\/uploads\/2025\/01\/Logo_2001_02.png\",\"width\":2352,\"height\":1429,\"caption\":\"Consulmar Travel\"},\"image\":{\"@id\":\"https:\/\/www.consulmartravel.com\/#\/schema\/logo\/image\/\"},\"sameAs\":[\"https:\/\/www.instagram.com\/consulmar_travel\/\",\"https:\/\/www.youtube.com\/@consulmartravel\"]}]}<\/script>\n<!-- \/ Yoast SEO plugin. -->","yoast_head_json":{"title":"Actividades - Consulmar Travelactividades en Guinea-Bissau y el Archipi\u00e9lago Bijag\u00f3s","description":"Actividades en Guinea-Bissau y el Archipi\u00e9lago Bijag\u00f3s: excursiones en lancha, visitas guiadas y experiencias aut\u00e9nticas.","robots":{"index":"index","follow":"follow","max-snippet":"max-snippet:-1","max-image-preview":"max-image-preview:large","max-video-preview":"max-video-preview:-1"},"canonical":"https:\/\/www.consulmartravel.com\/pt-pt\/actividades\/","og_locale":"pt_PT","og_type":"article","og_title":"Actividades - Consulmar Travelactividades en Guinea-Bissau y el Archipi\u00e9lago Bijag\u00f3s","og_description":"Actividades en Guinea-Bissau y el Archipi\u00e9lago Bijag\u00f3s: excursiones en lancha, visitas guiadas y experiencias aut\u00e9nticas.","og_url":"https:\/\/www.consulmartravel.com\/pt-pt\/actividades\/","og_site_name":"Consulmar Travel","article_modified_time":"2025-07-13T18:59:23+00:00","twitter_card":"summary_large_image","twitter_misc":{"Tempo estimado de leitura":"2 minutos"},"schema":{"@context":"https:\/\/schema.org","@graph":[{"@type":"WebPage","@id":"https:\/\/www.consulmartravel.com\/pt-pt\/actividades\/","url":"https:\/\/www.consulmartravel.com\/pt-pt\/actividades\/","name":"Actividades - Consulmar Travelactividades en Guinea-Bissau y el Archipi\u00e9lago Bijag\u00f3s","isPartOf":{"@id":"https:\/\/www.consulmartravel.com\/#website"},"datePublished":"2025-02-19T11:04:42+00:00","dateModified":"2025-07-13T18:59:23+00:00","description":"Actividades en Guinea-Bissau y el Archipi\u00e9lago Bijag\u00f3s: excursiones en lancha, visitas guiadas y experiencias aut\u00e9nticas.","breadcrumb":{"@id":"https:\/\/www.consulmartravel.com\/pt-pt\/actividades\/#breadcrumb"},"inLanguage":"pt-PT","potentialAction":[{"@type":"ReadAction","target":["https:\/\/www.consulmartravel.com\/pt-pt\/actividades\/"]}]},{"@type":"BreadcrumbList","@id":"https:\/\/www.consulmartravel.com\/pt-pt\/actividades\/#breadcrumb","itemListElement":[{"@type":"ListItem","position":1,"name":"Portada","item":"https:\/\/www.consulmartravel.com\/"},{"@type":"ListItem","position":2,"name":"Actividades"}]},{"@type":"WebSite","@id":"https:\/\/www.consulmartravel.com\/#website","url":"https:\/\/www.consulmartravel.com\/","name":"Consulmar Travel","description":"Descubre la Magia de Guinea-Bissau y el Archipi\u00e9lago Bijag\u00f3s","publisher":{"@id":"https:\/\/www.consulmartravel.com\/#organization"},"potentialAction":[{"@type":"SearchAction","target":{"@type":"EntryPoint","urlTemplate":"https:\/\/www.consulmartravel.com\/?s={search_term_string}"},"query-input":{"@type":"PropertyValueSpecification","valueRequired":true,"valueName":"search_term_string"}}],"inLanguage":"pt-PT"},{"@type":"Organization","@id":"https:\/\/www.consulmartravel.com\/#organization","name":"Consulmar Travel","url":"https:\/\/www.consulmartravel.com\/","logo":{"@type":"ImageObject","inLanguage":"pt-PT","@id":"https:\/\/www.consulmartravel.com\/#\/schema\/logo\/image\/","url":"https:\/\/www.consulmartravel.com\/wp-content\/uploads\/2025\/01\/Logo_2001_02.png","contentUrl":"https:\/\/www.consulmartravel.com\/wp-content\/uploads\/2025\/01\/Logo_2001_02.png","width":2352,"height":1429,"caption":"Consulmar Travel"},"image":{"@id":"https:\/\/www.consulmartravel.com\/#\/schema\/logo\/image\/"},"sameAs":["https:\/\/www.instagram.com\/consulmar_travel\/","https:\/\/www.youtube.com\/@consulmartravel"]}]}},"_links":{"self":[{"href":"https:\/\/www.consulmartravel.com\/pt-pt\/wp-json\/wp\/v2\/pages\/27888","targetHints":{"allow":["GET"]}}],"collection":[{"href":"https:\/\/www.consulmartravel.com\/pt-pt\/wp-json\/wp\/v2\/pages"}],"about":[{"href":"https:\/\/www.consulmartravel.com\/pt-pt\/wp-json\/wp\/v2\/types\/page"}],"author":[{"embeddable":true,"href":"https:\/\/www.consulmartravel.com\/pt-pt\/wp-json\/wp\/v2\/users\/5"}],"replies":[{"embeddable":true,"href":"https:\/\/www.consulmartravel.com\/pt-pt\/wp-json\/wp\/v2\/comments?post=27888"}],"version-history":[{"count":1,"href":"https:\/\/www.consulmartravel.com\/pt-pt\/wp-json\/wp\/v2\/pages\/27888\/revisions"}],"predecessor-version":[{"id":27889,"href":"https:\/\/www.consulmartravel.com\/pt-pt\/wp-json\/wp\/v2\/pages\/27888\/revisions\/27889"}],"wp:attachment":[{"href":"https:\/\/www.consulmartravel.com\/pt-pt\/wp-json\/wp\/v2\/media?parent=27888"}],"curies":[{"name":"wp","href":"https:\/\/api.w.org\/{rel}","templated":true}]}}