{"id":27926,"date":"2025-01-17T09:06:09","date_gmt":"2025-01-17T08:06:09","guid":{"rendered":"https:\/\/www.consulmartravel.com\/nota-legal\/"},"modified":"2025-07-13T21:31:56","modified_gmt":"2025-07-13T19:31:56","slug":"nota-legal","status":"publish","type":"page","link":"https:\/\/www.consulmartravel.com\/pt-pt\/nota-legal\/","title":{"rendered":"Nota legal"},"content":{"rendered":"\t\t<div data-elementor-type=\"wp-page\" data-elementor-id=\"27926\" class=\"elementor elementor-27926 elementor-22285\">\n\t\t\t\t\t\t<section class=\"elementor-section elementor-top-section elementor-element elementor-element-6f56e30 elementor-section-boxed elementor-section-height-default elementor-section-height-default sc_fly_static\" data-id=\"6f56e30\" data-element_type=\"section\">\n\t\t\t\t\t\t<div class=\"elementor-container elementor-column-gap-extended\">\n\t\t\t\t\t<div class=\"elementor-column elementor-col-100 elementor-top-column elementor-element elementor-element-590192d sc_content_align_inherit sc_layouts_column_icons_position_left sc_fly_static\" data-id=\"590192d\" data-element_type=\"column\">\n\t\t\t<div class=\"elementor-widget-wrap elementor-element-populated\">\n\t\t\t\t\t\t<div class=\"elementor-element elementor-element-0660ab4 sc_fly_static elementor-widget elementor-widget-text-editor\" data-id=\"0660ab4\" data-element_type=\"widget\" data-widget_type=\"text-editor.default\">\n\t\t\t\t<div class=\"elementor-widget-container\">\n\t\t\t\t\t\t\t\t\t<p>CONSULMAR BISSAU<\/p><p>A CONSULMAR BISSAU, com sede na Avenida 3 de agosto N\u00ba 40, Bissau, Guin\u00e9-Bissau e n\u00famero de identifica\u00e7\u00e3o fiscal 510119220-GB, disponibiliza informa\u00e7\u00f5es sobre as suas actividades, produtos e servi\u00e7os atrav\u00e9s deste website.<\/p><p>A CONSULMAR BISSAU reserva-se todos os direitos de propriedade intelectual e industrial. O acesso ao conte\u00fado deste s\u00edtio Web n\u00e3o implica a concess\u00e3o de uma licen\u00e7a de utiliza\u00e7\u00e3o desses direitos e, salvo autoriza\u00e7\u00e3o expressa dos propriet\u00e1rios, a sua reprodu\u00e7\u00e3o, distribui\u00e7\u00e3o ou publica\u00e7\u00e3o \u00e9 proibida pela legisla\u00e7\u00e3o espanhola em vigor. <\/p><p>A CONSULMAR BISSAU n\u00e3o assume qualquer responsabilidade, nem garante que a informa\u00e7\u00e3o contida no seu s\u00edtio Web seja completa, exacta ou que esteja totalmente actualizada. A CONSULMAR BISSAU, S.A.R.L. n\u00e3o se responsabiliza por danos e preju\u00edzos de qualquer natureza que possam ser devidos a quem tenha acedido e utilizado o conte\u00fado do seu s\u00edtio Web, ou de outros que a ele tenham acedido. <\/p><p>Em conformidade com a legisla\u00e7\u00e3o em vigor em mat\u00e9ria de prote\u00e7\u00e3o de dados pessoais, informamos que os seus dados ser\u00e3o utilizados pela CONSULMAR BISSAU, para processar o seu pedido e ser\u00e3o tratados de forma confidencial e automatizada. Pode tamb\u00e9m exercer os seus direitos de acesso, retifica\u00e7\u00e3o, cancelamento e oposi\u00e7\u00e3o contactando-nos (ver Contacto). Os efeitos da revoga\u00e7\u00e3o da sua autoriza\u00e7\u00e3o n\u00e3o ser\u00e3o retroactivos.  <\/p><p>Informamos que a CONSULMAR BISSAU cumpre o \u201cC\u00f3digo \u00c9tico do Com\u00e9rcio Eletr\u00f3nico e da Publicidade Interactiva\u201d e est\u00e1 registada na Conservat\u00f3ria do Registo Comercial de Bissau (n.\u00ba 2682).<br>CONSULMAR BISSAU \u00e9 o propriet\u00e1rio do dom\u00ednio registado: \u201cconsulmartravel.com\u201d.<\/p><p>\u00a9 CONSULMAR BISSAU Todos os direitos reservados.<\/p>\t\t\t\t\t\t\t\t<\/div>\n\t\t\t\t<\/div>\n\t\t\t\t\t<\/div>\n\t\t<\/div>\n\t\t\t\t\t<\/div>\n\t\t<\/section>\n\t\t\t\t<\/div>\n\t\t","protected":false},"excerpt":{"rendered":"<p>CONSULMAR BISSAU A CONSULMAR BISSAU, com sede na Avenida 3 de agosto N\u00ba 40, Bissau, Guin\u00e9-Bissau e n\u00famero de identifica\u00e7\u00e3o fiscal 510119220-GB, disponibiliza informa\u00e7\u00f5es sobre as suas actividades, produtos e&hellip;<\/p>\n","protected":false},"author":1,"featured_media":0,"parent":0,"menu_order":0,"comment_status":"closed","ping_status":"closed","template":"","meta":{"footnotes":""},"class_list":["post-27926","page","type-page","status-publish","hentry"],"yoast_head":"<!-- This site is optimized with the Yoast SEO plugin v25.5 - https:\/\/yoast.com\/wordpress\/plugins\/seo\/ -->\n<title>Nota legal - Consulmar Travel<\/title>\n<meta name=\"robots\" content=\"index, follow, max-snippet:-1, max-image-preview:large, max-video-preview:-1\" \/>\n<link rel=\"canonical\" href=\"https:\/\/www.consulmartravel.com\/pt-pt\/nota-legal\/\" \/>\n<meta property=\"og:locale\" content=\"pt_PT\" \/>\n<meta property=\"og:type\" content=\"article\" \/>\n<meta property=\"og:title\" content=\"Nota legal - Consulmar Travel\" \/>\n<meta property=\"og:description\" content=\"CONSULMAR BISSAU A CONSULMAR BISSAU, com sede na Avenida 3 de agosto N\u00ba 40, Bissau, Guin\u00e9-Bissau e n\u00famero de identifica\u00e7\u00e3o fiscal 510119220-GB, disponibiliza informa\u00e7\u00f5es sobre as suas actividades, produtos e&hellip;\" \/>\n<meta property=\"og:url\" content=\"https:\/\/www.consulmartravel.com\/pt-pt\/nota-legal\/\" \/>\n<meta property=\"og:site_name\" content=\"Consulmar Travel\" \/>\n<meta property=\"article:modified_time\" content=\"2025-07-13T19:31:56+00:00\" \/>\n<meta name=\"twitter:card\" content=\"summary_large_image\" \/>\n<meta name=\"twitter:label1\" content=\"Tempo estimado de leitura\" \/>\n\t<meta name=\"twitter:data1\" content=\"1 minuto\" \/>\n<script type=\"application\/ld+json\" class=\"yoast-schema-graph\">{\"@context\":\"https:\/\/schema.org\",\"@graph\":[{\"@type\":\"WebPage\",\"@id\":\"https:\/\/www.consulmartravel.com\/pt-pt\/nota-legal\/\",\"url\":\"https:\/\/www.consulmartravel.com\/pt-pt\/nota-legal\/\",\"name\":\"Nota legal - Consulmar Travel\",\"isPartOf\":{\"@id\":\"https:\/\/www.consulmartravel.com\/#website\"},\"datePublished\":\"2025-01-17T08:06:09+00:00\",\"dateModified\":\"2025-07-13T19:31:56+00:00\",\"breadcrumb\":{\"@id\":\"https:\/\/www.consulmartravel.com\/pt-pt\/nota-legal\/#breadcrumb\"},\"inLanguage\":\"pt-PT\",\"potentialAction\":[{\"@type\":\"ReadAction\",\"target\":[\"https:\/\/www.consulmartravel.com\/pt-pt\/nota-legal\/\"]}]},{\"@type\":\"BreadcrumbList\",\"@id\":\"https:\/\/www.consulmartravel.com\/pt-pt\/nota-legal\/#breadcrumb\",\"itemListElement\":[{\"@type\":\"ListItem\",\"position\":1,\"name\":\"Portada\",\"item\":\"https:\/\/www.consulmartravel.com\/\"},{\"@type\":\"ListItem\",\"position\":2,\"name\":\"Nota legal\"}]},{\"@type\":\"WebSite\",\"@id\":\"https:\/\/www.consulmartravel.com\/#website\",\"url\":\"https:\/\/www.consulmartravel.com\/\",\"name\":\"Consulmar Travel\",\"description\":\"Descubre la Magia de Guinea-Bissau y el Archipi\u00e9lago Bijag\u00f3s\",\"publisher\":{\"@id\":\"https:\/\/www.consulmartravel.com\/#organization\"},\"potentialAction\":[{\"@type\":\"SearchAction\",\"target\":{\"@type\":\"EntryPoint\",\"urlTemplate\":\"https:\/\/www.consulmartravel.com\/?s={search_term_string}\"},\"query-input\":{\"@type\":\"PropertyValueSpecification\",\"valueRequired\":true,\"valueName\":\"search_term_string\"}}],\"inLanguage\":\"pt-PT\"},{\"@type\":\"Organization\",\"@id\":\"https:\/\/www.consulmartravel.com\/#organization\",\"name\":\"Consulmar Travel\",\"url\":\"https:\/\/www.consulmartravel.com\/\",\"logo\":{\"@type\":\"ImageObject\",\"inLanguage\":\"pt-PT\",\"@id\":\"https:\/\/www.consulmartravel.com\/#\/schema\/logo\/image\/\",\"url\":\"https:\/\/www.consulmartravel.com\/wp-content\/uploads\/2025\/01\/Logo_2001_02.png\",\"contentUrl\":\"https:\/\/www.consulmartravel.com\/wp-content\/uploads\/2025\/01\/Logo_2001_02.png\",\"width\":2352,\"height\":1429,\"caption\":\"Consulmar Travel\"},\"image\":{\"@id\":\"https:\/\/www.consulmartravel.com\/#\/schema\/logo\/image\/\"},\"sameAs\":[\"https:\/\/www.instagram.com\/consulmar_travel\/\",\"https:\/\/www.youtube.com\/@consulmartravel\"]}]}<\/script>\n<!-- \/ Yoast SEO plugin. -->","yoast_head_json":{"title":"Nota legal - Consulmar Travel","robots":{"index":"index","follow":"follow","max-snippet":"max-snippet:-1","max-image-preview":"max-image-preview:large","max-video-preview":"max-video-preview:-1"},"canonical":"https:\/\/www.consulmartravel.com\/pt-pt\/nota-legal\/","og_locale":"pt_PT","og_type":"article","og_title":"Nota legal - Consulmar Travel","og_description":"CONSULMAR BISSAU A CONSULMAR BISSAU, com sede na Avenida 3 de agosto N\u00ba 40, Bissau, Guin\u00e9-Bissau e n\u00famero de identifica\u00e7\u00e3o fiscal 510119220-GB, disponibiliza informa\u00e7\u00f5es sobre as suas actividades, produtos e&hellip;","og_url":"https:\/\/www.consulmartravel.com\/pt-pt\/nota-legal\/","og_site_name":"Consulmar Travel","article_modified_time":"2025-07-13T19:31:56+00:00","twitter_card":"summary_large_image","twitter_misc":{"Tempo estimado de leitura":"1 minuto"},"schema":{"@context":"https:\/\/schema.org","@graph":[{"@type":"WebPage","@id":"https:\/\/www.consulmartravel.com\/pt-pt\/nota-legal\/","url":"https:\/\/www.consulmartravel.com\/pt-pt\/nota-legal\/","name":"Nota legal - Consulmar Travel","isPartOf":{"@id":"https:\/\/www.consulmartravel.com\/#website"},"datePublished":"2025-01-17T08:06:09+00:00","dateModified":"2025-07-13T19:31:56+00:00","breadcrumb":{"@id":"https:\/\/www.consulmartravel.com\/pt-pt\/nota-legal\/#breadcrumb"},"inLanguage":"pt-PT","potentialAction":[{"@type":"ReadAction","target":["https:\/\/www.consulmartravel.com\/pt-pt\/nota-legal\/"]}]},{"@type":"BreadcrumbList","@id":"https:\/\/www.consulmartravel.com\/pt-pt\/nota-legal\/#breadcrumb","itemListElement":[{"@type":"ListItem","position":1,"name":"Portada","item":"https:\/\/www.consulmartravel.com\/"},{"@type":"ListItem","position":2,"name":"Nota legal"}]},{"@type":"WebSite","@id":"https:\/\/www.consulmartravel.com\/#website","url":"https:\/\/www.consulmartravel.com\/","name":"Consulmar Travel","description":"Descubre la Magia de Guinea-Bissau y el Archipi\u00e9lago Bijag\u00f3s","publisher":{"@id":"https:\/\/www.consulmartravel.com\/#organization"},"potentialAction":[{"@type":"SearchAction","target":{"@type":"EntryPoint","urlTemplate":"https:\/\/www.consulmartravel.com\/?s={search_term_string}"},"query-input":{"@type":"PropertyValueSpecification","valueRequired":true,"valueName":"search_term_string"}}],"inLanguage":"pt-PT"},{"@type":"Organization","@id":"https:\/\/www.consulmartravel.com\/#organization","name":"Consulmar Travel","url":"https:\/\/www.consulmartravel.com\/","logo":{"@type":"ImageObject","inLanguage":"pt-PT","@id":"https:\/\/www.consulmartravel.com\/#\/schema\/logo\/image\/","url":"https:\/\/www.consulmartravel.com\/wp-content\/uploads\/2025\/01\/Logo_2001_02.png","contentUrl":"https:\/\/www.consulmartravel.com\/wp-content\/uploads\/2025\/01\/Logo_2001_02.png","width":2352,"height":1429,"caption":"Consulmar Travel"},"image":{"@id":"https:\/\/www.consulmartravel.com\/#\/schema\/logo\/image\/"},"sameAs":["https:\/\/www.instagram.com\/consulmar_travel\/","https:\/\/www.youtube.com\/@consulmartravel"]}]}},"_links":{"self":[{"href":"https:\/\/www.consulmartravel.com\/pt-pt\/wp-json\/wp\/v2\/pages\/27926","targetHints":{"allow":["GET"]}}],"collection":[{"href":"https:\/\/www.consulmartravel.com\/pt-pt\/wp-json\/wp\/v2\/pages"}],"about":[{"href":"https:\/\/www.consulmartravel.com\/pt-pt\/wp-json\/wp\/v2\/types\/page"}],"author":[{"embeddable":true,"href":"https:\/\/www.consulmartravel.com\/pt-pt\/wp-json\/wp\/v2\/users\/1"}],"replies":[{"embeddable":true,"href":"https:\/\/www.consulmartravel.com\/pt-pt\/wp-json\/wp\/v2\/comments?post=27926"}],"version-history":[{"count":1,"href":"https:\/\/www.consulmartravel.com\/pt-pt\/wp-json\/wp\/v2\/pages\/27926\/revisions"}],"predecessor-version":[{"id":27927,"href":"https:\/\/www.consulmartravel.com\/pt-pt\/wp-json\/wp\/v2\/pages\/27926\/revisions\/27927"}],"wp:attachment":[{"href":"https:\/\/www.consulmartravel.com\/pt-pt\/wp-json\/wp\/v2\/media?parent=27926"}],"curies":[{"name":"wp","href":"https:\/\/api.w.org\/{rel}","templated":true}]}}