{"id":27942,"date":"2023-09-19T09:49:48","date_gmt":"2023-09-19T07:49:48","guid":{"rendered":"https:\/\/www.consulmartravel.com\/politica-de-privacidade\/"},"modified":"2025-07-13T22:21:50","modified_gmt":"2025-07-13T20:21:50","slug":"politica-de-privacidade","status":"publish","type":"page","link":"https:\/\/www.consulmartravel.com\/pt-pt\/politica-de-privacidade\/","title":{"rendered":"Pol\u00edtica de privacidade"},"content":{"rendered":"\t\t<div data-elementor-type=\"wp-page\" data-elementor-id=\"27942\" class=\"elementor elementor-27942 elementor-19899\">\n\t\t\t\t\t\t<section class=\"elementor-section elementor-top-section elementor-element elementor-element-46a2c71b elementor-section-boxed elementor-section-height-default elementor-section-height-default sc_fly_static\" data-id=\"46a2c71b\" data-element_type=\"section\" data-settings=\"{&quot;background_background&quot;:&quot;classic&quot;}\">\n\t\t\t\t\t\t<div class=\"elementor-container elementor-column-gap-extended\">\n\t\t\t\t\t<div class=\"elementor-column elementor-col-100 elementor-top-column elementor-element elementor-element-214d0b22 sc_content_align_inherit sc_layouts_column_icons_position_left sc_fly_static\" data-id=\"214d0b22\" data-element_type=\"column\">\n\t\t\t<div class=\"elementor-widget-wrap elementor-element-populated\">\n\t\t\t\t\t\t<div class=\"elementor-element elementor-element-5ac603bb sc_fly_static elementor-widget elementor-widget-text-editor\" data-id=\"5ac603bb\" data-element_type=\"widget\" data-widget_type=\"text-editor.default\">\n\t\t\t\t<div class=\"elementor-widget-container\">\n\t\t\t\t\t\t\t\t\t<p><strong>Pol\u00edtica de privacidade<\/strong><\/p><ol><li><strong>Introdu\u00e7\u00e3o \u00e0 pol\u00edtica de privacidade<\/strong><\/li><\/ol><p>Este s\u00edtio Web (www.consulmartravel.com) pertence e \u00e9 gerido pela CONSULMAR BISSAU, que \u00e9 respons\u00e1vel pelo tratamento dos dados pessoais referidos na presente pol\u00edtica de privacidade.<\/p><p><strong>Dados de contacto:<\/strong><\/p><ul><li>Ribera de Axpe, 50 \u2013 5\u00aa Planta \u2013 48950 ERANDIO (Vizcaya)<\/li><li>Correio eletr\u00f3nico: rgpd@zubicar.es <\/li><\/ul><p>A Pol\u00edtica de Privacidade deste site visa cumprir o dever de informa\u00e7\u00e3o e transpar\u00eancia estabelecido no artigo 12 do Regulamento da UE 2016\/679 sobre a prote\u00e7\u00e3o de dados pessoais. Da mesma forma, nos casos em que o dever de informa\u00e7\u00e3o foi cumprido por meio de informa\u00e7\u00f5es b\u00e1sicas denominadas \u201cprimeira camada\u201d, de acordo com o disposto no artigo 11 da Lei Org\u00e2nica 3\/2018 sobre a prote\u00e7\u00e3o de dados pessoais e garantia dos direitos digitais, esta pol\u00edtica de privacidade corresponde \u00e0s informa\u00e7\u00f5es adicionais consideradas como \u201csegunda camada\u201d onde s\u00e3o descritos os elementos adicionais exigidos nos artigos 13 e 14 do Regulamento da UE 2016\/679 sobre a prote\u00e7\u00e3o de dados pessoais. <\/p><ol start=\"2\"><li><strong>Tratamento de dados pessoais<\/strong><\/li><\/ol><p>As opera\u00e7\u00f5es ou conjunto de opera\u00e7\u00f5es efectuadas sobre os seus dados pessoais s\u00e3o identificadas por meios de tratamento. A CONSULMAR BISSAU apresenta a seguir as informa\u00e7\u00f5es detalhadas sobre cada opera\u00e7\u00e3o de tratamento, de acordo com as diretrizes estabelecidas pela Ag\u00eancia Espanhola de Prote\u00e7\u00e3o de Dados: <\/p><ol><li><strong>Tratamento de SELEC\u00c7\u00c3O DE PESSOAS,<\/strong> cuja finalidade \u00e9 gerir a sele\u00e7\u00e3o de pessoas para trabalhar em qualquer uma das empresas da CONSULMAR BISSAU.<ol><li>Categoria de dados: identifica\u00e7\u00e3o, registo de emprego e curriculum vitae.<\/li><li>Base jur\u00eddica: Consentimento da pessoa em causa (art. 6.1.a) no caso de auto-candidaturas e, em todos os outros casos, rela\u00e7\u00e3o pr\u00e9-contratual (art. 6.1.b).<\/li><li>Validade dos dados: Os dados permanecem v\u00e1lidos durante tr\u00eas anos.<\/li><\/ol><\/li><li><strong>Tratamento de dados de GEST\u00c3O DA SOCIEDADE<\/strong>, cuja finalidade \u00e9 gerir os dados dos s\u00f3cios e administradores da sociedade para o cumprimento das obriga\u00e7\u00f5es decorrentes da legisla\u00e7\u00e3o comercial e fiscal, nomeadamente a manuten\u00e7\u00e3o do registo de s\u00f3cios, do livro de actas e a pr\u00e1tica de registos e notifica\u00e7\u00f5es obrigat\u00f3rias \u00e0 Conservat\u00f3ria do Registo Comercial.<ol><li>Categoria de dados: identifica\u00e7\u00e3o, cargo ocupado e dados financeiros.<\/li><li>Base jur\u00eddica: Tratamento necess\u00e1rio para o cumprimento de obriga\u00e7\u00f5es legais aplic\u00e1veis ao respons\u00e1vel pelo tratamento (art. 6.1.c).<\/li><li>Validade dos dados: Os dados ser\u00e3o conservados durante o per\u00edodo de dura\u00e7\u00e3o do cargo de Administrador e do estatuto de Membro, bem como durante o tempo necess\u00e1rio para cumprir a finalidade para a qual foram recolhidos e para determinar quaisquer eventuais responsabilidades que possam surgir dessa finalidade e do tratamento dos dados.<\/li><\/ol><\/li><li><strong>GEST\u00c3O ADMINISTRATIVA E PESSOAS DE CONTACTO <\/strong>cuja finalidade \u00e9 a gest\u00e3o administrativa e comercial dos dados de contacto das pessoas que trabalham para clientes e fornecedores, tanto activos como potenciais, bem como para empresas e todo o tipo de organiza\u00e7\u00f5es ligadas \u00e0 CONSULMAR BISSAU, com o objetivo de manter rela\u00e7\u00f5es comerciais e empresariais.<ol><li>Categoria de dados: Dados de identifica\u00e7\u00e3o.<\/li><li>Base jur\u00eddica: consoante o caso, o interesse leg\u00edtimo baseado na necessidade de manter rela\u00e7\u00f5es comerciais e empresariais (art. 6.1.f RGPD e art. 19 da LOPDGDD), o necess\u00e1rio para cumprir as obriga\u00e7\u00f5es legais aplic\u00e1veis ao respons\u00e1vel pelo tratamento (art. 6.1.c). <\/li><li>Dura\u00e7\u00e3o dos dados: Os dados ser\u00e3o conservados durante a vig\u00eancia da rela\u00e7\u00e3o contratual, comercial ou de interesse. Da mesma forma, ser\u00e1 considerado o tempo necess\u00e1rio para cumprir a finalidade para a qual foram recolhidos e para determinar as poss\u00edveis responsabilidades que possam surgir dessa finalidade e do tratamento dos dados. Aplicar-se-\u00e3o as disposi\u00e7\u00f5es da legisla\u00e7\u00e3o comercial e fiscal.  <\/li><\/ol><\/li><li><strong>OPERA\u00c7\u00d5ES DE TRATAMENTO <\/strong>cuja finalidade \u00e9 a gest\u00e3o dos dados de contacto das pessoas que trabalham em clientes e fornecedores, activos e potenciais, bem como em empresas e todo o tipo de organiza\u00e7\u00f5es, para a realiza\u00e7\u00e3o de opera\u00e7\u00f5es mar\u00edtimas ou de consigna\u00e7\u00e3o.<ol><li>Categoria de dados: Dados de identifica\u00e7\u00e3o.<\/li><li>Base jur\u00eddica: consoante o caso, o interesse leg\u00edtimo baseado na necessidade de manter rela\u00e7\u00f5es comerciais e empresariais (Art. 6.1.f RGPD e Art. 19 da LOPDGDD), o necess\u00e1rio para cumprir obriga\u00e7\u00f5es legais aplic\u00e1veis ao respons\u00e1vel pelo tratamento (Art. 6.1.c). <\/li><li>Dura\u00e7\u00e3o dos dados: Os dados ser\u00e3o conservados durante a vig\u00eancia da rela\u00e7\u00e3o contratual, comercial ou de interesse. Da mesma forma, ser\u00e1 considerado o tempo necess\u00e1rio para cumprir a finalidade para a qual foram recolhidos e para determinar as poss\u00edveis responsabilidades que possam surgir dessa finalidade e do tratamento dos dados. Aplicar-se-\u00e3o as disposi\u00e7\u00f5es da legisla\u00e7\u00e3o comercial e fiscal.  <\/li><\/ol><\/li><li><strong>Tratamento COMUNICA\u00c7\u00c3O E MARKETING <\/strong>Actividades de divulga\u00e7\u00e3o, eventos, comunicados de imprensa, not\u00edcias e qualquer outra atividade para fins de divulga\u00e7\u00e3o e promo\u00e7\u00e3o.<ol><li>Categoria de dados: dados de identifica\u00e7\u00e3o, imagem e voz.<\/li><li>Base jur\u00eddica: se for caso disso, a pessoa em causa deu o seu consentimento para o tratamento dos seus dados pessoais (art. 6.1.f) e interesse leg\u00edtimo baseado na necessidade de promover produtos e servi\u00e7os aos clientes.<\/li><li>Dura\u00e7\u00e3o dos dados: Os dados ser\u00e3o conservados enquanto n\u00e3o for solicitado o direito de apagamento dos dados no caso das pessoas de contacto ou enquanto o trabalhador revogar o seu consentimento para o tratamento da imagem ou da voz. Periodicamente, num per\u00edodo n\u00e3o superior a 5 anos, as bases de dados ser\u00e3o revistas para manter a qualidade da informa\u00e7\u00e3o e os dados obsoletos ser\u00e3o apagados. <\/li><\/ol><\/li><li><strong>Tratamento de VIGIL\u00c2NCIA POR V\u00cdDEO<\/strong>, cujo objetivo \u00e9 a seguran\u00e7a do per\u00edmetro das instala\u00e7\u00f5es, bem como dos bens e das pessoas que se encontram no interior das instala\u00e7\u00f5es.<ol><li>Categoria de dados: imagem registada pela c\u00e2mara.<\/li><li>Base jur\u00eddica: Interesse leg\u00edtimo baseado na necessidade de manter a seguran\u00e7a das instala\u00e7\u00f5es (Art. 6.1.f RGPD e Art. 22 LOPDGDD).<\/li><li>Validade dos dados: Os dados permanecem v\u00e1lidos por um per\u00edodo m\u00e1ximo de 30 dias. No final deste per\u00edodo, os dados ser\u00e3o apagados. <\/li><\/ol><\/li><li><strong>Comunica\u00e7\u00e3o de dados pessoais a terceiros<\/strong><\/li><\/ol><p>Os dados pessoais podem ser divulgados aos seguintes destinat\u00e1rios:<\/p><ol><li>No seio do nosso grupo de empresas, em cumprimento da miss\u00e3o comum e das obriga\u00e7\u00f5es comerciais e legais estabelecidas;<\/li><li>Aos fornecedores que prestam servi\u00e7os necess\u00e1rios \u00e0 gest\u00e3o e ao funcionamento da empresa;<\/li><li>A consultores jur\u00eddicos e outros consultores e auditores profissionais;<\/li><li>\u00c0s administra\u00e7\u00f5es p\u00fablicas, autoridades reguladoras, tribunais e ag\u00eancias governamentais para cumprir requisitos legais ou regulamentares;<\/li><li>A ag\u00eancias de aplica\u00e7\u00e3o da lei, quando necess\u00e1rio para o processamento de videovigil\u00e2ncia;<\/li><li>Aos clientes e organiza\u00e7\u00f5es necess\u00e1rios para as opera\u00e7\u00f5es de abastecimento de navios;<\/li><\/ol><p><strong>Transfer\u00eancias internacionais de dados:<\/strong><\/p><p>A CONSULMAR BISSAU utiliza as seguintes aplica\u00e7\u00f5es nos seus sistemas de gest\u00e3o que implicam uma transfer\u00eancia internacional de dados pessoais para os Estados Unidos:<\/p><ul><li>A aplica\u00e7\u00e3o Quickbase Inc. \u00e9 propriedade da Quickbase Inc. e est\u00e1 licenciada ao abrigo de uma licen\u00e7a que inclui as garantias de transfer\u00eancia internacional oferecidas pelo fornecedor. <\/li><\/ul><ol start=\"4\"><li><strong>Seguran\u00e7a dos dados pessoais<\/strong><\/li><\/ol><p>Esfor\u00e7amo-nos por utilizar medidas de seguran\u00e7a t\u00e9cnicas e f\u00edsicas adequadas para proteger os dados pessoais que s\u00e3o transmitidos, armazenados ou processados de forma acidental ou ilegal contra a destrui\u00e7\u00e3o, perda, altera\u00e7\u00e3o, divulga\u00e7\u00e3o ou acesso n\u00e3o autorizado em rela\u00e7\u00e3o ao nosso S\u00edtio. Estas medidas incluem salvaguardas inform\u00e1ticas e ficheiros e instala\u00e7\u00f5es seguros. Os nossos fornecedores de servi\u00e7os s\u00e3o tamb\u00e9m cuidadosamente selecionados e devem utilizar as salvaguardas adequadas no S\u00edtio. Utilizamos a encripta\u00e7\u00e3o SSL padr\u00e3o da ind\u00fastria para proteger as transmiss\u00f5es de dados. A maioria dos browsers actuais suporta o n\u00edvel de seguran\u00e7a necess\u00e1rio para utilizar estas \u00e1reas.   <\/p><ol start=\"5\"><li><strong>Os seus direitos ao abrigo da legisla\u00e7\u00e3o sobre prote\u00e7\u00e3o de dados<\/strong><\/li><\/ol><p>O utilizador tem v\u00e1rios direitos ao abrigo da legisla\u00e7\u00e3o de prote\u00e7\u00e3o de dados. Estes podem incluir (conforme aplic\u00e1vel): <\/p><ul><li>Qualquer pessoa tem o direito de saber e obter informa\u00e7\u00f5es sobre se a CONSULMAR BISSAU est\u00e1 ou n\u00e3o a tratar dados pessoais que lhe digam respeito;<\/li><li>o direito de solicitar o acesso aos dados pessoais, o que significa saber quais os dados que temos sobre si;<\/li><li>o direito de retifica\u00e7\u00e3o, incluindo o direito de nos exigir a corre\u00e7\u00e3o de dados pessoais inexactos;<\/li><li>o direito de solicitar a limita\u00e7\u00e3o do tratamento dos dados que lhe digam respeito ou de se opor ao tratamento dos seus dados pessoais,<\/li><li>o direito de solicitar a elimina\u00e7\u00e3o dos seus dados pessoais quando estes deixarem de ser necess\u00e1rios para os fins para que foram recolhidos;<\/li><li>o direito de se opor ao tratamento dos seus dados, desde que n\u00e3o tenha dado o seu consentimento pr\u00e9vio e n\u00e3o existam motivos leg\u00edtimos imperiosos ou a defesa de eventuais reclama\u00e7\u00f5es;<\/li><li>o direito \u00e0 portabilidade dos dados, incluindo o direito de obter dados pessoais num formato leg\u00edvel por m\u00e1quina de uso corrente em determinadas circunst\u00e2ncias, desde que o tratamento seja automatizado;<\/li><li>o direito de retirar o seu consentimento a qualquer tratamento de dados para o qual tenha dado anteriormente o seu consentimento.<\/li><\/ul><p>Pode solicitar os seus direitos escrevendo para o endere\u00e7o de correio eletr\u00f3nico criado para o efeito <em>rgpd@zubicar.es<\/em><em> <\/em>ou fazer qualquer pergunta sobre os seus direitos utilizando os canais de contacto identificados na introdu\u00e7\u00e3o.<\/p><p>Para processar o pedido de direitos, ser\u00e1 necess\u00e1rio verificar a identidade do requerente e verificar se \u00e9 o propriet\u00e1rio dos dados, pelo que nesta comunica\u00e7\u00e3o deve incluir nome, apelido, pedido espec\u00edfico do pedido e o endere\u00e7o para o qual deseja ser notificado da resposta. Se necess\u00e1rio, poderemos solicitar uma c\u00f3pia do documento comprovativo da sua identidade. <\/p><p>CONSULMAR BISSAU pode fornecer a qualquer pessoa que o solicite um formul\u00e1rio adequado para o ajudar a solicitar os seus direitos, em conformidade com as disposi\u00e7\u00f5es da Lei Org\u00e2nica 3\/2018 sobre a Prote\u00e7\u00e3o de Dados Pessoais e a Garantia dos Direitos Digitais.<\/p><p>No caso de necessitar de proteger os seus direitos, a autoridade de controlo \u00e9 a Ag\u00eancia Espanhola de Prote\u00e7\u00e3o de Dados, cujo s\u00edtio Web \u00e9<a href=\"http:\/\/www.aepd.es\/\"> www.aepd.es<\/a> e cujo endere\u00e7o \u00e9 Calle Jorge Juan 6 em Madrid, c\u00f3digo postal 28001.<\/p><ol start=\"6\"><li><strong>Links<\/strong><\/li><\/ol><p>O site da CONSULMAR TRAVEL pode incluir hiperliga\u00e7\u00f5es para outros sites que n\u00e3o s\u00e3o operados ou controlados pela CONSULMAR TRAVEL AGENCY. Por conseguinte, a CONSULMAR BISSAU n\u00e3o garante, nem \u00e9 respons\u00e1vel pela legalidade, fiabilidade, utilidade, veracidade e atualidade dos conte\u00fados desses sites ou das suas pr\u00e1ticas de privacidade. Antes de fornecer as suas informa\u00e7\u00f5es pessoais a estes websites que n\u00e3o sejam da CONSULMAR BISSAU, tenha em aten\u00e7\u00e3o que a sua conformidade com a prote\u00e7\u00e3o de dados pode ser diferente da nossa.  <\/p><ol start=\"7\"><li><strong>Atualiza\u00e7\u00e3o e altera\u00e7\u00f5es \u00e0 presente Pol\u00edtica de Privacidade<\/strong><\/li><\/ol><p>O texto da presente pol\u00edtica de privacidade foi atualizado em dezembro de 2024.<\/p><p>A CONSULMAR BISSAU pode modificar a sua Pol\u00edtica de Privacidade sem aviso pr\u00e9vio, de acordo com a legisla\u00e7\u00e3o aplic\u00e1vel em cada momento e de acordo com as altera\u00e7\u00f5es que ocorram no seu sistema de gest\u00e3o de privacidade.<\/p>\t\t\t\t\t\t\t\t<\/div>\n\t\t\t\t<\/div>\n\t\t\t\t\t<\/div>\n\t\t<\/div>\n\t\t\t\t\t<\/div>\n\t\t<\/section>\n\t\t\t\t<\/div>\n\t\t","protected":false},"excerpt":{"rendered":"<p>Pol\u00edtica de privacidade Introdu\u00e7\u00e3o \u00e0 pol\u00edtica de privacidade Este s\u00edtio Web (www.consulmartravel.com) pertence e \u00e9 gerido pela CONSULMAR BISSAU, que \u00e9 respons\u00e1vel pelo tratamento dos dados pessoais referidos na presente&hellip;<\/p>\n","protected":false},"author":4,"featured_media":0,"parent":0,"menu_order":0,"comment_status":"closed","ping_status":"closed","template":"","meta":{"footnotes":""},"class_list":["post-27942","page","type-page","status-publish","hentry"],"yoast_head":"<!-- This site is optimized with the Yoast SEO plugin v25.5 - https:\/\/yoast.com\/wordpress\/plugins\/seo\/ -->\n<title>Pol\u00edtica de privacidade - Consulmar Travel<\/title>\n<meta name=\"robots\" content=\"index, follow, max-snippet:-1, max-image-preview:large, max-video-preview:-1\" \/>\n<link rel=\"canonical\" href=\"https:\/\/www.consulmartravel.com\/pt-pt\/politica-de-privacidade\/\" \/>\n<meta property=\"og:locale\" content=\"pt_PT\" \/>\n<meta property=\"og:type\" content=\"article\" \/>\n<meta property=\"og:title\" content=\"Pol\u00edtica de privacidade - Consulmar Travel\" \/>\n<meta property=\"og:description\" content=\"Pol\u00edtica de privacidade Introdu\u00e7\u00e3o \u00e0 pol\u00edtica de privacidade Este s\u00edtio Web (www.consulmartravel.com) pertence e \u00e9 gerido pela CONSULMAR BISSAU, que \u00e9 respons\u00e1vel pelo tratamento dos dados pessoais referidos na presente&hellip;\" \/>\n<meta property=\"og:url\" content=\"https:\/\/www.consulmartravel.com\/pt-pt\/politica-de-privacidade\/\" \/>\n<meta property=\"og:site_name\" content=\"Consulmar Travel\" \/>\n<meta property=\"article:modified_time\" content=\"2025-07-13T20:21:50+00:00\" \/>\n<meta name=\"twitter:card\" content=\"summary_large_image\" \/>\n<meta name=\"twitter:label1\" content=\"Tempo estimado de leitura\" \/>\n\t<meta name=\"twitter:data1\" content=\"9 minutos\" \/>\n<script type=\"application\/ld+json\" class=\"yoast-schema-graph\">{\"@context\":\"https:\/\/schema.org\",\"@graph\":[{\"@type\":\"WebPage\",\"@id\":\"https:\/\/www.consulmartravel.com\/pt-pt\/politica-de-privacidade\/\",\"url\":\"https:\/\/www.consulmartravel.com\/pt-pt\/politica-de-privacidade\/\",\"name\":\"Pol\u00edtica de privacidade - Consulmar Travel\",\"isPartOf\":{\"@id\":\"https:\/\/www.consulmartravel.com\/#website\"},\"datePublished\":\"2023-09-19T07:49:48+00:00\",\"dateModified\":\"2025-07-13T20:21:50+00:00\",\"breadcrumb\":{\"@id\":\"https:\/\/www.consulmartravel.com\/pt-pt\/politica-de-privacidade\/#breadcrumb\"},\"inLanguage\":\"pt-PT\",\"potentialAction\":[{\"@type\":\"ReadAction\",\"target\":[\"https:\/\/www.consulmartravel.com\/pt-pt\/politica-de-privacidade\/\"]}]},{\"@type\":\"BreadcrumbList\",\"@id\":\"https:\/\/www.consulmartravel.com\/pt-pt\/politica-de-privacidade\/#breadcrumb\",\"itemListElement\":[{\"@type\":\"ListItem\",\"position\":1,\"name\":\"Portada\",\"item\":\"https:\/\/www.consulmartravel.com\/\"},{\"@type\":\"ListItem\",\"position\":2,\"name\":\"Pol\u00edtica de privacidade\"}]},{\"@type\":\"WebSite\",\"@id\":\"https:\/\/www.consulmartravel.com\/#website\",\"url\":\"https:\/\/www.consulmartravel.com\/\",\"name\":\"Consulmar Travel\",\"description\":\"Descubre la Magia de Guinea-Bissau y el Archipi\u00e9lago Bijag\u00f3s\",\"publisher\":{\"@id\":\"https:\/\/www.consulmartravel.com\/#organization\"},\"potentialAction\":[{\"@type\":\"SearchAction\",\"target\":{\"@type\":\"EntryPoint\",\"urlTemplate\":\"https:\/\/www.consulmartravel.com\/?s={search_term_string}\"},\"query-input\":{\"@type\":\"PropertyValueSpecification\",\"valueRequired\":true,\"valueName\":\"search_term_string\"}}],\"inLanguage\":\"pt-PT\"},{\"@type\":\"Organization\",\"@id\":\"https:\/\/www.consulmartravel.com\/#organization\",\"name\":\"Consulmar Travel\",\"url\":\"https:\/\/www.consulmartravel.com\/\",\"logo\":{\"@type\":\"ImageObject\",\"inLanguage\":\"pt-PT\",\"@id\":\"https:\/\/www.consulmartravel.com\/#\/schema\/logo\/image\/\",\"url\":\"https:\/\/www.consulmartravel.com\/wp-content\/uploads\/2025\/01\/Logo_2001_02.png\",\"contentUrl\":\"https:\/\/www.consulmartravel.com\/wp-content\/uploads\/2025\/01\/Logo_2001_02.png\",\"width\":2352,\"height\":1429,\"caption\":\"Consulmar Travel\"},\"image\":{\"@id\":\"https:\/\/www.consulmartravel.com\/#\/schema\/logo\/image\/\"},\"sameAs\":[\"https:\/\/www.instagram.com\/consulmar_travel\/\",\"https:\/\/www.youtube.com\/@consulmartravel\"]}]}<\/script>\n<!-- \/ Yoast SEO plugin. -->","yoast_head_json":{"title":"Pol\u00edtica de privacidade - Consulmar Travel","robots":{"index":"index","follow":"follow","max-snippet":"max-snippet:-1","max-image-preview":"max-image-preview:large","max-video-preview":"max-video-preview:-1"},"canonical":"https:\/\/www.consulmartravel.com\/pt-pt\/politica-de-privacidade\/","og_locale":"pt_PT","og_type":"article","og_title":"Pol\u00edtica de privacidade - Consulmar Travel","og_description":"Pol\u00edtica de privacidade Introdu\u00e7\u00e3o \u00e0 pol\u00edtica de privacidade Este s\u00edtio Web (www.consulmartravel.com) pertence e \u00e9 gerido pela CONSULMAR BISSAU, que \u00e9 respons\u00e1vel pelo tratamento dos dados pessoais referidos na presente&hellip;","og_url":"https:\/\/www.consulmartravel.com\/pt-pt\/politica-de-privacidade\/","og_site_name":"Consulmar Travel","article_modified_time":"2025-07-13T20:21:50+00:00","twitter_card":"summary_large_image","twitter_misc":{"Tempo estimado de leitura":"9 minutos"},"schema":{"@context":"https:\/\/schema.org","@graph":[{"@type":"WebPage","@id":"https:\/\/www.consulmartravel.com\/pt-pt\/politica-de-privacidade\/","url":"https:\/\/www.consulmartravel.com\/pt-pt\/politica-de-privacidade\/","name":"Pol\u00edtica de privacidade - Consulmar Travel","isPartOf":{"@id":"https:\/\/www.consulmartravel.com\/#website"},"datePublished":"2023-09-19T07:49:48+00:00","dateModified":"2025-07-13T20:21:50+00:00","breadcrumb":{"@id":"https:\/\/www.consulmartravel.com\/pt-pt\/politica-de-privacidade\/#breadcrumb"},"inLanguage":"pt-PT","potentialAction":[{"@type":"ReadAction","target":["https:\/\/www.consulmartravel.com\/pt-pt\/politica-de-privacidade\/"]}]},{"@type":"BreadcrumbList","@id":"https:\/\/www.consulmartravel.com\/pt-pt\/politica-de-privacidade\/#breadcrumb","itemListElement":[{"@type":"ListItem","position":1,"name":"Portada","item":"https:\/\/www.consulmartravel.com\/"},{"@type":"ListItem","position":2,"name":"Pol\u00edtica de privacidade"}]},{"@type":"WebSite","@id":"https:\/\/www.consulmartravel.com\/#website","url":"https:\/\/www.consulmartravel.com\/","name":"Consulmar Travel","description":"Descubre la Magia de Guinea-Bissau y el Archipi\u00e9lago Bijag\u00f3s","publisher":{"@id":"https:\/\/www.consulmartravel.com\/#organization"},"potentialAction":[{"@type":"SearchAction","target":{"@type":"EntryPoint","urlTemplate":"https:\/\/www.consulmartravel.com\/?s={search_term_string}"},"query-input":{"@type":"PropertyValueSpecification","valueRequired":true,"valueName":"search_term_string"}}],"inLanguage":"pt-PT"},{"@type":"Organization","@id":"https:\/\/www.consulmartravel.com\/#organization","name":"Consulmar Travel","url":"https:\/\/www.consulmartravel.com\/","logo":{"@type":"ImageObject","inLanguage":"pt-PT","@id":"https:\/\/www.consulmartravel.com\/#\/schema\/logo\/image\/","url":"https:\/\/www.consulmartravel.com\/wp-content\/uploads\/2025\/01\/Logo_2001_02.png","contentUrl":"https:\/\/www.consulmartravel.com\/wp-content\/uploads\/2025\/01\/Logo_2001_02.png","width":2352,"height":1429,"caption":"Consulmar Travel"},"image":{"@id":"https:\/\/www.consulmartravel.com\/#\/schema\/logo\/image\/"},"sameAs":["https:\/\/www.instagram.com\/consulmar_travel\/","https:\/\/www.youtube.com\/@consulmartravel"]}]}},"_links":{"self":[{"href":"https:\/\/www.consulmartravel.com\/pt-pt\/wp-json\/wp\/v2\/pages\/27942","targetHints":{"allow":["GET"]}}],"collection":[{"href":"https:\/\/www.consulmartravel.com\/pt-pt\/wp-json\/wp\/v2\/pages"}],"about":[{"href":"https:\/\/www.consulmartravel.com\/pt-pt\/wp-json\/wp\/v2\/types\/page"}],"author":[{"embeddable":true,"href":"https:\/\/www.consulmartravel.com\/pt-pt\/wp-json\/wp\/v2\/users\/4"}],"replies":[{"embeddable":true,"href":"https:\/\/www.consulmartravel.com\/pt-pt\/wp-json\/wp\/v2\/comments?post=27942"}],"version-history":[{"count":1,"href":"https:\/\/www.consulmartravel.com\/pt-pt\/wp-json\/wp\/v2\/pages\/27942\/revisions"}],"predecessor-version":[{"id":27943,"href":"https:\/\/www.consulmartravel.com\/pt-pt\/wp-json\/wp\/v2\/pages\/27942\/revisions\/27943"}],"wp:attachment":[{"href":"https:\/\/www.consulmartravel.com\/pt-pt\/wp-json\/wp\/v2\/media?parent=27942"}],"curies":[{"name":"wp","href":"https:\/\/api.w.org\/{rel}","templated":true}]}}