{"id":28012,"date":"2025-01-21T11:56:39","date_gmt":"2025-01-21T10:56:39","guid":{"rendered":"https:\/\/www.consulmartravel.com\/politica-de-cookies\/"},"modified":"2025-07-14T13:34:18","modified_gmt":"2025-07-14T11:34:18","slug":"politica-de-cookies","status":"publish","type":"page","link":"https:\/\/www.consulmartravel.com\/pt-pt\/politica-de-cookies\/","title":{"rendered":"Pol\u00edtica de cookies"},"content":{"rendered":"&#13;\n<p>A <strong>Consulmar Bissau<\/strong> informa que o nosso site utiliza cookies para analisar a navega\u00e7\u00e3o dos utilizadores.<\/p>&#13;\n&#13;\n<p><strong>O que s\u00e3o bolachas?<\/strong><br\/>Os cookies s\u00e3o ficheiros que s\u00e3o instalados no computador a partir do qual acede ao nosso s\u00edtio Web. Gra\u00e7as aos cookies, podemos recolher informa\u00e7\u00f5es sobre os h\u00e1bitos de navega\u00e7\u00e3o dos utilizadores e utilizar essas informa\u00e7\u00f5es para lhe oferecer um melhor servi\u00e7o. A utiliza\u00e7\u00e3o mais comum \u00e9 a recolha de informa\u00e7\u00f5es estat\u00edsticas. Praticamente todos os s\u00edtios Web utilizam cookies.   <\/p>&#13;\n&#13;\n<p>Neste s\u00edtio Web s\u00e3o utilizadas as seguintes categorias de cookies:<\/p>&#13;\n&#13;\n<p><strong>Cookies estritamente necess\u00e1rios<\/strong><\/p>&#13;\n&#13;\n<p>Permitem ao utilizador navegar atrav\u00e9s de um site, plataforma ou aplica\u00e7\u00e3o e utilizar as diferentes op\u00e7\u00f5es ou servi\u00e7os existentes no mesmo, como, por exemplo, controlar o tr\u00e1fego e a comunica\u00e7\u00e3o de dados, identificar a sess\u00e3o, aceder a \u00e1reas restritas, recordar os elementos que comp\u00f5em uma encomenda, realizar o processo de compra de uma encomenda ou utilizar elementos de seguran\u00e7a durante a navega\u00e7\u00e3o.<\/p>&#13;\n&#13;\n<figure class=\"wp-block-table\">&#13;\n<table class=\"has-fixed-layout\">&#13;\n<thead>&#13;\n<tr>&#13;\n<td colspan=\"3\"><strong>Cookies estritamente necess\u00e1rios<\/strong><\/td>&#13;\n<td colspan=\"2\">\u00a0<\/td>&#13;\n<\/tr>&#13;\n<tr>&#13;\n<td><strong>Subgrupo de bolachas<\/strong><\/td>&#13;\n<td><strong>Cookies<\/strong><\/td>&#13;\n<td colspan=\"2\"><strong>Cookies utilizados<\/strong><\/td>&#13;\n<td><strong>Vida \u00fatil<\/strong><\/td>&#13;\n<\/tr>&#13;\n<\/thead>&#13;\n<tbody>&#13;\n<tr>&#13;\n<td>consulmarbissau.com<\/td>&#13;\n<td><a href=\"https:\/\/cookiepedia.co.uk\/cookies\/OptanonConsent\" target=\"_blank\" rel=\"noreferrer noopener\">OptanonConsent <\/a>, <a href=\"https:\/\/cookiepedia.co.uk\/cookies\/OptanonAlertBoxClosed\" target=\"_blank\" rel=\"noreferrer noopener\">OptanonAlertBoxClosed <\/a>, <a href=\"https:\/\/cookiepedia.co.uk\/cookies\/eupubconsent\" target=\"_blank\" rel=\"noreferrer noopener\">eupubconsent<\/a><\/td>&#13;\n<td colspan=\"2\">Pr\u00f3prio<\/td>&#13;\n<td>364 D\u00edas, 364 D\u00edas, 2914193 D\u00edas<\/td>&#13;\n<\/tr>&#13;\n<tr>&#13;\n<td>www.consulmarbissau.com<\/td>&#13;\n<td><a href=\"https:\/\/cookiepedia.co.uk\/cookies\/adaptive_image\" target=\"_blank\" rel=\"noreferrer noopener\">adaptive_image <\/a>, <a href=\"https:\/\/cookiepedia.co.uk\/cookies\/has_js\" target=\"_blank\" rel=\"noreferrer noopener\">has_js<\/a><\/td>&#13;\n<td colspan=\"2\">Pr\u00f3prio<\/td>&#13;\n<td>364 D\u00edas, 364 D\u00edas<\/td>&#13;\n<\/tr>&#13;\n<tr>&#13;\n<td><a href=\"https:\/\/cookiepedia.co.uk\/host\/cookiepro.com\" target=\"_blank\" rel=\"noreferrer noopener\">cookiepro.com<\/a><\/td>&#13;\n<td>__cfduid<\/td>&#13;\n<td colspan=\"2\">Terceiro<\/td>&#13;\n<td>1122 D\u00edas<\/td>&#13;\n<\/tr>&#13;\n<tr>&#13;\n<td>\u00a0<\/td>&#13;\n<td>\u00a0<\/td>&#13;\n<td>\u00a0<\/td>&#13;\n<td>\u00a0<\/td>&#13;\n<td>\u00a0<\/td>&#13;\n<\/tr>&#13;\n<\/tbody>&#13;\n<\/table>&#13;\n<\/figure>&#13;\n&#13;\n<p><strong>Cookies anal\u00edticos<\/strong><\/p>&#13;\n&#13;\n<p>S\u00e3o utilizados para analisar os h\u00e1bitos de navega\u00e7\u00e3o dos utilizadores, a fim de otimizar as funcionalidades e a manuten\u00e7\u00e3o t\u00e9cnica e operacional e garantir a melhor experi\u00eancia poss\u00edvel.<\/p>&#13;\n&#13;\n<figure class=\"wp-block-table\">&#13;\n<table class=\"has-fixed-layout\">&#13;\n<thead>&#13;\n<tr>&#13;\n<td colspan=\"5\"><strong>Cookies anal\u00edticos<\/strong><\/td>&#13;\n<\/tr>&#13;\n<tr>&#13;\n<td><strong>Subgrupo de bolachas<\/strong><\/td>&#13;\n<td><strong>Cookies<\/strong><\/td>&#13;\n<td><strong>Cookies utilizados<\/strong><\/td>&#13;\n<td><strong>Vida \u00fatil<\/strong><\/td>&#13;\n<td>\u00a0<\/td>&#13;\n<\/tr>&#13;\n<\/thead>&#13;\n<tbody>&#13;\n<tr>&#13;\n<td>consulmartravel.com<\/td>&#13;\n<td><a href=\"https:\/\/cookiepedia.co.uk\/cookies\/_ga\" target=\"_blank\" rel=\"noreferrer noopener\">_ga <\/a>, <a href=\"https:\/\/cookiepedia.co.uk\/cookies\/_ga_xxxxxxxxxx\" target=\"_blank\" rel=\"noreferrer noopener\">_ga_xxxxxxxxxx <\/a>, <a href=\"https:\/\/cookiepedia.co.uk\/cookies\/_gid\" target=\"_blank\" rel=\"noreferrer noopener\">_gid <\/a>, <a href=\"https:\/\/cookiepedia.co.uk\/cookies\/_gat\" target=\"_blank\" rel=\"noreferrer noopener\">_gat<\/a><\/td>&#13;\n<td>Pr\u00f3prio<\/td>&#13;\n<td>399 D\u00edas, 399 D\u00edas, Algunos segundos, Algunos segundos<\/td>&#13;\n<td>\u00a0<\/td>&#13;\n<\/tr>&#13;\n<\/tbody>&#13;\n<\/table>&#13;\n<\/figure>&#13;\n&#13;\n<p><strong>Cookies de personaliza\u00e7\u00e3o<\/strong><\/p>&#13;\n&#13;\n<p>Permitem recordar informa\u00e7\u00f5es para que o utilizador possa aceder ao servi\u00e7o com determinadas carater\u00edsticas que podem diferenciar a sua experi\u00eancia da de outros utilizadores, como, por exemplo, a l\u00edngua, o n\u00famero de resultados a apresentar quando o utilizador efectua uma pesquisa, o aspeto ou o conte\u00fado do servi\u00e7o em fun\u00e7\u00e3o do tipo de navegador utilizado.<\/p>&#13;\n&#13;\n<figure class=\"wp-block-table\">&#13;\n<table class=\"has-fixed-layout\">&#13;\n<thead>&#13;\n<tr>&#13;\n<td colspan=\"5\"><strong>Cookies de personaliza\u00e7\u00e3o<\/strong><\/td>&#13;\n<\/tr>&#13;\n<tr>&#13;\n<td><strong>Subgrupo de bolachas<\/strong><\/td>&#13;\n<td><strong>Cookies<\/strong><\/td>&#13;\n<td><strong>Cookies utilizados<\/strong><\/td>&#13;\n<td><strong>Vida \u00fatil<\/strong><\/td>&#13;\n<td>\u00a0<\/td>&#13;\n<\/tr>&#13;\n<\/thead>&#13;\n<tbody>&#13;\n<tr>&#13;\n<td>consulmartravel.com<\/td>&#13;\n<td><a href=\"https:\/\/cookiepedia.co.uk\/cookies\/has_js\" target=\"_blank\" rel=\"noreferrer noopener\">has_js<\/a><\/td>&#13;\n<td>Pr\u00f3prio<\/td>&#13;\n<td>364 D\u00edas<\/td>&#13;\n<td>\u00a0<\/td>&#13;\n<\/tr>&#13;\n<\/tbody>&#13;\n<\/table>&#13;\n<\/figure>&#13;\n&#13;\n<p><strong>Cookies de publicidade<\/strong><\/p>&#13;\n&#13;\n<p>S\u00e3o aqueles que permitem armazenar informa\u00e7\u00e3o sobre o comportamento do utilizador obtida atrav\u00e9s da observa\u00e7\u00e3o cont\u00ednua dos seus h\u00e1bitos de navega\u00e7\u00e3o, o que permite desenvolver um perfil de utilizador espec\u00edfico. Desta forma, s\u00e3o utilizados para personalizar as campanhas publicit\u00e1rias de acordo com as prefer\u00eancias do utilizador. <\/p>&#13;\n&#13;\n<figure class=\"wp-block-table\">&#13;\n<table class=\"has-fixed-layout\">&#13;\n<thead>&#13;\n<tr>&#13;\n<td colspan=\"5\"><strong>Cookies de publicidade<\/strong><\/td>&#13;\n<\/tr>&#13;\n<tr>&#13;\n<td><strong>Subgrupo de bolachas<\/strong><\/td>&#13;\n<td><strong>Cookies<\/strong><\/td>&#13;\n<td><strong>Cookies utilizados<\/strong><\/td>&#13;\n<td><strong>Vida \u00fatil<\/strong><\/td>&#13;\n<td>\u00a0<\/td>&#13;\n<\/tr>&#13;\n<\/thead>&#13;\n<tbody>&#13;\n<tr>&#13;\n<td><a href=\"https:\/\/cookiepedia.co.uk\/host\/youtube-nocookie.com\" target=\"_blank\" rel=\"noreferrer noopener\">youtube-nocookie.com<\/a><\/td>&#13;\n<td>CONSENT<\/td>&#13;\n<td>Terceiro<\/td>&#13;\n<td>6170 D\u00edas<\/td>&#13;\n<td>\u00a0<\/td>&#13;\n<\/tr>&#13;\n<tr>&#13;\n<td><a href=\"https:\/\/cookiepedia.co.uk\/host\/www.youtube.com\" target=\"_blank\" rel=\"noreferrer noopener\">www.youtube.com<\/a><\/td>&#13;\n<td>TESTCOOKIESENABLED<\/td>&#13;\n<td>Terceiro<\/td>&#13;\n<td>Alguns segundos<\/td>&#13;\n<td>\u00a0<\/td>&#13;\n<\/tr>&#13;\n<tr>&#13;\n<td><a href=\"https:\/\/cookiepedia.co.uk\/host\/youtube.com\" target=\"_blank\" rel=\"noreferrer noopener\">youtube.com<\/a><\/td>&#13;\n<td>VISITOR_PRIVACY_METADATA, YSC, VISITOR_INFO1_LIVE, GPS, CONSENT<\/td>&#13;\n<td>Terceiro<\/td>&#13;\n<td>179 D\u00edas, 364 D\u00edas, 179 D\u00edas, Algunos segundos, 729 D\u00edas<\/td>&#13;\n<td>\u00a0<\/td>&#13;\n<\/tr>&#13;\n<\/tbody>&#13;\n<\/table>&#13;\n<\/figure>&#13;\n&#13;\n<p>Configurar<\/p>&#13;\n&#13;\n<p><strong>Google:<\/strong><\/p>&#13;\n&#13;\n<p>Utilizamos os servi\u00e7os do Google Analytics, Google Maps e Youtube. A utiliza\u00e7\u00e3o destas ferramentas significa que a Google utiliza cookies para recolher informa\u00e7\u00f5es sobre a utiliza\u00e7\u00e3o do nosso s\u00edtio Web. Os cookies s\u00e3o utilizados para recolher informa\u00e7\u00f5es demogr\u00e1ficas e informa\u00e7\u00f5es sobre os interesses do utilizador que visita o s\u00edtio Web, bem como a utiliza\u00e7\u00e3o e o comportamento do utilizador no s\u00edtio Web, incluindo informa\u00e7\u00f5es que ligam a sua visita ao nosso s\u00edtio Web \u00e0 sua conta Google, se tiver sess\u00e3o iniciada.  <\/p>&#13;\n&#13;\n<p>A Google utiliza alguns destes cookies com o objetivo de aumentar a efic\u00e1cia da publicidade, como as funcionalidades do Google Analytics que implementou para a publicidade visual (remarketing, relat\u00f3rios de impress\u00f5es da Rede de Display da Google, integra\u00e7\u00e3o do DoubleClick Campaign Manager ou relat\u00f3rios demogr\u00e1ficos e de interesses do Google Analytics). As informa\u00e7\u00f5es sobre a sua utiliza\u00e7\u00e3o do nosso s\u00edtio, incluindo o seu endere\u00e7o IP, podem ser transmitidas e armazenadas pela Google nos seus servidores. <\/p>&#13;\n&#13;\n<p>Pode consultar mais informa\u00e7\u00f5es sobre a utiliza\u00e7\u00e3o dos seus cookies e a sua pol\u00edtica de privacidade nas liga\u00e7\u00f5es seguintes.<\/p>&#13;\n\r\n<ul class=\"wp-block-list\">&#13;\n<li><a href=\"http:\/\/www.google.es\/intl\/es\/policies\/privacy\/\" target=\"_blank\" rel=\"noreferrer noopener\">Pol\u00edtica de privacidade da Google<\/a><\/li>&#13;\n\r\n\r\n&#13;\n<li><a href=\"https:\/\/www.google.es\/intl\/es\/policies\/technologies\/cookies\/\" target=\"_blank\" rel=\"noreferrer noopener\">Como \u00e9 que o Google utiliza os cookies<\/a><\/li>&#13;\n\r\n\r\n&#13;\n<li><a href=\"http:\/\/www.google.es\/intl\/es\/policies\/technologies\/types\/\" target=\"_blank\" rel=\"noreferrer noopener\">Tipos de cookies utilizados pela Google<\/a><\/li>&#13;\n<\/ul>\r\n&#13;\n<p><br\/><strong>Para que s\u00e3o utilizados os dados?<\/strong><br\/>A informa\u00e7\u00e3o obtida atrav\u00e9s da utiliza\u00e7\u00e3o destes cookies \u00e9 utilizada para melhorar o nosso s\u00edtio Web, detetar novas necessidades e avaliar as melhorias a efetuar para prestar um melhor servi\u00e7o.<\/p>&#13;\n&#13;\n<p><br\/><strong>Como gerir os cookies?<\/strong><br\/>Se desejar permitir, bloquear ou eliminar os cookies, tanto do nosso s\u00edtio Web como de outros s\u00edtios Web, instalados no seu computador, pode faz\u00ea-lo configurando as op\u00e7\u00f5es do navegador instalado no seu computador. Os browsers mais comuns s\u00e3o: <\/p>&#13;\n\r\n<ul class=\"wp-block-list\">&#13;\n<li>Firefox: <a href=\"https:\/\/support.mozilla.org\/es\/kb\/habilitar-y-deshabilitar-cookies-que-los-sitios-we\" target=\"_blank\" rel=\"noreferrer noopener\">https:\/\/support.mozilla.org\/es\/kb\/habilitar-y-deshabilitar-cookies-que-los-sitios-we<\/a><\/li>&#13;\n\r\n\r\n&#13;\n<li>Chrome: <a href=\"https:\/\/support.google.com\/chrome\/answer\/95647?hl=es\" target=\"_blank\" rel=\"noreferrer noopener\">https:\/\/support.google.com\/chrome\/answer\/95647?hl=es<\/a><\/li>&#13;\n\r\n\r\n&#13;\n<li>Explorer: <a href=\"http:\/\/windows.microsoft.com\/es-es\/windows7\/how-to-manage-cookies-in-internet-explorer-9\" target=\"_blank\" rel=\"noreferrer noopener\">http:\/\/windows.microsoft.com\/es-es\/windows7\/how-to-manage-cookies-in-internet-explorer-9<\/a><\/li>&#13;\n\r\n\r\n&#13;\n<li>Safari: <a href=\"http:\/\/support.apple.com\/kb\/ph5042\" target=\"_blank\" rel=\"noreferrer noopener\">http:\/\/support.apple.com\/kb\/ph5042<\/a><\/li>&#13;\n\r\n\r\n&#13;\n<li>Opera: <a href=\"http:\/\/help.opera.com\/Windows\/11.50\/es-ES\/cookies.html\">http:\/\/help.opera.com\/Windows\/11.50\/es-ES\/cookies.html<\/a><\/li>&#13;\n<\/ul>\r\n","protected":false},"excerpt":{"rendered":"<p>&#13; A Consulmar Bissau informa que o nosso site utiliza cookies para analisar a navega\u00e7\u00e3o dos utilizadores. &#13; &#13; O que s\u00e3o bolachas?Os cookies s\u00e3o ficheiros que s\u00e3o instalados no&hellip;<\/p>\n","protected":false},"author":1,"featured_media":0,"parent":0,"menu_order":0,"comment_status":"closed","ping_status":"closed","template":"","meta":{"footnotes":""},"class_list":["post-28012","page","type-page","status-publish","hentry"],"yoast_head":"<!-- This site is optimized with the Yoast SEO plugin v25.5 - https:\/\/yoast.com\/wordpress\/plugins\/seo\/ -->\n<title>Pol\u00edtica de cookies - Consulmar Travel<\/title>\n<meta name=\"robots\" content=\"index, follow, max-snippet:-1, max-image-preview:large, max-video-preview:-1\" \/>\n<link rel=\"canonical\" href=\"https:\/\/www.consulmartravel.com\/pt-pt\/politica-de-cookies\/\" \/>\n<meta property=\"og:locale\" content=\"pt_PT\" \/>\n<meta property=\"og:type\" content=\"article\" \/>\n<meta property=\"og:title\" content=\"Pol\u00edtica de cookies - Consulmar Travel\" \/>\n<meta property=\"og:description\" content=\"&#013; A Consulmar Bissau informa que o nosso site utiliza cookies para analisar a navega\u00e7\u00e3o dos utilizadores. &#013; &#013; O que s\u00e3o bolachas?Os cookies s\u00e3o ficheiros que s\u00e3o instalados no&hellip;\" \/>\n<meta property=\"og:url\" content=\"https:\/\/www.consulmartravel.com\/pt-pt\/politica-de-cookies\/\" \/>\n<meta property=\"og:site_name\" content=\"Consulmar Travel\" \/>\n<meta property=\"article:modified_time\" content=\"2025-07-14T11:34:18+00:00\" \/>\n<meta name=\"twitter:card\" content=\"summary_large_image\" \/>\n<meta name=\"twitter:label1\" content=\"Tempo estimado de leitura\" \/>\n\t<meta name=\"twitter:data1\" content=\"4 minutos\" \/>\n<script type=\"application\/ld+json\" class=\"yoast-schema-graph\">{\"@context\":\"https:\/\/schema.org\",\"@graph\":[{\"@type\":\"WebPage\",\"@id\":\"https:\/\/www.consulmartravel.com\/pt-pt\/politica-de-cookies\/\",\"url\":\"https:\/\/www.consulmartravel.com\/pt-pt\/politica-de-cookies\/\",\"name\":\"Pol\u00edtica de cookies - Consulmar Travel\",\"isPartOf\":{\"@id\":\"https:\/\/www.consulmartravel.com\/#website\"},\"datePublished\":\"2025-01-21T10:56:39+00:00\",\"dateModified\":\"2025-07-14T11:34:18+00:00\",\"breadcrumb\":{\"@id\":\"https:\/\/www.consulmartravel.com\/pt-pt\/politica-de-cookies\/#breadcrumb\"},\"inLanguage\":\"pt-PT\",\"potentialAction\":[{\"@type\":\"ReadAction\",\"target\":[\"https:\/\/www.consulmartravel.com\/pt-pt\/politica-de-cookies\/\"]}]},{\"@type\":\"BreadcrumbList\",\"@id\":\"https:\/\/www.consulmartravel.com\/pt-pt\/politica-de-cookies\/#breadcrumb\",\"itemListElement\":[{\"@type\":\"ListItem\",\"position\":1,\"name\":\"Portada\",\"item\":\"https:\/\/www.consulmartravel.com\/\"},{\"@type\":\"ListItem\",\"position\":2,\"name\":\"Pol\u00edtica de cookies\"}]},{\"@type\":\"WebSite\",\"@id\":\"https:\/\/www.consulmartravel.com\/#website\",\"url\":\"https:\/\/www.consulmartravel.com\/\",\"name\":\"Consulmar Travel\",\"description\":\"Descubre la Magia de Guinea-Bissau y el Archipi\u00e9lago Bijag\u00f3s\",\"publisher\":{\"@id\":\"https:\/\/www.consulmartravel.com\/#organization\"},\"potentialAction\":[{\"@type\":\"SearchAction\",\"target\":{\"@type\":\"EntryPoint\",\"urlTemplate\":\"https:\/\/www.consulmartravel.com\/?s={search_term_string}\"},\"query-input\":{\"@type\":\"PropertyValueSpecification\",\"valueRequired\":true,\"valueName\":\"search_term_string\"}}],\"inLanguage\":\"pt-PT\"},{\"@type\":\"Organization\",\"@id\":\"https:\/\/www.consulmartravel.com\/#organization\",\"name\":\"Consulmar Travel\",\"url\":\"https:\/\/www.consulmartravel.com\/\",\"logo\":{\"@type\":\"ImageObject\",\"inLanguage\":\"pt-PT\",\"@id\":\"https:\/\/www.consulmartravel.com\/#\/schema\/logo\/image\/\",\"url\":\"https:\/\/www.consulmartravel.com\/wp-content\/uploads\/2025\/01\/Logo_2001_02.png\",\"contentUrl\":\"https:\/\/www.consulmartravel.com\/wp-content\/uploads\/2025\/01\/Logo_2001_02.png\",\"width\":2352,\"height\":1429,\"caption\":\"Consulmar Travel\"},\"image\":{\"@id\":\"https:\/\/www.consulmartravel.com\/#\/schema\/logo\/image\/\"},\"sameAs\":[\"https:\/\/www.instagram.com\/consulmar_travel\/\",\"https:\/\/www.youtube.com\/@consulmartravel\"]}]}<\/script>\n<!-- \/ Yoast SEO plugin. -->","yoast_head_json":{"title":"Pol\u00edtica de cookies - Consulmar Travel","robots":{"index":"index","follow":"follow","max-snippet":"max-snippet:-1","max-image-preview":"max-image-preview:large","max-video-preview":"max-video-preview:-1"},"canonical":"https:\/\/www.consulmartravel.com\/pt-pt\/politica-de-cookies\/","og_locale":"pt_PT","og_type":"article","og_title":"Pol\u00edtica de cookies - Consulmar Travel","og_description":"&#13; A Consulmar Bissau informa que o nosso site utiliza cookies para analisar a navega\u00e7\u00e3o dos utilizadores. &#13; &#13; O que s\u00e3o bolachas?Os cookies s\u00e3o ficheiros que s\u00e3o instalados no&hellip;","og_url":"https:\/\/www.consulmartravel.com\/pt-pt\/politica-de-cookies\/","og_site_name":"Consulmar Travel","article_modified_time":"2025-07-14T11:34:18+00:00","twitter_card":"summary_large_image","twitter_misc":{"Tempo estimado de leitura":"4 minutos"},"schema":{"@context":"https:\/\/schema.org","@graph":[{"@type":"WebPage","@id":"https:\/\/www.consulmartravel.com\/pt-pt\/politica-de-cookies\/","url":"https:\/\/www.consulmartravel.com\/pt-pt\/politica-de-cookies\/","name":"Pol\u00edtica de cookies - Consulmar Travel","isPartOf":{"@id":"https:\/\/www.consulmartravel.com\/#website"},"datePublished":"2025-01-21T10:56:39+00:00","dateModified":"2025-07-14T11:34:18+00:00","breadcrumb":{"@id":"https:\/\/www.consulmartravel.com\/pt-pt\/politica-de-cookies\/#breadcrumb"},"inLanguage":"pt-PT","potentialAction":[{"@type":"ReadAction","target":["https:\/\/www.consulmartravel.com\/pt-pt\/politica-de-cookies\/"]}]},{"@type":"BreadcrumbList","@id":"https:\/\/www.consulmartravel.com\/pt-pt\/politica-de-cookies\/#breadcrumb","itemListElement":[{"@type":"ListItem","position":1,"name":"Portada","item":"https:\/\/www.consulmartravel.com\/"},{"@type":"ListItem","position":2,"name":"Pol\u00edtica de cookies"}]},{"@type":"WebSite","@id":"https:\/\/www.consulmartravel.com\/#website","url":"https:\/\/www.consulmartravel.com\/","name":"Consulmar Travel","description":"Descubre la Magia de Guinea-Bissau y el Archipi\u00e9lago Bijag\u00f3s","publisher":{"@id":"https:\/\/www.consulmartravel.com\/#organization"},"potentialAction":[{"@type":"SearchAction","target":{"@type":"EntryPoint","urlTemplate":"https:\/\/www.consulmartravel.com\/?s={search_term_string}"},"query-input":{"@type":"PropertyValueSpecification","valueRequired":true,"valueName":"search_term_string"}}],"inLanguage":"pt-PT"},{"@type":"Organization","@id":"https:\/\/www.consulmartravel.com\/#organization","name":"Consulmar Travel","url":"https:\/\/www.consulmartravel.com\/","logo":{"@type":"ImageObject","inLanguage":"pt-PT","@id":"https:\/\/www.consulmartravel.com\/#\/schema\/logo\/image\/","url":"https:\/\/www.consulmartravel.com\/wp-content\/uploads\/2025\/01\/Logo_2001_02.png","contentUrl":"https:\/\/www.consulmartravel.com\/wp-content\/uploads\/2025\/01\/Logo_2001_02.png","width":2352,"height":1429,"caption":"Consulmar Travel"},"image":{"@id":"https:\/\/www.consulmartravel.com\/#\/schema\/logo\/image\/"},"sameAs":["https:\/\/www.instagram.com\/consulmar_travel\/","https:\/\/www.youtube.com\/@consulmartravel"]}]}},"_links":{"self":[{"href":"https:\/\/www.consulmartravel.com\/pt-pt\/wp-json\/wp\/v2\/pages\/28012","targetHints":{"allow":["GET"]}}],"collection":[{"href":"https:\/\/www.consulmartravel.com\/pt-pt\/wp-json\/wp\/v2\/pages"}],"about":[{"href":"https:\/\/www.consulmartravel.com\/pt-pt\/wp-json\/wp\/v2\/types\/page"}],"author":[{"embeddable":true,"href":"https:\/\/www.consulmartravel.com\/pt-pt\/wp-json\/wp\/v2\/users\/1"}],"replies":[{"embeddable":true,"href":"https:\/\/www.consulmartravel.com\/pt-pt\/wp-json\/wp\/v2\/comments?post=28012"}],"version-history":[{"count":1,"href":"https:\/\/www.consulmartravel.com\/pt-pt\/wp-json\/wp\/v2\/pages\/28012\/revisions"}],"predecessor-version":[{"id":28013,"href":"https:\/\/www.consulmartravel.com\/pt-pt\/wp-json\/wp\/v2\/pages\/28012\/revisions\/28013"}],"wp:attachment":[{"href":"https:\/\/www.consulmartravel.com\/pt-pt\/wp-json\/wp\/v2\/media?parent=28012"}],"curies":[{"name":"wp","href":"https:\/\/api.w.org\/{rel}","templated":true}]}}